{"id":76745,"date":"2023-05-30T12:28:52","date_gmt":"2023-05-30T10:28:52","guid":{"rendered":"https:\/\/www.dammos.com\/disclaimer\/"},"modified":"2025-04-28T21:14:48","modified_gmt":"2025-04-28T18:14:48","slug":"disclaimer","status":"publish","type":"page","link":"https:\/\/www.dammos.com\/it\/disclaimer\/","title":{"rendered":"Responsabilit\u00e0"},"content":{"rendered":"<div data-elementor-type=\"wp-page\" data-elementor-id=\"76745\" class=\"elementor elementor-76745\">\n\t\t\t\t<div class=\"elementor-element elementor-element-1a7604b4 e-flex e-con-boxed e-con e-parent\" data-id=\"1a7604b4\" data-element_type=\"container\" data-e-type=\"container\">\n\t\t\t\t\t<div class=\"e-con-inner\">\n\t\t\t\t<div class=\"elementor-element elementor-element-8ea3b48 elementor-widget elementor-widget-heading\" data-id=\"8ea3b48\" data-element_type=\"widget\" data-e-type=\"widget\" data-widget_type=\"heading.default\">\n\t\t\t\t<div class=\"elementor-widget-container\">\n\t\t\t\t\t<h3 class=\"elementor-heading-title elementor-size-default\">Responsabilit\u00e0<\/h3>\t\t\t\t<\/div>\n\t\t\t\t<\/div>\n\t\t\t\t<div class=\"elementor-element elementor-element-637284f3 elementor-widget elementor-widget-shortcode\" data-id=\"637284f3\" data-element_type=\"widget\" data-e-type=\"widget\" data-widget_type=\"shortcode.default\">\n\t\t\t\t<div class=\"elementor-widget-container\">\n\t\t\t\t\t\t\t<div class=\"elementor-shortcode\">\n<!-- Legal document generated by Complianz | GDPR\/CCPA Cookie Consent https:\/\/wordpress.org\/plugins\/complianz-gdpr -->\n<div id=\"cmplz-document\" class=\"cmplz-document disclaimer cmplz-document-all\"><p>Ma\u017eena Giedryt\u0117 si impegna a mantenere questo sito aggiornato e accurato. Se dovessi comunque riscontrare qualcosa di incorretto o non aggiornato, ti saremo grati se potrai farcelo sapere. Sei pregato di indicare in quale zona del sito web hai letto l'informazione. Lo esamineremo al pi\u00f9 presto. Invia la tua risposta via e-mail a: <span class=\"cmplz-obfuscate\">info@<span class=\"cmplz-fmail-domain\">ex.com<\/span>dammos.com<\/span>.<\/p><p>Qualsiasi dato personale che ci fornisci nel contesto della tua risposta o richiesta di informazioni verr\u00e0 utilizzato solo in conformit\u00e0 con la nostra dichiarazione sulla privacy.<\/p><p>Tutti i diritti di propriet\u00e0 intellettuale sui contenuti di questo sito Web sono attribuiti a Ma\u017eena Giedryt\u0117.<\/p><p>La copia, la diffusione e qualsiasi altro uso di questi materiali non \u00e8 consentita senza il permesso scritto di Ma\u017eena Giedryt\u0117, ad eccezione e solo nella misura in cui diversamente previsto dalle norme di legge obbligatoria (come il diritto di citazione), a meno che il contenuto specifico non indichi diversamente.<\/p><p>Se avete domande o problemi con l'accessibilit\u00e0 del sito web, non esitate a contattarci.<\/p><\/div><\/div>\n\t\t\t\t\t\t<\/div>\n\t\t\t\t<\/div>\n\t\t\t\t<div class=\"elementor-element elementor-element-6baa584 elementor-widget elementor-widget-spacer\" data-id=\"6baa584\" data-element_type=\"widget\" data-e-type=\"widget\" data-widget_type=\"spacer.default\">\n\t\t\t\t<div class=\"elementor-widget-container\">\n\t\t\t\t\t\t\t<div class=\"elementor-spacer\">\n\t\t\t<div class=\"elementor-spacer-inner\"><\/div>\n\t\t<\/div>\n\t\t\t\t\t\t<\/div>\n\t\t\t\t<\/div>\n\t\t\t\t\t<\/div>\n\t\t\t\t<\/div>\n\t\t\t\t<\/div>","protected":false},"excerpt":{"rendered":"<p>Responsabilit\u00e0<\/p>","protected":false},"author":2356,"featured_media":0,"parent":0,"menu_order":0,"comment_status":"closed","ping_status":"closed","template":"","meta":{"_jf_limit_responses":"","footnotes":""},"class_list":["post-76745","page","type-page","status-publish","hentry"],"_links":{"self":[{"href":"https:\/\/www.dammos.com\/it\/wp-json\/wp\/v2\/pages\/76745","targetHints":{"allow":["GET"]}}],"collection":[{"href":"https:\/\/www.dammos.com\/it\/wp-json\/wp\/v2\/pages"}],"about":[{"href":"https:\/\/www.dammos.com\/it\/wp-json\/wp\/v2\/types\/page"}],"author":[{"embeddable":true,"href":"https:\/\/www.dammos.com\/it\/wp-json\/wp\/v2\/users\/2356"}],"replies":[{"embeddable":true,"href":"https:\/\/www.dammos.com\/it\/wp-json\/wp\/v2\/comments?post=76745"}],"version-history":[{"count":0,"href":"https:\/\/www.dammos.com\/it\/wp-json\/wp\/v2\/pages\/76745\/revisions"}],"wp:attachment":[{"href":"https:\/\/www.dammos.com\/it\/wp-json\/wp\/v2\/media?parent=76745"}],"curies":[{"name":"wp","href":"https:\/\/api.w.org\/{rel}","templated":true}]}}