{"id":85608,"date":"2025-03-10T18:49:31","date_gmt":"2025-03-10T16:49:31","guid":{"rendered":"https:\/\/www.dammos.com\/?page_id=85608"},"modified":"2025-04-25T22:44:24","modified_gmt":"2025-04-25T19:44:24","slug":"programma-fedelta","status":"publish","type":"page","link":"https:\/\/www.dammos.com\/it\/loyalty-program\/","title":{"rendered":"Programma fedelt\u00e0"},"content":{"rendered":"<div data-elementor-type=\"wp-page\" data-elementor-id=\"85608\" class=\"elementor elementor-85608\">\n\t\t\t\t<div class=\"elementor-element elementor-element-061f957 e-flex e-con-boxed e-con e-parent\" data-id=\"061f957\" data-element_type=\"container\" data-e-type=\"container\">\n\t\t\t\t\t<div class=\"e-con-inner\">\n\t\t\t\t<div class=\"elementor-element elementor-element-4b13674 elementor-widget elementor-widget-spacer\" data-id=\"4b13674\" data-element_type=\"widget\" data-e-type=\"widget\" data-widget_type=\"spacer.default\">\n\t\t\t\t<div class=\"elementor-widget-container\">\n\t\t\t\t\t\t\t<div class=\"elementor-spacer\">\n\t\t\t<div class=\"elementor-spacer-inner\"><\/div>\n\t\t<\/div>\n\t\t\t\t\t\t<\/div>\n\t\t\t\t<\/div>\n\t\t\t\t<div class=\"elementor-element elementor-element-c6a0fc3 elementor-widget elementor-widget-heading\" data-id=\"c6a0fc3\" data-element_type=\"widget\" data-e-type=\"widget\" data-widget_type=\"heading.default\">\n\t\t\t\t<div class=\"elementor-widget-container\">\n\t\t\t\t\t<h3 class=\"elementor-heading-title elementor-size-default\">Programma fedelt\u00e0 <\/h3>\t\t\t\t<\/div>\n\t\t\t\t<\/div>\n\t\t\t\t<div class=\"elementor-element elementor-element-13216a3 elementor-widget elementor-widget-text-editor\" data-id=\"13216a3\" data-element_type=\"widget\" data-e-type=\"widget\" data-widget_type=\"text-editor.default\">\n\t\t\t\t<div class=\"elementor-widget-container\">\n\t\t\t\t\t\t\t\t\t<ul><li><h6>Premi che crescono con le vostre scelte<\/h6><\/li><\/ul><p>Partecipate al programma fedelt\u00e0 Dammos e sbloccate ancora pi\u00f9 vantaggi ad ogni acquisto. Acquistando i vostri prodotti preferiti, condividendoli con gli amici o semplicemente facendo parte della nostra comunit\u00e0, potrete accumulare punti e riscattarli per ottenere sconti o premi esclusivi.<\/p><p><u>Come guadagnare punti?<\/u><\/p><p>Ogni visita all'Dammos pu\u00f2 diventare ancora pi\u00f9 gratificante. Accumulate punti attraverso varie attivit\u00e0 che portano a sconti e privilegi esclusivi:<\/p><ul><li>- Crea un account - 100 punti come regalo di benvenuto. I nuovi inizi sono sempre emozionanti!<\/li><li>- Primo ordine - 100 punti per festeggiare il primo acquisto.<\/li><li>- Ogni acquisto - 10 punti per ogni 1 euro speso - perch\u00e9 le vostre scelte meritano di pi\u00f9.<\/li><li>- Segnala un amico - 500 punti quando un amico segnalato completa il suo primo ordine.<\/li><li>- Programma di segnalazione - Ogni volta che un amico segnalato effettua un acquisto, si riceve il 5% del valore dell'ordine in punti.<\/li><li>- Premio per il compleanno - 300 punti, perch\u00e9 questo giorno merita un'attenzione speciale.<\/li><li><span class=\"s1\">- 5 domande veloci<\/span><span class=\"s2\"> - 150 punti come ricompensa! Ogni domanda vale 30 punti: condividete i vostri pensieri e guadagnate di pi\u00f9.<\/span><\/li><li>- Condividete il link dell'e-shop Dammos - Guadagnate 10 punti per ogni condivisione.<\/li><\/ul><p><span style=\"text-decoration: underline;\">Guadagnate ancora pi\u00f9 punti durante le promozioni speciali:<\/span><\/p><ul><li><span class=\"s1\">- <\/span>Weekend con 2x punti - i fine settimana sono fatti per lo shopping, quindi perch\u00e9 non approfittare del doppio dei premi?<\/li><li><span class=\"s1\">- <\/span>Punti 3x nel Black Friday - il momento perfetto per massimizzare i vostri vantaggi di fedelt\u00e0.<\/li><\/ul><p><u>Come utilizzare i punti per ottenere sconti?<\/u><\/p><p class=\"p1\"><span class=\"s1\">Ogni punto ha un valore. <\/span><span class=\"s2\">100 punti = 1 euro<\/span><span class=\"s1\">. \u00c8 possibile utilizzare i punti raccolti per ottenere sconti sugli acquisti:<\/span><\/p><ul><li class=\"p2\"><span class=\"s1\">- <\/span><span class=\"s2\">300 punti = 3 euro di sconto (importo minimo utilizzabile)<\/span><\/li><li class=\"p2\"><span class=\"s1\">- <\/span><span class=\"s2\">700 punti = 7 euro di sconto (importo massimo per ordine)<\/span><\/li><\/ul><p class=\"p1\"><span class=\"s1\">I punti si applicano solo al subtotale (escluse le spese di spedizione).<\/span><\/p><p class=\"p1\"><span class=\"s1\">Non \u00e8 cumulabile con altri codici sconto.<\/span><\/p><p><span style=\"text-decoration: underline;\">Livelli di fedelt\u00e0: Pi\u00f9 punti, pi\u00f9 grandi sono i premi<\/span><\/p><p>Il programma fedelt\u00e0 Dammos vi premia mentre fate acquisti. Pi\u00f9 punti si raccolgono, pi\u00f9 velocemente si avanza verso livelli pi\u00f9 alti, sbloccando maggiori vantaggi:<\/p><ul><li>- Bronzo (0+ punti) - Inizia a raccogliere punti con un moltiplicatore 1x. Nessuno sconto aggiuntivo.<\/li><li>- Argento (oltre 1000 punti) - Guadagna punti 20% pi\u00f9 velocemente con un moltiplicatore 1,2x e gode di uno sconto 5% su tutti gli acquisti.<\/li><li>- Oro (pi\u00f9 di 5000 punti) - Accelera i tuoi premi con un moltiplicatore 1,5x e ottieni uno sconto di 10% su ogni ordine.<\/li><li>- Platino (10.000+ punti) - Il livello pi\u00f9 alto: un moltiplicatore 2x sui punti e uno sconto esclusivo 15% su tutti gli acquisti.<\/li><\/ul><p>Come funziona: Non appena si raggiungono i punti necessari per un nuovo livello, il proprio stato si aggiorna automaticamente. Pi\u00f9 alto \u00e8 il livello, pi\u00f9 premi si ottengono!<\/p><p><span style=\"text-decoration: underline;\">Scadenza dei punti e promemoria<\/span><\/p><ul><li>I punti sono validi per 365 giorni, quindi avete tutto il tempo per utilizzarli. Quando la data di scadenza si avvicina, vi invieremo un promemoria e, se i vostri punti scadono, riceverete un \"Coupon di ritorno\" per incoraggiare il vostro ritorno con un'offerta esclusiva.<\/li><\/ul><p><span style=\"text-decoration: underline;\">Conoscere sempre il proprio saldo punti<\/span><\/p><p>Per rendere il programma ancora pi\u00f9 conveniente, i punti vengono visualizzati nelle fasi principali dell'acquisto:<\/p><ul><li>Sulle pagine dei prodotti: \"Guadagna X punti con questo acquisto\"<\/li><li>Nel carrello: \"Acquista ora e guadagna X punti!\".<\/li><li>Alla cassa: \"Sei a un passo dal guadagnare X punti!\".<\/li><li>Nella pagina \"Grazie\": Conferma dei punti guadagnati.<\/li><li>Nel vostro account: Saldo punti, cronologia e progressi verso il livello successivo.<\/li><\/ul><p><span style=\"text-decoration: underline;\">Iscriviti ora e inizia a guadagnare premi<\/span><\/p><p>Il programma fedelt\u00e0 Dammos vi d\u00e0 accesso a pi\u00f9 cose: pi\u00f9 sconti, pi\u00f9 premi, pi\u00f9 valore. Iscrivetevi oggi stesso e riceverete immediatamente i vostri primi 100 punti!<\/p><p><br style=\"font-weight: 400;\" \/><br style=\"font-weight: 400;\" \/><\/p><p style=\"text-align: center;\"><em>Se avete altre domande, non esitate a contattarci all'indirizzo info@dammos.com-we saremo lieti di aiutarvi!<\/em><br \/><em><span class=\"s1\">Le risposte possono essere trovate anche nel nostro <a href=\"https:\/\/www.dammos.com\/it\/faq\/\">Pagina delle FAQ<\/a>.<\/span><\/em><\/p>\t\t\t\t\t\t\t\t<\/div>\n\t\t\t\t<\/div>\n\t\t\t\t<div class=\"elementor-element elementor-element-3ad6bf1 elementor-widget elementor-widget-spacer\" data-id=\"3ad6bf1\" data-element_type=\"widget\" data-e-type=\"widget\" data-widget_type=\"spacer.default\">\n\t\t\t\t<div class=\"elementor-widget-container\">\n\t\t\t\t\t\t\t<div class=\"elementor-spacer\">\n\t\t\t<div class=\"elementor-spacer-inner\"><\/div>\n\t\t<\/div>\n\t\t\t\t\t\t<\/div>\n\t\t\t\t<\/div>\n\t\t\t\t\t<\/div>\n\t\t\t\t<\/div>\n\t\t\t\t<\/div>","protected":false},"excerpt":{"rendered":"<p>Dammos Loyalty Program Rewards That Grow With Your Choices Join the Dammos loyalty program and unlock even more benefits with every purchase. By shopping for your favorite products, sharing with friends, or simply being part of our community, you can collect points and redeem them for discounts or exclusive rewards. How to earn points? Every [&hellip;]<\/p>\n","protected":false},"author":3,"featured_media":0,"parent":0,"menu_order":0,"comment_status":"closed","ping_status":"closed","template":"","meta":{"_jf_limit_responses":"","footnotes":""},"class_list":["post-85608","page","type-page","status-publish","hentry"],"_links":{"self":[{"href":"https:\/\/www.dammos.com\/it\/wp-json\/wp\/v2\/pages\/85608","targetHints":{"allow":["GET"]}}],"collection":[{"href":"https:\/\/www.dammos.com\/it\/wp-json\/wp\/v2\/pages"}],"about":[{"href":"https:\/\/www.dammos.com\/it\/wp-json\/wp\/v2\/types\/page"}],"author":[{"embeddable":true,"href":"https:\/\/www.dammos.com\/it\/wp-json\/wp\/v2\/users\/3"}],"replies":[{"embeddable":true,"href":"https:\/\/www.dammos.com\/it\/wp-json\/wp\/v2\/comments?post=85608"}],"version-history":[{"count":0,"href":"https:\/\/www.dammos.com\/it\/wp-json\/wp\/v2\/pages\/85608\/revisions"}],"wp:attachment":[{"href":"https:\/\/www.dammos.com\/it\/wp-json\/wp\/v2\/media?parent=85608"}],"curies":[{"name":"wp","href":"https:\/\/api.w.org\/{rel}","templated":true}]}}