{"id":81172,"date":"2024-10-09T18:29:23","date_gmt":"2024-10-09T16:29:23","guid":{"rendered":"https:\/\/www.dammos.com\/?post_type=product&#038;p=81172"},"modified":"2024-11-06T23:46:24","modified_gmt":"2024-11-06T21:46:24","slug":"fard-purepressed","status":"publish","type":"product","link":"https:\/\/www.dammos.com\/it\/purepressed-blush\/","title":{"rendered":"Fard PurePressed"},"content":{"rendered":"<div class=\"accordion\">\n<div class=\"content\">\n<p><strong>Fard PurePressed<\/strong><\/p>\n<ul>\n<li>Il fard pressato senza peso offre un morbido tocco di colore appena arrossato.<\/li>\n<li>Tonalit\u00e0 a lunga tenuta per un colore pi\u00f9 ricco e pi\u00f9 vero.<\/li>\n<li>La formula altamente pigmentata si costruisce come una polvere.<\/li>\n<li>La texture morbida e cremosa si fonde come una crema.<\/li>\n<li>Definisce ed evidenzia gli zigomi.<\/li>\n<li>Illumina in modo naturale grazie a oli naturali nutrienti, burri e antiossidanti.<\/li>\n<li>Delicato e sicuro per la pelle sensibile.<\/li>\n<\/ul>\n<p><strong>Ingredienti che amano la pelle:<\/strong><\/p>\n<p><strong>Burro di karit\u00e9<\/strong><br \/>\nidrata e lenisce la pelle e favorisce un'applicazione ultra-liscia.<\/p>\n<p><strong>Estratto di melograno<\/strong><br \/>\nfornisce una protezione antiossidante naturale e aiuta a combattere i radicali liberi.<\/p>\n<p><strong>Estratto di corteccia di pino<\/strong><br \/>\nprotegge e calma la pelle e ha propriet\u00e0 che hanno dimostrato di contribuire a migliorare la texture della pelle.<\/p>\n<p><strong>Olio di semi di jojoba<\/strong><br \/>\naiuta ad ammorbidire la pelle e a ottenere una texture cremosa che facilita la sfumatura.<\/p>\n<\/div>\n<\/div>","protected":false},"excerpt":{"rendered":"<p>Un fard Purepressed setoso e facile da scorrere, che si applica come una polvere e si sfuma come una crema per un colore uniforme e duraturo e una luminosit\u00e0 fresca e sana.<\/p>","protected":false},"featured_media":81254,"comment_status":"open","ping_status":"closed","template":"","meta":{"_jf_limit_responses":""},"product_brand":[],"product_cat":[1006,1059],"product_tag":[1204,68],"class_list":{"0":"post-81172","1":"product","2":"type-product","3":"status-publish","4":"has-post-thumbnail","6":"product_cat-face","7":"product_cat-makeup","8":"product_tag-blush","9":"product_tag-purepressed","10":"pa_brand-jane-iredale","12":"first","13":"instock","14":"taxable","15":"shipping-taxable","16":"purchasable","17":"product-type-variable"},"_links":{"self":[{"href":"https:\/\/www.dammos.com\/it\/wp-json\/wp\/v2\/product\/81172","targetHints":{"allow":["GET"]}}],"collection":[{"href":"https:\/\/www.dammos.com\/it\/wp-json\/wp\/v2\/product"}],"about":[{"href":"https:\/\/www.dammos.com\/it\/wp-json\/wp\/v2\/types\/product"}],"replies":[{"embeddable":true,"href":"https:\/\/www.dammos.com\/it\/wp-json\/wp\/v2\/comments?post=81172"}],"version-history":[{"count":0,"href":"https:\/\/www.dammos.com\/it\/wp-json\/wp\/v2\/product\/81172\/revisions"}],"wp:featuredmedia":[{"embeddable":true,"href":"https:\/\/www.dammos.com\/it\/wp-json\/wp\/v2\/media\/81254"}],"wp:attachment":[{"href":"https:\/\/www.dammos.com\/it\/wp-json\/wp\/v2\/media?parent=81172"}],"wp:term":[{"taxonomy":"product_brand","embeddable":true,"href":"https:\/\/www.dammos.com\/it\/wp-json\/wp\/v2\/product_brand?post=81172"},{"taxonomy":"product_cat","embeddable":true,"href":"https:\/\/www.dammos.com\/it\/wp-json\/wp\/v2\/product_cat?post=81172"},{"taxonomy":"product_tag","embeddable":true,"href":"https:\/\/www.dammos.com\/it\/wp-json\/wp\/v2\/product_tag?post=81172"}],"curies":[{"name":"wp","href":"https:\/\/api.w.org\/{rel}","templated":true}]}}