{"id":81207,"date":"2024-10-04T23:28:18","date_gmt":"2024-10-04T21:28:18","guid":{"rendered":"https:\/\/www.dammos.com\/?post_type=product&#038;p=81207"},"modified":"2024-10-10T15:46:05","modified_gmt":"2024-10-10T13:46:05","slug":"shampoo-argento-perfezione-bionda","status":"publish","type":"product","link":"https:\/\/www.dammos.com\/it\/blonde-perfection-silver-shampoo\/","title":{"rendered":"Shampoo Argento Perfezione Bionda"},"content":{"rendered":"<p><strong>Shampoo Argento Perfezione Bionda<\/strong> \u00e8 arricchito con acido ialuronico reidratante ed estratto di melograno che protegge il colore. L'estratto di mirtillo dona ai capelli una tonalit\u00e0 pi\u00f9 fredda, aggiunge lucentezza e idrata, mentre l'olio di Moringa, che dona lucentezza, rende i capelli morbidi e setosi. Il prodotto ha un effetto protettivo dal calore. Lo shampoo all'argento perfetto per chi vuole combinare un risultato efficace con propriet\u00e0 nutritive. Godetevi capelli freschi e lucenti con un irresistibile profumo di mango e pesca!<\/p>\n<p>&nbsp;<\/p>\n<p><strong>Fragranza: <\/strong>Con un profumo di mango e pesca.<\/p>\n<ul>\n<li>Note di testa: Mango, pesca, ananas e papaya.<\/li>\n<li>Note di cuore: Rosa e piante verdi.<\/li>\n<li>Nota di fondo: Caramello.<\/li>\n<\/ul>\n<p>&nbsp;<br \/>\n<br \/>\n<strong>Ingredienti dell'eroe<\/strong><\/p>\n<div class=\"page\" title=\"Pagina 1\">\n<div class=\"section\">\n<div class=\"layoutArea\">\n<div class=\"column\">\n<ul>\n<li><strong>Acido ialuronico: <\/strong><span class=\"TextRun BCX8 SCXP134349541\" lang=\"EN-US\" xml:lang=\"EN-US\" data-usefontface=\"true\" data-contrast=\"none\"><span class=\"NormalTextRun BCX8 SCXP134349541\">Reidrata profondamente i capelli<\/span><\/span><\/li>\n<li><strong>Estratto di melograno: <\/strong>C<span class=\"TextRun BCX8 SCXP198992060\" lang=\"EN-US\" xml:lang=\"EN-US\" data-usefontface=\"true\" data-contrast=\"none\"><span class=\"NormalTextRun BCX8 SCXP198992060\">effetto protettivo dell'odore<\/span><\/span><\/li>\n<\/ul>\n<p><strong>Vegano e senza crudelt\u00e0.<\/strong><\/p>\n<\/div>\n<\/div>\n<\/div>\n<\/div>","protected":false},"excerpt":{"rendered":"<p>Progettato per neutralizzare istantaneamente i toni caldi, donando ai capelli una tonalit\u00e0 pi\u00f9 fresca e luminosa. Arricchito con ingredienti idratanti e nutrienti, condiziona in profondit\u00e0 i capelli, lasciandoli lisci come la seta, rivitalizzati e protetti. <strong>250 ml<\/strong><\/p>","protected":false},"featured_media":81199,"comment_status":"open","ping_status":"closed","template":"","meta":{"_jf_limit_responses":""},"product_brand":[],"product_cat":[1482,1064],"product_tag":[1184,1183,1187],"class_list":{"0":"post-81207","1":"product","2":"type-product","3":"status-publish","4":"has-post-thumbnail","6":"product_cat-cosmetics","7":"product_cat-hair","8":"product_tag-blonde","9":"product_tag-lowengrip","10":"product_tag-shampoo","11":"pa_brand-lowengrip","13":"first","14":"instock","15":"taxable","16":"shipping-taxable","17":"purchasable","18":"product-type-simple"},"_links":{"self":[{"href":"https:\/\/www.dammos.com\/it\/wp-json\/wp\/v2\/product\/81207","targetHints":{"allow":["GET"]}}],"collection":[{"href":"https:\/\/www.dammos.com\/it\/wp-json\/wp\/v2\/product"}],"about":[{"href":"https:\/\/www.dammos.com\/it\/wp-json\/wp\/v2\/types\/product"}],"replies":[{"embeddable":true,"href":"https:\/\/www.dammos.com\/it\/wp-json\/wp\/v2\/comments?post=81207"}],"version-history":[{"count":0,"href":"https:\/\/www.dammos.com\/it\/wp-json\/wp\/v2\/product\/81207\/revisions"}],"wp:featuredmedia":[{"embeddable":true,"href":"https:\/\/www.dammos.com\/it\/wp-json\/wp\/v2\/media\/81199"}],"wp:attachment":[{"href":"https:\/\/www.dammos.com\/it\/wp-json\/wp\/v2\/media?parent=81207"}],"wp:term":[{"taxonomy":"product_brand","embeddable":true,"href":"https:\/\/www.dammos.com\/it\/wp-json\/wp\/v2\/product_brand?post=81207"},{"taxonomy":"product_cat","embeddable":true,"href":"https:\/\/www.dammos.com\/it\/wp-json\/wp\/v2\/product_cat?post=81207"},{"taxonomy":"product_tag","embeddable":true,"href":"https:\/\/www.dammos.com\/it\/wp-json\/wp\/v2\/product_tag?post=81207"}],"curies":[{"name":"wp","href":"https:\/\/api.w.org\/{rel}","templated":true}]}}