{"id":81353,"date":"2024-10-10T18:07:18","date_gmt":"2024-10-10T16:07:18","guid":{"rendered":"https:\/\/www.dammos.com\/?post_type=product&#038;p=81353"},"modified":"2024-10-10T18:58:19","modified_gmt":"2024-10-10T16:58:19","slug":"crema-idratante-viso-beautyprep","status":"publish","type":"product","link":"https:\/\/www.dammos.com\/it\/beautyprep-face-moisturizer\/","title":{"rendered":"Idratante viso BeautyPrep"},"content":{"rendered":"<p>Idratante viso BeautyPrep<\/p>\n<p>Utilizza quattro estratti di cellule staminali di rosa biologiche per idratare, illuminare e proteggere la pelle dalla perdita di acqua trans-epidermica e dagli agenti inquinanti presenti nell'aria. Un sistema a pompa airless a pulsante con valvola di erogazione autosigillante controlla la quantit\u00e0 erogata e protegge il prodotto da aria, luce e agenti contaminanti esterni. Il prodotto erogato si elimina facilmente con una spugna, un dischetto di cotone o un dito.<br \/>\n<br \/>\nIdeale per l'uso quotidiano con BeautyPrep Face Cleanser e BeautyPrep Face Toner per preparare la pelle e far s\u00ec che il trucco sia pi\u00f9 uniforme e duri pi\u00f9 a lungo. Profumato con estratto di citronella biologico.<\/p>\n<p>&nbsp;<\/p>","protected":false},"excerpt":{"rendered":"<p>Ottimizzate i benefici del trucco minerale che amate con la nostra crema idratante giornaliera ad alte prestazioni, progettata per aiutare il trucco a scorrere pi\u00f9 liscio e a durare pi\u00f9 a lungo. <strong>34 ml<\/strong><\/p>","protected":false},"featured_media":81352,"comment_status":"open","ping_status":"closed","template":"","meta":{"_jf_limit_responses":""},"product_brand":[],"product_cat":[1482,1062],"product_tag":[1194,1193],"class_list":{"0":"post-81353","1":"product","2":"type-product","3":"status-publish","4":"has-post-thumbnail","6":"product_cat-cosmetics","7":"product_cat-skincare","8":"product_tag-beautyprep","9":"product_tag-jane-iredale","10":"pa_brand-jane-iredale","12":"first","13":"instock","14":"taxable","15":"shipping-taxable","16":"purchasable","17":"product-type-simple"},"_links":{"self":[{"href":"https:\/\/www.dammos.com\/it\/wp-json\/wp\/v2\/product\/81353","targetHints":{"allow":["GET"]}}],"collection":[{"href":"https:\/\/www.dammos.com\/it\/wp-json\/wp\/v2\/product"}],"about":[{"href":"https:\/\/www.dammos.com\/it\/wp-json\/wp\/v2\/types\/product"}],"replies":[{"embeddable":true,"href":"https:\/\/www.dammos.com\/it\/wp-json\/wp\/v2\/comments?post=81353"}],"version-history":[{"count":0,"href":"https:\/\/www.dammos.com\/it\/wp-json\/wp\/v2\/product\/81353\/revisions"}],"wp:featuredmedia":[{"embeddable":true,"href":"https:\/\/www.dammos.com\/it\/wp-json\/wp\/v2\/media\/81352"}],"wp:attachment":[{"href":"https:\/\/www.dammos.com\/it\/wp-json\/wp\/v2\/media?parent=81353"}],"wp:term":[{"taxonomy":"product_brand","embeddable":true,"href":"https:\/\/www.dammos.com\/it\/wp-json\/wp\/v2\/product_brand?post=81353"},{"taxonomy":"product_cat","embeddable":true,"href":"https:\/\/www.dammos.com\/it\/wp-json\/wp\/v2\/product_cat?post=81353"},{"taxonomy":"product_tag","embeddable":true,"href":"https:\/\/www.dammos.com\/it\/wp-json\/wp\/v2\/product_tag?post=81353"}],"curies":[{"name":"wp","href":"https:\/\/api.w.org\/{rel}","templated":true}]}}