{"id":81620,"date":"2024-10-30T16:28:35","date_gmt":"2024-10-30T14:28:35","guid":{"rendered":"https:\/\/www.dammos.com\/?post_type=product&#038;p=81620"},"modified":"2024-10-30T17:32:26","modified_gmt":"2024-10-30T15:32:26","slug":"shampoo-detox-a-pulizia-profonda","status":"publish","type":"product","link":"https:\/\/www.dammos.com\/it\/deep-cleansing-detox-shampoo\/","title":{"rendered":"Shampoo detossinante a pulizia profonda"},"content":{"rendered":"<p><strong>Shampoo detossinante a pulizia profonda<\/strong> \u00e8 uno shampoo detox ricco di schiuma e profondamente detergente per eliminare impurit\u00e0, sostanze chimiche e residui di prodotto. La tecnologia micellare, efficace e delicata, pulisce in profondit\u00e0, ripristinando l'equilibrio del pH del cuoio capelluto, in modo che i capelli si sentano puliti e rinfrescati. Dopo ogni utilizzo, le lunghezze e il cuoio capelluto si ritrovano con una sensazione di ringiovanimento e di riavvio che dura ora dopo ora. La formula micellare consente una pulizia profonda senza danneggiare o irritare il cuoio capelluto sensibile.<\/p>\n<p><strong>Fragranza: <\/strong>Zenzero e citronella.<\/p>\n<ul>\n<li style=\"list-style-type: none;\">\n<ul>\n<li>Nota di testa: zenzero.<\/li>\n<li>Nota di cuore: zenzero, citronella.<\/li>\n<li>Nota di fondo: muschio e legni bianchi.<\/li>\n<\/ul>\n<\/li>\n<\/ul>\n<p>&nbsp;<\/p>\n<p><strong>Ingredienti dell'eroe<\/strong><\/p>\n<div class=\"page\" title=\"Pagina 1\">\n<div class=\"section\">\n<div class=\"layoutArea\">\n<div class=\"column\">\n<ul>\n<li><strong><span class=\"TextRun SCXP2948483 BCX0\" lang=\"EN-US\" xml:lang=\"EN-US\" data-scheme-color=\"@000000,,\" data-usefontface=\"true\" data-contrast=\"none\"><span class=\"NormalTextRun SCXP2948483 BCX0\">Glicerina: <\/span><\/span><\/strong><span class=\"TextRun SCXP2948483 BCX0\" lang=\"EN-US\" xml:lang=\"EN-US\" data-scheme-color=\"@000000,,\" data-usefontface=\"true\" data-contrast=\"none\"><span class=\"NormalTextRun SCXP2948483 BCX0\">pu\u00f2 migliorare la crescita dei capelli, oltre a rafforzarli e a combattere le irritazioni.<\/span><\/span><span class=\"TextRun SCXP2948483 BCX0\" lang=\"EN-US\" xml:lang=\"EN-US\" data-scheme-color=\"@000000,,\" data-usefontface=\"true\" data-contrast=\"none\"><span class=\"NormalTextRun SCXP2948483 BCX0\">\u00a0<\/span><\/span><span class=\"LineBreakBlob BlobObject SCXP2948483 BCX0\"><span class=\"SCXP2948483 BCX0\">\u200b<\/span><\/span><\/li>\n<li><strong>Miccelar: <\/strong>agisce detergendo e disintossicando, senza irritare il cuoio capelluto sensibile. Le micelle sono costituite da piccole particelle che catturano le impurit\u00e0. Quando si risciacquano i capelli, le sostanze chimiche e i residui vengono rimossi.<\/li>\n<li><strong>Acido lattico: <\/strong>neutralizza l'equilibrio naturale del pH del cuoio capelluto.<\/li>\n<\/ul>\n<p><strong>Vegano e senza crudelt\u00e0.<\/strong><\/p>\n<\/div>\n<\/div>\n<\/div>\n<\/div>","protected":false},"excerpt":{"rendered":"<p>Trattamento vegano detossinante con tecnologia micellare che rimuove efficacemente i residui. Utilizzare come trattamento detossinante 1-2 volte al mese. <strong>100 ml<\/strong><\/p>","protected":false},"featured_media":81613,"comment_status":"open","ping_status":"closed","template":"","meta":{"_jf_limit_responses":""},"product_brand":[],"product_cat":[1482,1064],"product_tag":[1197,1183,1187],"class_list":{"0":"post-81620","1":"product","2":"type-product","3":"status-publish","4":"has-post-thumbnail","6":"product_cat-cosmetics","7":"product_cat-hair","8":"product_tag-detox","9":"product_tag-lowengrip","10":"product_tag-shampoo","11":"pa_brand-lowengrip","13":"first","14":"instock","15":"taxable","16":"shipping-taxable","17":"purchasable","18":"product-type-simple"},"_links":{"self":[{"href":"https:\/\/www.dammos.com\/it\/wp-json\/wp\/v2\/product\/81620","targetHints":{"allow":["GET"]}}],"collection":[{"href":"https:\/\/www.dammos.com\/it\/wp-json\/wp\/v2\/product"}],"about":[{"href":"https:\/\/www.dammos.com\/it\/wp-json\/wp\/v2\/types\/product"}],"replies":[{"embeddable":true,"href":"https:\/\/www.dammos.com\/it\/wp-json\/wp\/v2\/comments?post=81620"}],"version-history":[{"count":0,"href":"https:\/\/www.dammos.com\/it\/wp-json\/wp\/v2\/product\/81620\/revisions"}],"wp:featuredmedia":[{"embeddable":true,"href":"https:\/\/www.dammos.com\/it\/wp-json\/wp\/v2\/media\/81613"}],"wp:attachment":[{"href":"https:\/\/www.dammos.com\/it\/wp-json\/wp\/v2\/media?parent=81620"}],"wp:term":[{"taxonomy":"product_brand","embeddable":true,"href":"https:\/\/www.dammos.com\/it\/wp-json\/wp\/v2\/product_brand?post=81620"},{"taxonomy":"product_cat","embeddable":true,"href":"https:\/\/www.dammos.com\/it\/wp-json\/wp\/v2\/product_cat?post=81620"},{"taxonomy":"product_tag","embeddable":true,"href":"https:\/\/www.dammos.com\/it\/wp-json\/wp\/v2\/product_tag?post=81620"}],"curies":[{"name":"wp","href":"https:\/\/api.w.org\/{rel}","templated":true}]}}