{"id":70700,"date":"2021-04-18T13:11:00","date_gmt":"2021-04-18T13:11:00","guid":{"rendered":"https:\/\/highseastudio.com\/demo\/coach\/feminine\/?page_id=397"},"modified":"2025-11-20T14:26:35","modified_gmt":"2025-11-20T12:26:35","slug":"kontaktai-dammos","status":"publish","type":"page","link":"https:\/\/www.dammos.com\/lt\/contacts-dammos\/","title":{"rendered":"Kontaktai"},"content":{"rendered":"\t\t<div data-elementor-type=\"wp-page\" data-elementor-id=\"70700\" class=\"elementor elementor-70700\">\n\t\t\t\t<div class=\"elementor-element elementor-element-3a2d1af e-con-full jedv-enabled--yes e-flex e-con e-parent\" data-id=\"3a2d1af\" data-element_type=\"container\" data-e-type=\"container\" data-settings=\"{&quot;background_background&quot;:&quot;classic&quot;}\">\n\t\t<div class=\"elementor-element elementor-element-65dd5aa e-con-full e-flex e-con e-child\" data-id=\"65dd5aa\" data-element_type=\"container\" data-e-type=\"container\" data-settings=\"{&quot;background_background&quot;:&quot;classic&quot;}\">\n\t\t\t\t<\/div>\n\t\t<div class=\"elementor-element elementor-element-983d824 e-con-full e-flex e-con e-child\" data-id=\"983d824\" data-element_type=\"container\" data-e-type=\"container\" data-settings=\"{&quot;background_background&quot;:&quot;classic&quot;}\">\n\t\t<div class=\"elementor-element elementor-element-751137d e-con-full e-flex elementor-invisible e-con e-child\" data-id=\"751137d\" data-element_type=\"container\" data-e-type=\"container\" data-settings=\"{&quot;background_background&quot;:&quot;classic&quot;,&quot;animation&quot;:&quot;fadeIn&quot;}\">\n\t\t\t\t<div class=\"elementor-element elementor-element-2ad1fe3 elementor-widget elementor-widget-heading\" data-id=\"2ad1fe3\" data-element_type=\"widget\" data-e-type=\"widget\" data-widget_type=\"heading.default\">\n\t\t\t\t<div class=\"elementor-widget-container\">\n\t\t\t\t\t<h3 class=\"elementor-heading-title elementor-size-default\">Write Me a Message<\/h3>\t\t\t\t<\/div>\n\t\t\t\t<\/div>\n\t\t\t\t<div class=\"elementor-element elementor-element-f11232c elementor-widget elementor-widget-text-editor\" data-id=\"f11232c\" data-element_type=\"widget\" data-e-type=\"widget\" data-widget_type=\"text-editor.default\">\n\t\t\t\t<div class=\"elementor-widget-container\">\n\t\t\t\t\t\t\t\t\t<p>Fill out the form below and I will respond as soon as possible, or choose youre preferred contacts below.<\/p>\t\t\t\t\t\t\t\t<\/div>\n\t\t\t\t<\/div>\n\t\t\t\t<div class=\"elementor-element elementor-element-8a50673 elementor-widget elementor-widget-jet-form-builder-form\" data-id=\"8a50673\" data-element_type=\"widget\" data-e-type=\"widget\" data-widget_type=\"jet-form-builder-form.default\">\n\t\t\t\t<div class=\"elementor-widget-container\">\n\t\t\t\t\t<link rel='stylesheet' id='wp-block-library-css' href='https:\/\/www.dammos.com\/wp-includes\/css\/dist\/block-library\/style.min.css' type='text\/css' media='all' \/>\n<style id=\"jet-form-builder-76178-inline-css\"><\/style><form  class=\"jet-form-builder layout-column submit-type-ajax\" action=\"https:\/\/www.dammos.com\/lt\/wp-json\/wp\/v2\/pages\/70700\/?xcJpSQ=CAJMHT61HJ&amp;method=reload\" method=\"POST\" data-form-id=\"76178\" data-layout=\"column\" enctype=\"multipart\/form-data\" novalidate=\"null\" ssr_validation_method=\"rest\">\r\n<input type=\"hidden\" name=\"_jfb_current_render_states[]\" value=\"DEFAULT.STATE\" data-jfb-sync \/><input type=\"hidden\" class=\"jet-form-builder__field hidden-field\" name=\"_jet_engine_booking_form_id\" data-field-name=\"_jet_engine_booking_form_id\" value=\"76178\">\n<input type=\"hidden\" class=\"jet-form-builder__field hidden-field\" name=\"_jet_engine_refer\" data-field-name=\"_jet_engine_refer\" value=\"https:\/\/www.dammos.com\/lt\/wp-json\/wp\/v2\/pages\/70700\/\">\n<input type=\"hidden\" class=\"jet-form-builder__field hidden-field\" name=\"__queried_post_id\" data-field-name=\"__queried_post_id\" value=\"70700\">\n<input type=\"hidden\" class=\"jet-form-builder__field hidden-field\" name=\"_user_journey\" data-field-name=\"_user_journey\">\n\n<p><\/p>\n\n\n<div  class=\"jet-form-builder-row field-type-text-field\" >\n<div class=\"jet-form-builder__label\">\r\n<div class=\"jet-form-builder__label-text\">Name <span class=\"jet-form-builder__required\">*<\/span><\/div><\/div><div class=\"jet-form-builder__field-wrap\">\n\t\t\t\t<input required=\"required\" name=\"name\" id=\"name\" type=\"text\" data-field-name=\"name\" class=\"jet-form-builder__field text-field\" data-jfb-sync=\"null\" autocomplete=\"off_ut8OdzVa\">\n\t\t\t\t\t<\/div>\n<\/div>\n\n\n<div class=\"wp-block-columns is-layout-flex wp-container-core-columns-is-layout-9d6595d7 wp-block-columns-is-layout-flex\">\n<div class=\"wp-block-column is-layout-flow wp-block-column-is-layout-flow\"><div  data-validation-type=\"advanced\" data-validation-rules=\"[{&quot;__visible&quot;:true,&quot;type&quot;:&quot;regexp&quot;,&quot;value&quot;:&quot;^\\\\s*[a-zA-Z0-9._%+-]{5,}@(?:google\\\\.com|apple\\\\.com|gmail\\\\.com|outlook\\\\.com|icloud\\\\.com|hotmail\\\\.com|yahoo\\\\.(?:com|co\\\\.uk|de|fr|es|in|it)|protonmail\\\\.com|tutanota\\\\.com|fastmail\\\\.(?:com|net|fm)|aol\\\\.com|gmx\\\\.(?:com|net|de)|zoho\\\\.com|posteo\\\\.net|runbox\\\\.com|mailbox\\\\.org|yandex\\\\.ru|hey\\\\.com|hushmail\\\\.com|mail\\\\.ru|one\\\\.lt|takas\\\\.lt|ktu\\\\.lt|inbox\\\\.lt|vgtu\\\\.lt|alice\\\\.it|virgilio\\\\.it|tin\\\\.it|tim\\\\.it|superdada\\\\.it|email\\\\.it|katamail\\\\.com|libero\\\\.it|tiscali\\\\.it)\\\\s*$&quot;,&quot;message&quot;:&quot;This domain name its not allowed.&quot;},{&quot;__visible&quot;:true,&quot;value&quot;:&quot;&quot;}]\" class=\"jet-form-builder-row field-type-text-field\" >\n<div class=\"jet-form-builder__label\">\r\n<div class=\"jet-form-builder__label-text\">Email <span class=\"jet-form-builder__required\">*<\/span><\/div><\/div><div class=\"jet-form-builder__field-wrap\">\n\t\t\t\t<input required=\"required\" name=\"email\" id=\"email\" type=\"email\" data-field-name=\"email\" class=\"jet-form-builder__field text-field\" data-jfb-sync=\"null\" autocomplete=\"off_7TANbieS\">\n\t\t\t\t\t<\/div>\n<\/div><\/div>\n\n\n\n<div class=\"wp-block-column is-layout-flow wp-block-column-is-layout-flow\"><div  class=\"jet-form-builder-row field-type-text-field\" >\n<div class=\"jet-form-builder__label\">\r\n<div class=\"jet-form-builder__label-text\">Phone<\/div><\/div><div class=\"jet-form-builder__field-wrap\">\n\t\t\t\t<input name=\"phone\" id=\"phone\" type=\"tel\" data-field-name=\"phone\" class=\"jet-form-builder__field text-field jet-form-builder__masked-field\" data-jfb-sync=\"null\" autocomplete=\"off_Tz2WUBla\" data-inputmask=\"&#039;mask&#039;: &#039;+99(999)999-99-99&#039;\" data-inputmask-placeholder=\"_\" data-inputmask-showmaskonhover=\"false\">\n\t\t\t\t\t<\/div>\n<\/div><\/div>\n<\/div>\n\n\n<div  class=\"jet-form-builder-row field-type-radio-field wp-block-jet-forms-radio-field\">\n<div class=\"jet-form-builder__label\">\r\n<div class=\"jet-form-builder__label-text\">Preferred method of communication <span class=\"jet-form-builder__required\">*<\/span><\/div><\/div><div class=\"jet-form-builder__fields-group checkradio-wrap\" data-jfb-sync><div class=\"jet-form-builder__field-wrap radio-wrap checkradio-wrap\"><label class=\"jet-form-builder__field-label for-radio\">\n<input type=\"radio\" name=\"preferred-method-of-communication\" value=\"email\" data-field-name=\"preferred-method-of-communication\"  class=\"jet-form-builder__field radio-field checkradio-field\" required=\"required\"><span>Email<\/span><\/label><\/div><div class=\"jet-form-builder__field-wrap radio-wrap checkradio-wrap\"><label class=\"jet-form-builder__field-label for-radio\">\n<input type=\"radio\" name=\"preferred-method-of-communication\" value=\"phone\" data-field-name=\"preferred-method-of-communication\"  class=\"jet-form-builder__field radio-field checkradio-field\" required=\"required\"><span>Phone<\/span><\/label><\/div><\/div>\n<\/div>\n\n<div  data-validation-type=\"advanced\" data-validation-rules=\"[{&quot;__visible&quot;:true,&quot;type&quot;:&quot;regexp&quot;,&quot;value&quot;:&quot;^(?!.*(?:http|www|\\\\.com|\\\\.net|\\\\.ru|\\\\.xyz))[a-zA-Z0-9\u0100\u0101\u010c\u010d\u0112\u0113\u0116\u0117\u0122\u0123\u012a\u012b\u0136\u0137\u013b\u013c\u0145\u0146\u0160\u0161\u016a\u016b\u017d\u017e\u00c0-\u00ff\\\\s.,;:!?&#039;\\&quot;()\\\\-]+$&quot;,&quot;message&quot;:&quot;Please enter a valid message without links or prohibited content.&quot;}]\" class=\"jet-form-builder-row field-type-textarea-field\" >\n<div class=\"jet-form-builder__label\">\r\n<div class=\"jet-form-builder__label-text\">Message<\/div><\/div><div class=\"jet-form-builder__field-wrap\">\n\t\t<textarea class=\"jet-form-builder__field textarea-field\" name=\"message\" data-field-name=\"message\" id=\"message\" data-jfb-sync=\"null\" minlength=\"10\" maxlength=\"500\"><\/textarea>\n\t<\/div>\n<\/div>\n\n<div  class=\"jet-form-builder-row field-type-checkbox-field\" >\n<div class=\"jet-form-builder__fields-group checkradio-wrap\" data-jfb-sync><div class=\"jet-form-builder__field-wrap checkboxes-wrap checkradio-wrap\"><label class=\"jet-form-builder__field-label for-checkbox\">\n\t\t\t<input type=\"checkbox\" name=\"termandconditionscheckbox\" value=\"1\" data-field-name=\"termandconditionscheckbox\"  class=\"jet-form-builder__field checkboxes-field checkradio-field\" required=\"required\"><span><a href=\"https:\/\/www.dammos.com\/terms-conditions\/\" style=\"text-decoration: underline\">Accept the Terms and Conditions<\/a><\/span><\/label><\/div><\/div>\n<\/div>\n\n<div class=\"jet-form-builder-row captcha-token-container\" data-validation-type=\"inherit\">\n\t<input type=\"hidden\" class=\"captcha-token\" name=\"_captcha_token\" value=\"\" data-jfb-sync required=\"required\">\n\t<div class=\"captcha-token-container--inner\"><\/div>\n<\/div><div class=\"jfb-visually-hidden\" tabindex=\"-1\"><div class=\"jet-form-builder__field-wrap\">\n\t\t\t\t<input name=\"_email\" id=\"_email\" type=\"email\" data-field-name=\"_email\" class=\"jet-form-builder__field text-field\" data-jfb-sync=\"null\" autocomplete=\"off_kfcLiK1y\">\n\t\t\t\t\t<\/div><\/div><div  class=\"jet-form-builder-row field-type-submit-field\" >\n\t<div data-type=\"submit\" class=\"jet-form-builder__action-button-wrapper jet-form-builder__submit-wrap\">\n\t<button class=\"jet-form-builder__action-button jet-form-builder__submit submit-type-ajax\" type=\"submit\">Send<\/button>\n\t<\/div>\n\t\n<\/div>\t<div class=\"jet-form-builder-messages-wrap\" data-form-id=\"76178\"><\/div>\n<\/form>\n\t\t\t\t<\/div>\n\t\t\t\t<\/div>\n\t\t\t\t<\/div>\n\t\t\t\t<\/div>\n\t\t\t\t<\/div>\n\t\t<div class=\"elementor-element elementor-element-d718062 e-flex e-con-boxed e-con e-parent\" data-id=\"d718062\" data-element_type=\"container\" data-e-type=\"container\" data-settings=\"{&quot;background_background&quot;:&quot;classic&quot;}\">\n\t\t\t\t\t<div class=\"e-con-inner\">\n\t\t<div class=\"elementor-element elementor-element-2ef18b9 e-con-full e-flex elementor-invisible e-con e-child\" data-id=\"2ef18b9\" data-element_type=\"container\" data-e-type=\"container\" data-settings=\"{&quot;background_background&quot;:&quot;classic&quot;,&quot;animation&quot;:&quot;fadeIn&quot;}\">\n\t\t<div class=\"elementor-element elementor-element-61c3f66 e-con-full e-flex e-con e-child\" data-id=\"61c3f66\" data-element_type=\"container\" data-e-type=\"container\">\n\t\t\t\t<div class=\"elementor-element elementor-element-e270056 elementor-widget elementor-widget-google_maps\" data-id=\"e270056\" data-element_type=\"widget\" data-e-type=\"widget\" data-widget_type=\"google_maps.default\">\n\t\t\t\t<div class=\"elementor-widget-container\">\n\t\t\t\t\t\t\t<div class=\"elementor-custom-embed\">\n\t\t\t<iframe loading=\"lazy\"\n\t\t\t\t\tsrc=\"https:\/\/maps.google.com\/maps?q=Vilnius&#038;t=m&#038;z=10&#038;output=embed&#038;iwloc=near\"\n\t\t\t\t\ttitle=\"Vilnius\"\n\t\t\t\t\taria-label=\"Vilnius\"\n\t\t\t><\/iframe>\n\t\t<\/div>\n\t\t\t\t\t\t<\/div>\n\t\t\t\t<\/div>\n\t\t\t\t<\/div>\n\t\t<div class=\"elementor-element elementor-element-890fef9 e-con-full e-flex e-con e-child\" data-id=\"890fef9\" data-element_type=\"container\" data-e-type=\"container\" data-settings=\"{&quot;background_background&quot;:&quot;classic&quot;}\">\n\t\t\t\t<div class=\"elementor-element elementor-element-59100c0 elementor-widget elementor-widget-heading\" data-id=\"59100c0\" data-element_type=\"widget\" data-e-type=\"widget\" data-widget_type=\"heading.default\">\n\t\t\t\t<div class=\"elementor-widget-container\">\n\t\t\t\t\t<h4 class=\"elementor-heading-title elementor-size-default\">Let\u2019s connect<\/h4>\t\t\t\t<\/div>\n\t\t\t\t<\/div>\n\t\t\t\t<div class=\"elementor-element elementor-element-75ebc99 elementor-widget elementor-widget-text-editor\" data-id=\"75ebc99\" data-element_type=\"widget\" data-e-type=\"widget\" data-widget_type=\"text-editor.default\">\n\t\t\t\t<div class=\"elementor-widget-container\">\n\t\t\t\t\t\t\t\t\t<p>Feel free to contact us in any convenient way<\/p>\t\t\t\t\t\t\t\t<\/div>\n\t\t\t\t<\/div>\n\t\t\t\t<div class=\"elementor-element elementor-element-03cf695 elementor-widget elementor-widget-heading\" data-id=\"03cf695\" data-element_type=\"widget\" data-e-type=\"widget\" data-widget_type=\"heading.default\">\n\t\t\t\t<div class=\"elementor-widget-container\">\n\t\t\t\t\t<h4 class=\"elementor-heading-title elementor-size-default\">UAB DAMMOS STUDIO<\/h4>\t\t\t\t<\/div>\n\t\t\t\t<\/div>\n\t\t\t\t<div class=\"elementor-element elementor-element-5967cb1 elementor-widget elementor-widget-text-editor\" data-id=\"5967cb1\" data-element_type=\"widget\" data-e-type=\"widget\" data-widget_type=\"text-editor.default\">\n\t\t\t\t<div class=\"elementor-widget-container\">\n\t\t\t\t\t\t\t\t\t<p>Company code: 307067606<\/p><p>VAT Nr.: LT100017869216<\/p><p><span style=\"text-align: var(--text-align); -webkit-text-size-adjust: 100%;\">Registration address: <\/span><span style=\"text-align: var(--text-align); -webkit-text-size-adjust: 100%;\" data-sheets-root=\"1\">Gele\u017einio Vilko g. 57A-39, Vilnius LT-08217<\/span><\/p>\t\t\t\t\t\t\t\t<\/div>\n\t\t\t\t<\/div>\n\t\t\t\t<div class=\"elementor-element elementor-element-6e61863 elementor-widget elementor-widget-heading\" data-id=\"6e61863\" data-element_type=\"widget\" data-e-type=\"widget\" data-widget_type=\"heading.default\">\n\t\t\t\t<div class=\"elementor-widget-container\">\n\t\t\t\t\t<h4 class=\"elementor-heading-title elementor-size-default\">Customer service:<\/h4>\t\t\t\t<\/div>\n\t\t\t\t<\/div>\n\t\t\t\t<div class=\"elementor-element elementor-element-8d1043d elementor-widget elementor-widget-text-editor\" data-id=\"8d1043d\" data-element_type=\"widget\" data-e-type=\"widget\" data-widget_type=\"text-editor.default\">\n\t\t\t\t<div class=\"elementor-widget-container\">\n\t\t\t\t\t\t\t\t\t<p><a href=\"https:\/\/wa.me\/37069306717\" target=\"_blank\" rel=\"nofollow noopener\">+370 695 06 341<\/a><\/p><p>info@dammos.com<\/p>\t\t\t\t\t\t\t\t<\/div>\n\t\t\t\t<\/div>\n\t\t\t\t<div class=\"elementor-element elementor-element-f7e55be elementor-widget elementor-widget-heading\" data-id=\"f7e55be\" data-element_type=\"widget\" data-e-type=\"widget\" data-widget_type=\"heading.default\">\n\t\t\t\t<div class=\"elementor-widget-container\">\n\t\t\t\t\t<h4 class=\"elementor-heading-title elementor-size-default\">Let\u2019s meet<\/h4>\t\t\t\t<\/div>\n\t\t\t\t<\/div>\n\t\t\t\t<div class=\"elementor-element elementor-element-79389a5 elementor-widget elementor-widget-text-editor\" data-id=\"79389a5\" data-element_type=\"widget\" data-e-type=\"widget\" data-widget_type=\"text-editor.default\">\n\t\t\t\t<div class=\"elementor-widget-container\">\n\t\t\t\t\t\t\t\t\t<p>By appointment in Vilnius or <a href=\"https:\/\/www.algostinoedemichelis.com\/\" target=\"_blank\" rel=\"noopener nofollow\">Turin<\/a><\/p>\t\t\t\t\t\t\t\t<\/div>\n\t\t\t\t<\/div>\n\t\t\t\t<\/div>\n\t\t\t\t<\/div>\n\t\t\t\t\t<\/div>\n\t\t\t\t<\/div>\n\t\t\t\t<\/div>\n\t\t","protected":false},"excerpt":{"rendered":"<p>Write Me a Message Fill out the form below and I will respond as soon as possible, or choose youre preferred contacts below. Name * Email * Phone Preferred method of communication * Email Phone Message Accept the Terms and Conditions Send Write Me a Message Fill out the form below and I will respond [&hellip;]<\/p>\n","protected":false},"author":2356,"featured_media":0,"parent":0,"menu_order":0,"comment_status":"closed","ping_status":"closed","template":"","meta":{"_jf_limit_responses":"","footnotes":""},"class_list":["post-70700","page","type-page","status-publish","hentry"],"_links":{"self":[{"href":"https:\/\/www.dammos.com\/lt\/wp-json\/wp\/v2\/pages\/70700","targetHints":{"allow":["GET"]}}],"collection":[{"href":"https:\/\/www.dammos.com\/lt\/wp-json\/wp\/v2\/pages"}],"about":[{"href":"https:\/\/www.dammos.com\/lt\/wp-json\/wp\/v2\/types\/page"}],"author":[{"embeddable":true,"href":"https:\/\/www.dammos.com\/lt\/wp-json\/wp\/v2\/users\/2356"}],"replies":[{"embeddable":true,"href":"https:\/\/www.dammos.com\/lt\/wp-json\/wp\/v2\/comments?post=70700"}],"version-history":[{"count":9,"href":"https:\/\/www.dammos.com\/lt\/wp-json\/wp\/v2\/pages\/70700\/revisions"}],"predecessor-version":[{"id":92982,"href":"https:\/\/www.dammos.com\/lt\/wp-json\/wp\/v2\/pages\/70700\/revisions\/92982"}],"wp:attachment":[{"href":"https:\/\/www.dammos.com\/lt\/wp-json\/wp\/v2\/media?parent=70700"}],"curies":[{"name":"wp","href":"https:\/\/api.w.org\/{rel}","templated":true}]}}