{"id":70817,"date":"2022-12-21T17:48:03","date_gmt":"2022-12-21T15:48:03","guid":{"rendered":"https:\/\/www.dammos.com\/terms-conditions-2\/"},"modified":"2025-08-29T22:20:02","modified_gmt":"2025-08-29T19:20:02","slug":"salygos","status":"publish","type":"page","link":"https:\/\/www.dammos.com\/lt\/terms-conditions\/","title":{"rendered":"Terminai ir s\u0105lygos"},"content":{"rendered":"<div data-elementor-type=\"wp-page\" data-elementor-id=\"70817\" class=\"elementor elementor-70817\">\n\t\t\t\t\t\t<section class=\"elementor-section elementor-top-section elementor-element elementor-element-180fc8b9 elementor-section-boxed elementor-section-height-default elementor-section-height-default\" data-id=\"180fc8b9\" data-element_type=\"section\" data-e-type=\"section\">\n\t\t\t\t\t\t<div class=\"elementor-container elementor-column-gap-default\">\n\t\t\t\t\t<div class=\"elementor-column elementor-col-100 elementor-top-column elementor-element elementor-element-54fefbb9\" data-id=\"54fefbb9\" data-element_type=\"column\" data-e-type=\"column\">\n\t\t\t<div class=\"elementor-widget-wrap elementor-element-populated\">\n\t\t\t\t\t\t<div class=\"elementor-element elementor-element-a4a9fea elementor-widget elementor-widget-spacer\" data-id=\"a4a9fea\" data-element_type=\"widget\" data-e-type=\"widget\" data-widget_type=\"spacer.default\">\n\t\t\t\t<div class=\"elementor-widget-container\">\n\t\t\t\t\t\t\t<div class=\"elementor-spacer\">\n\t\t\t<div class=\"elementor-spacer-inner\"><\/div>\n\t\t<\/div>\n\t\t\t\t\t\t<\/div>\n\t\t\t\t<\/div>\n\t\t\t\t<div class=\"elementor-element elementor-element-f3094cb elementor-widget elementor-widget-heading\" data-id=\"f3094cb\" data-element_type=\"widget\" data-e-type=\"widget\" data-widget_type=\"heading.default\">\n\t\t\t\t<div class=\"elementor-widget-container\">\n\t\t\t\t\t<h3 class=\"elementor-heading-title elementor-size-default\">Taisykl\u0117s ir s\u0105lygos<\/h3>\t\t\t\t<\/div>\n\t\t\t\t<\/div>\n\t\t\t\t<div class=\"elementor-element elementor-element-951c36f elementor-widget elementor-widget-spacer\" data-id=\"951c36f\" data-element_type=\"widget\" data-e-type=\"widget\" data-widget_type=\"spacer.default\">\n\t\t\t\t<div class=\"elementor-widget-container\">\n\t\t\t\t\t\t\t<div class=\"elementor-spacer\">\n\t\t\t<div class=\"elementor-spacer-inner\"><\/div>\n\t\t<\/div>\n\t\t\t\t\t\t<\/div>\n\t\t\t\t<\/div>\n\t\t\t\t<div class=\"elementor-element elementor-element-3f19a237 elementor-widget elementor-widget-shortcode\" data-id=\"3f19a237\" data-element_type=\"widget\" data-e-type=\"widget\" data-widget_type=\"shortcode.default\">\n\t\t\t\t<div class=\"elementor-widget-container\">\n\t\t\t\t\t\t\t<div class=\"elementor-shortcode\">\n<!-- This legal document was generated by Complianz Terms &amp; Conditions https:\/\/wordpress.org\/plugins\/complianz-terms-conditions -->\n<div id=\"cmplz-document\" class=\"cmplz-document cmplz-terms-conditions\"><p><i>S\u0105lygos ir nuostatos paskutin\u012f kart\u0105 atnaujintos 2025 04 03.<\/i><\/p><h2>1. \u012evadas<\/h2><p>\u0160ios s\u0105lygos taikomos \u0161iai svetainei ir sandoriams, susijusiems su m\u016bs\u0173 produktais ir paslaugomis. Galite b\u016bti saistomi papildom\u0173 sutar\u010di\u0173, susijusi\u0173 su j\u016bs\u0173 santykiais su mumis arba bet kokiais produktais ar paslaugomis, kuriuos gaunate i\u0161 m\u016bs\u0173. Jei kurios nors papildomos sutar\u010di\u0173 nuostatos prie\u0161tarauja bet kurioms \u0161i\u0173 S\u0105lyg\u0173 nuostatoms, \u0161i\u0173 papildom\u0173 sutar\u010di\u0173 nuostatos bus kontroliuojamos ir bus vir\u0161esn\u0117s.<\/p><h2>2. \u012esipareigojimas<\/h2><p>Registruodamiesi, prisijungdami ar kitaip naudodamiesi \u0161ia svetaine, j\u016bs sutinkate laikytis \u0161i\u0173 toliau pateikt\u0173 S\u0105lyg\u0173 ir nuostat\u0173. Vien naudojimasis \u0161ia svetaine rei\u0161kia, kad \u017einote ir sutinkate su \u0161iomis s\u0105lygomis. Kai kuriais konkre\u010diais atvejais taip pat galime papra\u0161yti j\u016bs\u0173 ai\u0161kiai sutikti.<\/p><h2>3. Elektroninis bendravimas<\/h2><p>Naudodamiesi \u0161ia svetaine arba bendraudami su mumis elektronin\u0117mis priemon\u0117mis, sutinkate, kad galime su jumis susisiekti elektroniniu b\u016bdu \u2013 tiek per m\u016bs\u0173 svetain\u0119, tiek el. pa\u0161tu. Taip pat pripa\u017e\u012fstate, kad visi susitarimai, prane\u0161imai, atskleidimai ir kita informacija, kuri\u0105 jums pateikiame elektroniniu b\u016bdu, atitinka visus teisinius reikalavimus, \u012fskaitant reikalavim\u0105, kad tokie prane\u0161imai b\u016bt\u0173 pateikti ra\u0161tu.<\/p><h2>4. Intelektin\u0117 nuosavyb\u0117<\/h2><p>Mums arba m\u016bs\u0173 licencij\u0173 i\u0161dav\u0117jams priklauso ir kontroliuojamos visos autori\u0173 teis\u0117s ir kitos intelektin\u0117s nuosavyb\u0117s teis\u0117s \u012f svetain\u0119 ir duomenis, informacij\u0105 ir kitus i\u0161teklius, rodomus ar pasiekiamus svetain\u0117je.<\/p><p class=\"cmplz-subtitle\">4.1 Visos teis\u0117s saugomos<\/p><p>Jei konkretus turinys nenurodo kitaip, jums nesuteikiama licencija ar kitos teis\u0117s pagal autori\u0173 teises, prek\u0117s \u017eenkl\u0105, patent\u0105 ar kitas intelektin\u0117s nuosavyb\u0117s teises. Tai rei\u0161kia, kad j\u016bs nenaudosite, nekopijuosite, neatgaminsite, neatliksite, nerodysite, neplatinsite, ne\u012fd\u0117site \u012f joki\u0105 elektronin\u0119 laikmen\u0105, nekeisite, nepertvarkysite, nedekompiliuosite, neperkelsite, neatsisi\u0173site, neperduosite, negausite pinig\u0173, neparduosite, neparduosite rinkai ar komercializuosite joki\u0173 \u0161ioje svetain\u0117je esan\u010di\u0173 i\u0161tekli\u0173. bet kokia forma, be m\u016bs\u0173 i\u0161ankstinio ra\u0161ti\u0161ko leidimo, i\u0161skyrus ir tik tiek, kiek kitaip numato imperatyv\u016bs teis\u0117s aktai (pvz, teis\u0117 cituoti).<\/p><h2>5. Naujienlai\u0161kis<\/h2><p>Nepaisant to, kas i\u0161d\u0117styta pirmiau, galite persi\u0173sti m\u016bs\u0173 naujienlai\u0161k\u012f elektronine forma kitiems, kurie gali b\u016bti suinteresuoti apsilankyti m\u016bs\u0173 svetain\u0117je.<\/p><h2>6. Tre\u010diosios \u0161alies nuosavyb\u0117<\/h2><p>M\u016bs\u0173 svetain\u0117je gali b\u016bti nuorod\u0173 ar kit\u0173 nuorod\u0173 \u012f kit\u0173 \u0161ali\u0173 svetaines. Mes nestebime ir neper\u017ei\u016brime kit\u0173 \u0161ali\u0173 svetaini\u0173, \u012f kurias pateikiamos nuorodos i\u0161 \u0161ios svetain\u0117s, turinio. Kit\u0173 svetaini\u0173 si\u016blomiems produktams ar paslaugoms taikomos t\u0173 tre\u010di\u0173j\u0173 \u0161ali\u0173 taisykl\u0117s ir s\u0105lygos. Tose svetain\u0117se i\u0161sakytomis nuomon\u0117mis ar med\u017eiaga neb\u016btinai mes dalinam\u0117s ar jai pritariame.<\/p><p>Mes neb\u016bsime atsakingi u\u017e joki\u0105 \u0161i\u0173 svetaini\u0173 privatumo praktik\u0105 ar turin\u012f. J\u016bs prisiimate vis\u0105 rizik\u0105, susijusi\u0105 su \u0161i\u0173 svetaini\u0173 naudojimu ir bet kokiomis susijusiomis tre\u010di\u0173j\u0173 \u0161ali\u0173 paslaugomis. Mes neprisiimame jokios atsakomyb\u0117s u\u017e bet kokius nuostolius ar \u017eal\u0105, bet kokiu b\u016bdu, kad ir kokia b\u016bt\u0173 prie\u017eastis, atsiradusi\u0105 d\u0117l j\u016bs\u0173 asmenin\u0117s informacijos atskleidimo tre\u010diosioms \u0161alims.<\/p><h2>7. Atsakingas naudojimas<\/h2><p>Apsilank\u0119 m\u016bs\u0173 svetain\u0117je sutinkate naudoti j\u0105 tik numatytais tikslais ir kaip leid\u017eiama pagal \u0161ias s\u0105lygas, bet kokias papildomas sutartis su mumis ir taikomus \u012fstatymus, reglamentus bei visuotinai priimt\u0105 internetin\u0119 praktik\u0105 ir pramon\u0117s gaires. J\u016bs negalite naudotis m\u016bs\u0173 svetaine ar paslaugomis, kad naudotum\u0117te, skelbtum\u0117te ar platintum\u0117te bet koki\u0105 med\u017eiag\u0105, kuri\u0105 sudaro (ar yra susieta) kenk\u0117ji\u0161ka kompiuteri\u0173 programin\u0117 \u012franga; naudoti i\u0161 m\u016bs\u0173 svetain\u0117s surinktus duomenis bet kokiai tiesiogin\u0117s rinkodaros veiklai arba vykdyti bet koki\u0105 sisteming\u0105 ar automatizuot\u0105 duomen\u0173 rinkimo veikl\u0105 m\u016bs\u0173 svetain\u0117je arba su ja susijusi\u0105 veikl\u0105.<\/p><p>Grie\u017etai draud\u017eiama u\u017esiimti bet kokia veikla, kuri sukelia ar gali pakenkti pasauliui arba trukdo jos veikimui, prieinamumui ar pasiekiamumui.<\/p><h2>8. Registracija<\/h2><p>Galite u\u017esiregistruoti paskyrai m\u016bs\u0173 svetain\u0117je. \u0160io proceso metu gali reik\u0117ti pasirinkti slapta\u017eod\u012f. J\u016bs esate atsakingi u\u017e slapta\u017eod\u017ei\u0173 ir paskyros informacijos konfidencialumo palaikym\u0105 ir sutinkate nesidalyti savo slapta\u017eod\u017eiais, paskyros informacija ar saugia prieiga prie m\u016bs\u0173 svetain\u0117s ar paslaug\u0173 su jokiu kitu asmeniu. Negalite leisti jokiam kitam asmeniui naudotis j\u016bs\u0173 paskyra, kad pasiekt\u0173 svetain\u0119, nes esate atsakingas u\u017e vis\u0105 veikl\u0105, kuri vyksta naudojant j\u016bs\u0173 slapta\u017eod\u017eius ar paskyras. Turite nedelsdami mums prane\u0161ti, jei su\u017einosite, kad buvo atskleistas j\u016bs\u0173 slapta\u017eodis.<\/p><p>Po paskyros nutraukimo nem\u0117ginsite registruoti naujos paskyros be m\u016bs\u0173 leidimo.<\/p><h2>9. Pinig\u0173 gr\u0105\u017einimo ir gr\u0105\u017einimo politika<\/h2><p class=\"cmplz-subtitle\">9.1 Teis\u0117 atsisakyti sutarties<\/p><p>J\u016bs turite teis\u0119 atsisakyti \u0161ios sutarties per 14 dien\u0173 nenurodydami jokios prie\u017easties.<\/p><p>Atsisakymo laikotarpis baigsis po 14 dien\u0173 nuo tos dienos, kai prekes \u012fsigijote j\u016bs arba j\u016bs\u0173 nurodyta tre\u010dioji \u0161alis, i\u0161skyrus ve\u017e\u0117j\u0105, fizi\u0161kai \u012fgyja prekes.<\/p><p>Nor\u0117dami pasinaudoti teise atsisakyti sutarties, turite nedviprasmi\u0161ku parei\u0161kimu (pavyzd\u017eiui, pa\u0161tu, faksu ar el. pa\u0161tu i\u0161si\u0173stu lai\u0161ku) informuoti mus apie savo sprendim\u0105 atsisakyti \u0161ios sutarties.&nbsp;M\u016bs\u0173 kontaktinius duomenis rasite \u017eemiau.&nbsp;You may use the attached model <a target=\"_blank\" href=\"https:\/\/www.dammos.com\/wp-content\/uploads\/complianz\/withdrawal-forms\/withdrawal-form-lt.pdf\">pasitraukimo forma<\/a>, ta\u010diau tai n\u0117ra privaloma.<\/p><p>Taip pat galite elektroniniu b\u016bdu u\u017epildyti ir pateikti pavyzdin\u0119 atsisakymo form\u0105 arba bet kok\u012f kit\u0105 nedviprasmi\u0161k\u0105 parei\u0161kim\u0105 m\u016bs\u0173 <a href=\"https:\/\/www.dammos.com\/lt\/contact\/\"> svetain\u0117<\/a>.<\/p><p>Jei pasinaudosite \u0161ia galimybe, nedelsdami patvariojoje laikmenoje (pavyzd\u017eiui, el. pa\u0161tu) i\u0161si\u0173sime jums tokio atsisakymo gavimo patvirtinim\u0105.<\/p><p>Kad b\u016bt\u0173 laikomasi sutarties atsisakymo termino, pakanka i\u0161si\u0173sti prane\u0161im\u0105 apie naudojim\u0105si teise atsisakyti sutarties prie\u0161 pasibaigiant sutarties atsisakymo terminui.<\/p><p class=\"cmplz-subtitle\">9.2 Nutraukimo pasekm\u0117s<\/p><p>Jei atsisakysite \u0161ios sutarties, mes gr\u0105\u017einsime jums visus i\u0161 j\u016bs\u0173 gautus mok\u0117jimus, \u012fskaitant pristatymo i\u0161laidas (i\u0161skyrus papildomas i\u0161laidas, atsirandan\u010dias pasirinkus kit\u0105 pristatymo b\u016bd\u0105 nei pigiausias standartinis pristatymo b\u016bdas, kur\u012f si\u016blo mums), nepagr\u012fstai nedelsdami ir bet kuriuo atveju ne v\u0117liau kaip per 14 dien\u0173 nuo tos dienos, kai mus informavo apie j\u016bs\u0173 sprendim\u0105 atsisakyti \u0161ios sutarties. Mes atliksime tok\u012f gr\u0105\u017einim\u0105 naudodami t\u0105 pa\u010di\u0105 mok\u0117jimo priemon\u0119, kuri\u0105 naudojote atlikdami pradin\u0119 operacij\u0105, nebent ai\u0161kiai susitar\u0117te kitaip; bet kuriuo atveju jums nereik\u0117s mok\u0117ti joki\u0173 mokes\u010di\u0173 d\u0117l tokio kompensavimo.<\/p><p>J\u016bs privalote nedelsdami ir bet kuriuo atveju ne v\u0117liau kaip per 14 dien\u0173 nuo tos dienos, kai prane\u0161\u0117te mums apie \u0161ios sutarties atsisakym\u0105, gr\u0105\u017einti prekes arba perduoti jas mums arba m\u016bs\u0173 \u012fgaliotam asmeniui gauti prekes. Termino laikomasi, jei gr\u0105\u017einate prekes nepasibaigus 14 dien\u0173 terminui.<\/p><p>Galime nesumok\u0117ti pinig\u0173, kol negr\u0105\u017einsime preki\u0173 arba j\u016bs nepateiksite \u012frodym\u0173, kad gr\u0105\u017einote prekes, atsi\u017evelgiant \u012f tai, kas \u012fvyksta anks\u010diau.<\/p><p>J\u016bs tur\u0117site padengti tiesiogines preki\u0173 gr\u0105\u017einimo i\u0161laidas.<\/p><p>J\u016bs atsakote tik u\u017e bet koki\u0105 preki\u0173 vert\u0117s suma\u017e\u0117jim\u0105, atsiradus\u012f d\u0117l kitokio, nei b\u016btina preki\u0173 pob\u016bd\u017eiui, savyb\u0117ms ir veikimui nustatyti, tvarkymo.<\/p><p>Atkreipkite d\u0117mes\u012f, kad yra keletas teisini\u0173 teis\u0117s atsisakyti sutarties i\u0161im\u010di\u0173, tod\u0117l kai kuri\u0173 preki\u0173 negalima gr\u0105\u017einti ar pakeisti. Informuosime jus, jei tai taikoma j\u016bs\u0173 konkre\u010diam atvejui.<\/p><h2>10. Id\u0117jos pateikimas<\/h2><p>Neteikite joki\u0173 id\u0117j\u0173, i\u0161radim\u0173, autorini\u0173 k\u016brini\u0173 ar kitos informacijos, kuri gali b\u016bti laikoma j\u016bs\u0173 intelektine nuosavybe, kuri\u0105 nor\u0117tum\u0117te mums pateikti, nebent prie\u0161 tai esame pasira\u0161\u0119 susitarim\u0105 d\u0117l intelektin\u0117s nuosavyb\u0117s ar neatskleidimo. Jei atskleid\u017eiate mums tai be tokios ra\u0161ytin\u0117s sutarties, suteikiate mums pasaulin\u0119, neat\u0161aukiam\u0105, nei\u0161skirtin\u0119, nemokam\u0105 licencij\u0105 naudoti, atgaminti, saugoti, pritaikyti, skelbti, versti ir platinti j\u016bs\u0173 turin\u012f bet kurioje esamoje ar b\u016bsimoje laikmenoje. .<\/p><h2>11. Naudojimo nutraukimas<\/h2><p>Savo nuo\u017ei\u016bra galime bet kada laikinai arba visam laikui pakeisti arba nutraukti prieig\u0105 prie svetain\u0117s ar bet kurios joje esan\u010dios paslaugos. J\u016bs sutinkate, kad mes neb\u016bsime atsakingi jums ar jokiai tre\u010diajai \u0161aliai u\u017e bet kokius tokius j\u016bs\u0173 prieigos prie svetain\u0117s ar bet kokio turinio, kur\u012f galb\u016bt bendrinote svetain\u0117je, pakeitim\u0105, sustabdym\u0105 ar nutraukim\u0105. J\u016bs netur\u0117site teis\u0117s \u012f joki\u0105 kompensacij\u0105 ar kit\u0105 mok\u0117jim\u0105, net jei ten tikros funkcijos, nustatymai ir (arba) bet koks Turinys, kur\u012f pateik\u0117te arba kuriuo prad\u0117jote pasikliauti, bus visam laikui prarasti. J\u016bs neturite pergudrauti ar apeiti, arba bandyti pergudrauti ar apeiti bet koki\u0173 prieigos ribojimo priemoni\u0173 m\u016bs\u0173 svetain\u0117je.<\/p><h2>12. Garantijos ir atsakomyb\u0117<\/h2><p>N\u0117 viena \u0161io skyriaus nuostata neapribos ar nepanaikins jokios \u012fstatyme numatytos garantijos, kuri\u0105 apriboti arba atmesti b\u016bt\u0173 neteis\u0117ta. \u0160i svetain\u0117 ir visas jos turinys pateikiami \"toks, koks yra\" ir \"kaip prieinamas\", ir gali b\u016bti netikslum\u0173 ar spausdinimo klaid\u0173. Mes ai\u0161kiai atsisakome bet koki\u0173 garantij\u0173, tiek ai\u0161ki\u0173, tiek numanom\u0173, susijusi\u0173 su Turinio prieinamumu, tikslumu ar i\u0161samumu. Mes nesuteikiame garantij\u0173, kad:<\/p><p><ul>\n\t\t\t\t<li>\u0160i svetain\u0117 arba m\u016bs\u0173 produktai ar paslaugos atitiks j\u016bs\u0173 reikalavimus;<\/li>\n\t\t\t\t<li>\u0160i svetain\u0117 bus prieinama nepertraukiamai, laiku, saugiai ar be klaid\u0173;<\/li>\n\t\t\t\t<li>bet kokio produkto ar paslaugos, kuri\u0105 \u012fsigijote ar gavote per \u0161i\u0105 svetain\u0119, kokyb\u0117 atitiks j\u016bs\u0173 l\u016bkes\u010dius.<\/li>\n\t\t\t<\/ul><\/p><p>Niekas \u0161ioje svetain\u0117je n\u0117ra teisin\u0117, finansin\u0117 ar medicinin\u0117 konsultacija. Jei jums reikia patarimo, kreipkit\u0117s \u012f atitinkam\u0105 specialist\u0105.<\/p><p>Toliau pateiktos \u0161io skyriaus nuostatos bus taikomos tiek, kiek leid\u017eia taikytini \u012fstatymai, ir neapribos arba neatmeta m\u016bs\u0173 atsakomyb\u0117s u\u017e bet kokius dalykus, kuriuos apriboti ar panaikinti b\u016bt\u0173 neteis\u0117ta ar neteis\u0117ta. Jokiu b\u016bdu neb\u016bsime atsakingi u\u017e bet koki\u0105 tiesiogin\u0119 ar netiesiogin\u0119 \u017eal\u0105 (\u012fskaitant bet kokius nuostolius d\u0117l prarasto pelno ar pajam\u0173, duomen\u0173, programin\u0117s \u012frangos ar duomen\u0173 baz\u0117s praradimo ar sugadinimo, turto ar duomen\u0173 praradimo ar \u017ealos), kuri\u0105 patyr\u0117te j\u016bs ar bet kuri tre\u010dioji. \u0161alis, atsirandanti d\u0117l j\u016bs\u0173 prieigos prie m\u016bs\u0173 svetain\u0117s arba naudojimosi ja.<\/p><p>I\u0161skyrus tuos atvejus, kai bet kurioje papildomoje sutartyje ai\u0161kiai nurodyta kitaip, m\u016bs\u0173 did\u017eiausia atsakomyb\u0117 jums u\u017e visus nuostolius, kylan\u010dius ar susijusius su svetaine arba bet kokiais produktais ir paslaugomis, parduodamais ar parduodamais per svetain\u0119, neatsi\u017evelgiant \u012f teisminio veiksmo form\u0105, kuri u\u017etraukia atsakomyb\u0119 ( nesvarbu, ar tai yra sutartis, s\u0105\u017einingumas, aplaidumas, numatytas elgesys, deliktas ar kita) bus apribota bendra kaina, kuri\u0105 sumok\u0117jote mums u\u017e toki\u0173 produkt\u0173 ar paslaug\u0173 \u012fsigijim\u0105 arba naudojim\u0105si svetaine. Toks apribojimas bus taikomas bendrai visiems j\u016bs\u0173 reikalavimams, veiksmams ir bet kokio pob\u016bd\u017eio ir pob\u016bd\u017eio veiksm\u0173 prie\u017eastims.<\/p><h2>13. Privatumas<\/h2><p>Nor\u0117dami patekti \u012f m\u016bs\u0173 svetain\u0119 ir (arba) paslaugas, registracijos proceso metu gali tekti pateikti tam tikr\u0105 informacij\u0105 apie i\u0161saugojim\u0105. Sutinkate, kad bet kokia j\u016bs\u0173 pateikta informacija visada bus tiksli, teisinga ir atnaujinta.<\/p><p>Mes rimtai \u017ei\u016brime \u012f j\u016bs\u0173 asmens duomenis ir esame \u012fsipareigoj\u0119 apsaugoti j\u016bs\u0173 privatum\u0105. Mes nenaudosime j\u016bs\u0173 el. pa\u0161to adreso nepageidaujamiems lai\u0161kams. Bet kokie m\u016bs\u0173 jums siun\u010diami el. lai\u0161kai bus susij\u0119 tik su sutart\u0173 produkt\u0173 ar paslaug\u0173 teikimu.<\/p><p>Suk\u016br\u0117me politik\u0105, skirt\u0105 spr\u0119sti bet kokias privatumo problemas, kurios gali kilti.&nbsp;For more information, please see our <a href=\"\">Privatumo politika<\/a> ir m\u016bs\u0173 <a href=\"https:\/\/www.dammos.com\/lt\/slapuku-politika-eu\/\">Slapuk\u0173 politika<\/a>.<\/p><h2>14. Eksporto apribojimai \/ Teis\u0117s laikymasis<\/h2><p>Draud\u017eiama patekti \u012f svetain\u0119 i\u0161 teritorij\u0173 ar \u0161ali\u0173, kuriose svetain\u0117je parduodam\u0173 produkt\u0173 ar paslaug\u0173 Turinys arba pirkimas yra neteis\u0117tas. J\u016bs negalite naudoti \u0161ios svetain\u0117s pa\u017eeisdami Lietuvos eksporto \u012fstatymus ir reglamentus.<\/p><h2>15. Paskyrimas<\/h2><p>Be i\u0161ankstinio ra\u0161ytinio m\u016bs\u0173 sutikimo negalite perleisti, perduoti ar subrangos sutartimi sudaryti subrangos sutart\u012f bet koki\u0173 savo teisi\u0173 ir (arba) \u012fsipareigojim\u0173 pagal \u0161ias S\u0105lygas ir nuostatas, visi\u0161kai ar i\u0161 dalies jokiai tre\u010diajai \u0161aliai. Bet koks tariamas asfaltavimas, pa\u017eeid\u017eiantis \u0161\u012f skyri\u0173, autobusas niekinis ir negaliojantis.<\/p><h2>16. \u0160i\u0173 Taisykli\u0173 ir s\u0105lyg\u0173 pa\u017eeidimai<\/h2><p>Nepa\u017eeisdami kit\u0173 m\u016bs\u0173 teisi\u0173 pagal \u0161ias S\u0105lygas ir nuostatas, jei bet kokiu b\u016bdu pa\u017eeisite \u0161ias S\u0105lygas ir nuostatas, galime imtis toki\u0173 veiksm\u0173, kurie, m\u016bs\u0173 manymu, yra tinkami pa\u017eeidimui pa\u0161alinti, \u012fskaitant laikin\u0105 arba nuolatin\u012f j\u016bs\u0173 prieigos prie svetain\u0117s sustabdym\u0105, susisiekim\u0105 su el. j\u016bs\u0173 interneto paslaug\u0173 teik\u0117jas papra\u0161ys, kad u\u017eblokuot\u0173 j\u016bs\u0173 prieig\u0105 prie svetain\u0117s ir (arba) prad\u0117t\u0173 prie\u0161 jus teisinius veiksmus.<\/p><h2>17. \u017dalos atlyginimas<\/h2><p>J\u016bs sutinkate atlyginti \u017eal\u0105, ginti ir apsaugoti mus nuo vis\u0173 pretenzij\u0173, \u012fsipareigojim\u0173, \u017ealos, nuostoli\u0173 ir i\u0161laid\u0173, susijusi\u0173 su \u0161i\u0173 S\u0105lyg\u0173 ir taikom\u0173 \u012fstatym\u0173, \u012fskaitant intelektin\u0117s nuosavyb\u0117s teises ir privatumo teises, pa\u017eeidimu. J\u016bs nedelsdami atlyginsite mums \u017eal\u0105, nuostolius, i\u0161laidas ir i\u0161laidas, susijusias su tokiais ie\u0161kiniais arba kylan\u010dias i\u0161 j\u0173.<\/p><h2>18. Atsisakymas<\/h2><p>Bet kurios \u0161iose s\u0105lygose taisykl\u0117se bei bet kurioje Sutartyje i\u0161d\u0117styt\u0173 nuostat\u0173 nevykdymas arba nepasinaudojimas bet kokia galimybe nutraukti sutart\u012f nelaikomas toki\u0173 nuostat\u0173 atsisakymu ir neturi \u012ftakos \u0161i\u0173 S\u0105lyg\u0173 ar bet kurios sutarties galiojimui. Sutartis ar bet kuri jos dalis arba teis\u0117 po to \u012fgyvendinti kiekvien\u0105 nuostat\u0105.<\/p><h2>19. Kalba<\/h2><p>\u0160ios s\u0105lygos ir taisykl\u0117s bus ai\u0161kinamos ir ai\u0161kinamos i\u0161imtinai angli\u0161kai. Visi prane\u0161imai ir korespondencija bus ra\u0161omi tik ta kalba.<\/p><h2>20. Pilnas susitarimas<\/h2><p>\u0160ios S\u0105lygos ir nuostatos kartu su m\u016bs\u0173 <a href=\"\">privatumo parei\u0161kimas<\/a> ir <a href=\"https:\/\/www.dammos.com\/lt\/slapuku-politika-eu\/\">slapuk\u0173 politika<\/a>, sudaro vis\u0105 j\u016bs\u0173 ir UAB Dammos studio, \u012fmon\u0117s kodas: 307067606 d\u0117l j\u016bs\u0173 naudojimosi \u0161ia svetaine.<\/p><h2>21. \u0160i\u0173 S\u0105lyg\u0173 ir nuostat\u0173 atnaujinimas<\/h2><p>Retkar\u010diais galime atnaujinti \u0161ias S\u0105lygas ir nuostatas. \u0160i\u0173 taisykli\u0173 ir s\u0105lyg\u0173 prad\u017eioje nurodyta duomen\u0173 yra paskutin\u0117 per\u017ei\u016bros data. Apie bet kokius pakeitimus ar atnaujinimus informuosime ra\u0161tu, o pataisytos s\u0105lygos ir taisykl\u0117s \u012fsigalios nuo tos dienos, kai mes jums tok\u012f prane\u0161im\u0105 pateiksime. J\u016bs\u0173 tolesnis naudojimasis \u0161ia svetaine po pakeitim\u0173 ar atnaujinim\u0173 paskelbimo bus laikomas prane\u0161imu apie j\u016bs\u0173 sutikim\u0105 laikytis \u0161i\u0173 S\u0105lyg\u0173 ir nuostat\u0173 bei j\u0173 laikytis. Nor\u0117dami papra\u0161yti ankstesn\u0117s \u0161i\u0173 S\u0105lyg\u0173 ir nuostat\u0173 versijos, susisiekite su mumis.<\/p><h2>22. Teis\u0117s ir jurisdikcijos pasirinkimas<\/h2><p>\u0160ioms taisykl\u0117ms ir s\u0105lygoms taikomi Lietuvos \u012fstatymai. Bet kokie gin\u010dai, susij\u0119 su \u0161iomis taisykl\u0117mis ir s\u0105lygomis, priklauso Lietuvos teism\u0173 jurisdikcijai. Jei teismas ar kita institucija nustato, kad kuri nors \u0161i\u0173 s\u0105lyg\u0173 ir taisykli\u0173 dalis ar nuostata yra negaliojanti ir (arba) ne\u012fgyvendinama pagal galiojan\u010dius \u012fstatymus, tokia dalis ar nuostata bus pakeista, i\u0161trinta ir (arba) taikoma maksimaliai leistina apimtimi, kad b\u016bt\u0173 \u012fgyvendinti \u0161i\u0173 taisykli\u0173 ir s\u0105lyg\u0173 tiksl\u0105. Kitos nuostatos neturi \u012ftakos.<\/p><h2>23. Kontaktin\u0117 informacija<\/h2><p>\u0160i svetain\u0117 priklauso ir j\u0105 valdo UAB Dammos studio, \u012emon\u0117s kodas: 307067606.<\/p><p>Galite susisiekti su mumis d\u0117l \u0161i\u0173 S\u0105lyg\u0173 ir nuostat\u0173 per m\u016bs\u0173 <a href=\"https:\/\/www.dammos.com\/lt\/contact\/\">Susisiekite su<\/a> puslapis.<\/p><h2>24. Atsisiuntimas<\/h2><p>Taip pat galite <a href=\"https:\/\/www.dammos.com\/wp-content\/plugins\/complianz-terms-conditions\/download.php\">atsisi\u0173sti<\/a> m\u016bs\u0173 Taisykles ir s\u0105lygas PDF formatu.<\/p><\/div><\/div>\n\t\t\t\t\t\t<\/div>\n\t\t\t\t<\/div>\n\t\t\t\t<div class=\"elementor-element elementor-element-21d20c0 elementor-widget elementor-widget-spacer\" data-id=\"21d20c0\" data-element_type=\"widget\" data-e-type=\"widget\" data-widget_type=\"spacer.default\">\n\t\t\t\t<div class=\"elementor-widget-container\">\n\t\t\t\t\t\t\t<div class=\"elementor-spacer\">\n\t\t\t<div class=\"elementor-spacer-inner\"><\/div>\n\t\t<\/div>\n\t\t\t\t\t\t<\/div>\n\t\t\t\t<\/div>\n\t\t\t\t\t<\/div>\n\t\t<\/div>\n\t\t\t\t\t<\/div>\n\t\t<\/section>\n\t\t\t\t<\/div>","protected":false},"excerpt":{"rendered":"<p>Taisykl\u0117s ir s\u0105lygos<\/p>","protected":false},"author":2356,"featured_media":0,"parent":0,"menu_order":0,"comment_status":"closed","ping_status":"closed","template":"","meta":{"_jf_limit_responses":"","footnotes":""},"class_list":["post-70817","page","type-page","status-publish","hentry"],"_links":{"self":[{"href":"https:\/\/www.dammos.com\/lt\/wp-json\/wp\/v2\/pages\/70817","targetHints":{"allow":["GET"]}}],"collection":[{"href":"https:\/\/www.dammos.com\/lt\/wp-json\/wp\/v2\/pages"}],"about":[{"href":"https:\/\/www.dammos.com\/lt\/wp-json\/wp\/v2\/types\/page"}],"author":[{"embeddable":true,"href":"https:\/\/www.dammos.com\/lt\/wp-json\/wp\/v2\/users\/2356"}],"replies":[{"embeddable":true,"href":"https:\/\/www.dammos.com\/lt\/wp-json\/wp\/v2\/comments?post=70817"}],"version-history":[{"count":1,"href":"https:\/\/www.dammos.com\/lt\/wp-json\/wp\/v2\/pages\/70817\/revisions"}],"predecessor-version":[{"id":91783,"href":"https:\/\/www.dammos.com\/lt\/wp-json\/wp\/v2\/pages\/70817\/revisions\/91783"}],"wp:attachment":[{"href":"https:\/\/www.dammos.com\/lt\/wp-json\/wp\/v2\/media?parent=70817"}],"curies":[{"name":"wp","href":"https:\/\/api.w.org\/{rel}","templated":true}]}}