{"id":76745,"date":"2023-05-30T12:28:52","date_gmt":"2023-05-30T10:28:52","guid":{"rendered":"https:\/\/www.dammos.com\/disclaimer\/"},"modified":"2025-04-28T21:14:48","modified_gmt":"2025-04-28T18:14:48","slug":"atsakomybes-apribojimas","status":"publish","type":"page","link":"https:\/\/www.dammos.com\/lt\/disclaimer\/","title":{"rendered":"Atsakomyb\u0117"},"content":{"rendered":"<div data-elementor-type=\"wp-page\" data-elementor-id=\"76745\" class=\"elementor elementor-76745\">\n\t\t\t\t<div class=\"elementor-element elementor-element-1a7604b4 e-flex e-con-boxed e-con e-parent\" data-id=\"1a7604b4\" data-element_type=\"container\" data-e-type=\"container\">\n\t\t\t\t\t<div class=\"e-con-inner\">\n\t\t\t\t<div class=\"elementor-element elementor-element-8ea3b48 elementor-widget elementor-widget-heading\" data-id=\"8ea3b48\" data-element_type=\"widget\" data-e-type=\"widget\" data-widget_type=\"heading.default\">\n\t\t\t\t<div class=\"elementor-widget-container\">\n\t\t\t\t\t<h3 class=\"elementor-heading-title elementor-size-default\">Atsakomyb\u0117<\/h3>\t\t\t\t<\/div>\n\t\t\t\t<\/div>\n\t\t\t\t<div class=\"elementor-element elementor-element-637284f3 elementor-widget elementor-widget-shortcode\" data-id=\"637284f3\" data-element_type=\"widget\" data-e-type=\"widget\" data-widget_type=\"shortcode.default\">\n\t\t\t\t<div class=\"elementor-widget-container\">\n\t\t\t\t\t\t\t<div class=\"elementor-shortcode\">\n<!-- Legal document generated by Complianz | GDPR\/CCPA Cookie Consent https:\/\/wordpress.org\/plugins\/complianz-gdpr -->\n<div id=\"cmplz-document\" class=\"cmplz-document disclaimer cmplz-document-all\"><p>Ma\u017eena Giedryt\u0117 \u012fsipareigoja, kad \u0161i svetain\u0117 b\u016bt\u0173 atnaujinta ir tiksli. Jei vis d\u0117lto pasteb\u0117tum\u0117te k\u0105 nors neteisingo ar pasenusio, b\u016btume d\u0117kingi, jei prane\u0161tum\u0117te mums. Nurodykite, kurioje svetain\u0117s vietoje skait\u0117te informacij\u0105. Tada mes kuo grei\u010diau tai i\u0161nagrin\u0117sime. Savo pasi\u016blymus atsi\u0173skite el. pa\u0161tu adresu: <span class=\"cmplz-obfuscate\">info@<span class=\"cmplz-fmail-domain\">ex.&#099;&#111;m<\/span>&#100;a&#109;&#109;os&#046;&#099;&#111;&#109;<\/span>.<\/p><p>Bet kokie asmens duomenys, kuriuos mums pateikiate atsakydami ar pra\u0161ydami informacijos, bus naudojami tik pagal m\u016bs\u0173 privatumo parei\u0161kim\u0105.<\/p><p>Visos intelektin\u0117s nuosavyb\u0117s teis\u0117s \u012f \u0161ios svetain\u0117s turin\u012f priklauso Ma\u017eena Giedryt\u0117.<\/p><p>\u0160ios med\u017eiagos kopijavimas, platinimas ir kitoks naudojimas neleid\u017eiamas be ra\u0161ti\u0161ko Ma\u017eenos Giedryt\u0117s leidimo, i\u0161skyrus ir tik tiek, kiek kitaip numato imperatyv\u016bs teis\u0117s aktai (pavyzd\u017eiui, teis\u0117 cituoti), nebent konkretus turinys nurodo kitaip.<\/p><p>Jei turite klausim\u0173 ar problem\u0173 d\u0117l svetain\u0117s prieinamumo, nedvejodami susisiekite su mumis.<\/p><\/div><\/div>\n\t\t\t\t\t\t<\/div>\n\t\t\t\t<\/div>\n\t\t\t\t<div class=\"elementor-element elementor-element-6baa584 elementor-widget elementor-widget-spacer\" data-id=\"6baa584\" data-element_type=\"widget\" data-e-type=\"widget\" data-widget_type=\"spacer.default\">\n\t\t\t\t<div class=\"elementor-widget-container\">\n\t\t\t\t\t\t\t<div class=\"elementor-spacer\">\n\t\t\t<div class=\"elementor-spacer-inner\"><\/div>\n\t\t<\/div>\n\t\t\t\t\t\t<\/div>\n\t\t\t\t<\/div>\n\t\t\t\t\t<\/div>\n\t\t\t\t<\/div>\n\t\t\t\t<\/div>","protected":false},"excerpt":{"rendered":"<p>Atsakomyb\u0117<\/p>","protected":false},"author":2356,"featured_media":0,"parent":0,"menu_order":0,"comment_status":"closed","ping_status":"closed","template":"","meta":{"_jf_limit_responses":"","footnotes":""},"class_list":["post-76745","page","type-page","status-publish","hentry"],"_links":{"self":[{"href":"https:\/\/www.dammos.com\/lt\/wp-json\/wp\/v2\/pages\/76745","targetHints":{"allow":["GET"]}}],"collection":[{"href":"https:\/\/www.dammos.com\/lt\/wp-json\/wp\/v2\/pages"}],"about":[{"href":"https:\/\/www.dammos.com\/lt\/wp-json\/wp\/v2\/types\/page"}],"author":[{"embeddable":true,"href":"https:\/\/www.dammos.com\/lt\/wp-json\/wp\/v2\/users\/2356"}],"replies":[{"embeddable":true,"href":"https:\/\/www.dammos.com\/lt\/wp-json\/wp\/v2\/comments?post=76745"}],"version-history":[{"count":0,"href":"https:\/\/www.dammos.com\/lt\/wp-json\/wp\/v2\/pages\/76745\/revisions"}],"wp:attachment":[{"href":"https:\/\/www.dammos.com\/lt\/wp-json\/wp\/v2\/media?parent=76745"}],"curies":[{"name":"wp","href":"https:\/\/api.w.org\/{rel}","templated":true}]}}