{"id":85493,"date":"2025-03-09T00:37:42","date_gmt":"2025-03-08T22:37:42","guid":{"rendered":"https:\/\/www.dammos.com\/?page_id=85493"},"modified":"2025-09-19T20:08:39","modified_gmt":"2025-09-19T17:08:39","slug":"mokejimai-pristatymas","status":"publish","type":"page","link":"https:\/\/www.dammos.com\/lt\/payments-shipping\/","title":{"rendered":"Mok\u0117jimai ir pristatymas"},"content":{"rendered":"<div data-elementor-type=\"wp-page\" data-elementor-id=\"85493\" class=\"elementor elementor-85493\">\n\t\t\t\t<div class=\"elementor-element elementor-element-061f957 e-flex e-con-boxed e-con e-parent\" data-id=\"061f957\" data-element_type=\"container\" data-e-type=\"container\">\n\t\t\t\t\t<div class=\"e-con-inner\">\n\t\t\t\t<div class=\"elementor-element elementor-element-4b13674 elementor-widget elementor-widget-spacer\" data-id=\"4b13674\" data-element_type=\"widget\" data-e-type=\"widget\" data-widget_type=\"spacer.default\">\n\t\t\t\t<div class=\"elementor-widget-container\">\n\t\t\t\t\t\t\t<div class=\"elementor-spacer\">\n\t\t\t<div class=\"elementor-spacer-inner\"><\/div>\n\t\t<\/div>\n\t\t\t\t\t\t<\/div>\n\t\t\t\t<\/div>\n\t\t\t\t<div class=\"elementor-element elementor-element-c6a0fc3 elementor-widget elementor-widget-heading\" data-id=\"c6a0fc3\" data-element_type=\"widget\" data-e-type=\"widget\" data-widget_type=\"heading.default\">\n\t\t\t\t<div class=\"elementor-widget-container\">\n\t\t\t\t\t<h3 class=\"elementor-heading-title elementor-size-default\">Pristatymas ir Apmok\u0117jimas <\/h3>\t\t\t\t<\/div>\n\t\t\t\t<\/div>\n\t\t\t\t<div class=\"elementor-element elementor-element-13216a3 elementor-widget elementor-widget-text-editor\" data-id=\"13216a3\" data-element_type=\"widget\" data-e-type=\"widget\" data-widget_type=\"text-editor.default\">\n\t\t\t\t<div class=\"elementor-widget-container\">\n\t\t\t\t\t\t\t\t\t<ul><li><h6>Preki\u0173 pristatymo s\u0105lygos<\/h6><\/li><\/ul><p><span style=\"text-decoration: underline;\">1.1 Pristatymo vietos ir terminai<\/span><\/p><ul><li><p>\u0160iuo metu u\u017esakymus siun\u010diame tik Lietuvoje.<br \/>Standartinis pristatymo laikas - 2-5 darbo dienos.<\/p><\/li><\/ul><p><span style=\"text-decoration: underline;\">1.2 Pristatymo kaina<\/span><\/p><ul><li><p>LP Express pa\u0161tomatai \u2013 standartinis mokestis pagal siuntos dyd\u012f.<\/p><\/li><\/ul><p><span style=\"text-decoration: underline;\">1.3 Gavus pa\u017eeist\u0105 siunt\u0105<\/span><\/p><ul><li>Jei pristatyta siunta akivaizd\u017eiai pa\u017eeista ar sugadinta, pra\u0161ome:<br \/><em>Nepriimti siuntos arba fiksuoti pa\u017eeidim\u0105 (nufotografuoti).<br \/><\/em><em>Nedelsiant susisiekti su mumis el. pa\u0161tu info@dammos.com, pateikiant nuotraukas ir u\u017esakymo duomenis.<\/em><\/li><\/ul><p><span style=\"text-decoration: underline;\">1.4 Prarastos siuntos<\/span><\/p><ul><li>Jei siunta dingo, susisiekiame su kurjeri\u0173 tarnyba d\u0117l situacijos i\u0161siai\u0161kinimo.<br \/>Tuo tarpu klientui gali b\u016bti i\u0161si\u0173sta nauja siunta, arba, jei tokios prek\u0117s nebeturime \u2013 gr\u0105\u017einami pinigai.<\/li><li><h6>Apmok\u0117jimo s\u0105lygos<\/h6><\/li><\/ul><p><span style=\"text-decoration: underline;\">2.1 Priimami mok\u0117jimo b\u016bdai<\/span><\/p><ul><li>Mok\u0117jimus galima atlikti naudojantis Swed, Seb, Luminor, Citadele, \u0160iauli\u0173 banko elektronin\u0117s bankininkyst\u0117s paslaugomis<\/li><li>Kredito kortel\u0117s Visa\/MasterCard<\/li><li>Mok\u0117jimai atliekami eurais.<\/li><li>Mok\u0117jimai apdorojami naudojant <a href=\"http:\/\/makecommerce.lt\/\" rel=\"noopener noreferrer nofollow\" target=\"_blank\"><strong>MakeCommerce.lt<\/strong><\/a> mok\u0117jimo platforma.<\/li><\/ul><p><span style=\"text-decoration: underline;\">2.2 Neapmok\u0117ti u\u017esakymai<\/span><\/p><ul><li><p>Neapmok\u0117ti ar nepatvirtinti u\u017esakymai po 3 dien\u0173 pa\u0161alinami i\u0161 sistemos.<\/p><\/li><\/ul><p><span style=\"text-decoration: underline;\">2.3 Bankiniai rekvizitai<\/span><\/p><ul><li>Atsiskaitydami bankiniu pavedimu, pra\u0161ome naudoti \u0161iuos rekvizitus:<\/li><li><em>UAB Dammos studio<br \/><\/em><em>\u012emon\u0117s kodas: 307067606<br \/><\/em><em>Banko s\u0105skaita (IBAN): LT18704409011346547474<br \/><\/em><em>Bankas: AB SEB bankas<br \/>SWIFT kodas: CBVILT2X<\/em><\/li><\/ul><p class=\"p1\"><span style=\"text-decoration: underline;\"><span class=\"s1\">2.4 Lojalumo ta\u0161k\u0173 naudojimas atsiskaitymui<\/span><\/span><\/p><ul><li><span class=\"s3\">Lojalumo ta\u0161k\u0173 kaupimas:<\/span><span class=\"s2\"><span class=\"s2\"> Klientai kaups lojalumo ta\u0161kus su kiekvienu pirkiniu, kuriuos gal\u0117s panaudoti b\u016bsimuose u\u017esakymuose. I\u0161sami informacija apie ta\u0161k\u0173 kaupim\u0105 ir panaudojim\u0105 pateikiama Lojalumo programos taisykl\u0117se ir s\u0105lygose.<\/span><\/span><p><span class=\"s3\">Lojalumo ta\u0161k\u0173 panaudojimas:<\/span><span class=\"s2\"><span class=\"s2\"> Sukauptus lojalumo ta\u0161kus galima naudoti kaip atsiskaitymo b\u016bd\u0105 perkant prekes m\u016bs\u0173 svetain\u0117je. Ta\u0161k\u0173 vert\u0117 ir j\u0173 i\u0161pirkimo s\u0105lygos nurodytos Lojalumo programos taisykl\u0117se.<\/span><\/span><\/p><\/li><li><span class=\"s3\">Gr\u0105\u017einimas ir lojalumo ta\u0161kai:<\/span><span class=\"s2\"> Jei u\u017e prek\u0119 buvo sumok\u0117ta lojalumo ta\u0161kais ir ji yra gr\u0105\u017einama, atitinkamas ta\u0161k\u0173 skai\u010dius bus sugr\u0105\u017eintas \u012f kliento lojalumo paskyr\u0105.<\/span><\/li><\/ul><p style=\"text-align: center;\"><em><br \/>Jei turite papildom\u0173 klausim\u0173, nedvejodami kreipkit\u0117s \u012f mus el. pa\u0161tu info@dammos.com, mielai pad\u0117sime!<\/em><br \/><em><span class=\"s1\">Atsakymus taip pat galite rasti m\u016bs\u0173 <strong><a href=\"https:\/\/www.dammos.com\/lt\/faq\/\">DUK puslapyje<\/a>.<\/strong><\/span><\/em><\/p>\t\t\t\t\t\t\t\t<\/div>\n\t\t\t\t<\/div>\n\t\t\t\t<div class=\"elementor-element elementor-element-3ad6bf1 elementor-widget elementor-widget-spacer\" data-id=\"3ad6bf1\" data-element_type=\"widget\" data-e-type=\"widget\" data-widget_type=\"spacer.default\">\n\t\t\t\t<div class=\"elementor-widget-container\">\n\t\t\t\t\t\t\t<div class=\"elementor-spacer\">\n\t\t\t<div class=\"elementor-spacer-inner\"><\/div>\n\t\t<\/div>\n\t\t\t\t\t\t<\/div>\n\t\t\t\t<\/div>\n\t\t\t\t\t<\/div>\n\t\t\t\t<\/div>\n\t\t\t\t<\/div>","protected":false},"excerpt":{"rendered":"<p>Payment &amp; Shipping Shipping Policy 1.1 Shipping Destinations &amp; Timeframes Currently, we only ship orders within Lithuania.Standard delivery time is 2\u20135 business days. 1.2 Shipping Fees LP Express parcel terminals \u2013 standard shipping fees apply based on the size of the package. 1.3 Damaged Shipments If a delivered package appears visibly damaged or has been [&hellip;]<\/p>\n","protected":false},"author":3,"featured_media":0,"parent":0,"menu_order":0,"comment_status":"closed","ping_status":"closed","template":"","meta":{"_jf_limit_responses":"","footnotes":""},"class_list":["post-85493","page","type-page","status-publish","hentry"],"_links":{"self":[{"href":"https:\/\/www.dammos.com\/lt\/wp-json\/wp\/v2\/pages\/85493","targetHints":{"allow":["GET"]}}],"collection":[{"href":"https:\/\/www.dammos.com\/lt\/wp-json\/wp\/v2\/pages"}],"about":[{"href":"https:\/\/www.dammos.com\/lt\/wp-json\/wp\/v2\/types\/page"}],"author":[{"embeddable":true,"href":"https:\/\/www.dammos.com\/lt\/wp-json\/wp\/v2\/users\/3"}],"replies":[{"embeddable":true,"href":"https:\/\/www.dammos.com\/lt\/wp-json\/wp\/v2\/comments?post=85493"}],"version-history":[{"count":3,"href":"https:\/\/www.dammos.com\/lt\/wp-json\/wp\/v2\/pages\/85493\/revisions"}],"predecessor-version":[{"id":92195,"href":"https:\/\/www.dammos.com\/lt\/wp-json\/wp\/v2\/pages\/85493\/revisions\/92195"}],"wp:attachment":[{"href":"https:\/\/www.dammos.com\/lt\/wp-json\/wp\/v2\/media?parent=85493"}],"curies":[{"name":"wp","href":"https:\/\/api.w.org\/{rel}","templated":true}]}}