{"id":85608,"date":"2025-03-10T18:49:31","date_gmt":"2025-03-10T16:49:31","guid":{"rendered":"https:\/\/www.dammos.com\/?page_id=85608"},"modified":"2025-04-25T22:44:24","modified_gmt":"2025-04-25T19:44:24","slug":"lojalumo-programa","status":"publish","type":"page","link":"https:\/\/www.dammos.com\/lt\/loyalty-program\/","title":{"rendered":"Lojalumo programa"},"content":{"rendered":"<div data-elementor-type=\"wp-page\" data-elementor-id=\"85608\" class=\"elementor elementor-85608\">\n\t\t\t\t<div class=\"elementor-element elementor-element-061f957 e-flex e-con-boxed e-con e-parent\" data-id=\"061f957\" data-element_type=\"container\" data-e-type=\"container\">\n\t\t\t\t\t<div class=\"e-con-inner\">\n\t\t\t\t<div class=\"elementor-element elementor-element-4b13674 elementor-widget elementor-widget-spacer\" data-id=\"4b13674\" data-element_type=\"widget\" data-e-type=\"widget\" data-widget_type=\"spacer.default\">\n\t\t\t\t<div class=\"elementor-widget-container\">\n\t\t\t\t\t\t\t<div class=\"elementor-spacer\">\n\t\t\t<div class=\"elementor-spacer-inner\"><\/div>\n\t\t<\/div>\n\t\t\t\t\t\t<\/div>\n\t\t\t\t<\/div>\n\t\t\t\t<div class=\"elementor-element elementor-element-c6a0fc3 elementor-widget elementor-widget-heading\" data-id=\"c6a0fc3\" data-element_type=\"widget\" data-e-type=\"widget\" data-widget_type=\"heading.default\">\n\t\t\t\t<div class=\"elementor-widget-container\">\n\t\t\t\t\t<h3 class=\"elementor-heading-title elementor-size-default\">Dammos lojalumo programa <\/h3>\t\t\t\t<\/div>\n\t\t\t\t<\/div>\n\t\t\t\t<div class=\"elementor-element elementor-element-13216a3 elementor-widget elementor-widget-text-editor\" data-id=\"13216a3\" data-element_type=\"widget\" data-e-type=\"widget\" data-widget_type=\"text-editor.default\">\n\t\t\t\t<div class=\"elementor-widget-container\">\n\t\t\t\t\t\t\t\t\t<ul><li><h6>Privilegijos, kurios auga kartu su tavo pasirinkimais<\/h6><\/li><\/ul><p>Prisijunk prie Dammos lojalumo programos ir atrask dar daugiau galimybi\u0173 su kiekvienu apsipirkimu. Perkant m\u0117gstamus produktus, pasidalinus su draugais ar tiesiog b\u016bnant \u010dia, galima sukaupti ta\u0161k\u0173 ir juos i\u0161keisti \u012f nuolaidas ar kitas i\u0161skirtines naudas.<\/p><p><u>Kaip pelnyti ta\u0161kus?<\/u><\/p><p>Kiekvienas apsilankymas Dammos gali tapti dar vertingesnis. U\u017e \u012fvairius veiksmus suteikiami ta\u0161kai, kurie atveria keli\u0105 \u012f nuolaidas ir papildomas privilegijas:<\/p><ul><li>- Sukurta paskyra \u2013 100 ta\u0161k\u0173 kaip pasveikinimas prisijungus. Naujos prad\u017eios visada malonios!<\/li><li>- Pirmasis u\u017esakymas \u2013 100 ta\u0161k\u0173 u\u017e tai, kad tapai m\u016bs\u0173 klientu.<\/li><li>- Kiekvienas apsipirkimas \u2013 10 ta\u0161k\u0173 u\u017e i\u0161leist\u0105 \u20ac1 \u2013 nes tavo pasirinkimai verti daugiau.<\/li><li>- Pakviestas draugas \u2013 500 ta\u0161k\u0173, kuomet tavo rekomendacija pasinaudoj\u0119s draugas \u012fvykdys savo pirm\u0105j\u012f u\u017esakym\u0105.<\/li><li>- Rekomendacij\u0173 programa \u2013 kiekvien\u0105 kart\u0105, kai pakviestas draugas apsiperka, suteikiama 5% nuo jo u\u017esakymo sumos ta\u0161kais.<\/li><li>- Gimtadienio dovana \u2013 300 ta\u0161k\u0173, nes \u0161i diena nusipelno ypatingo d\u0117mesio.<\/li><li><span class=\"s1\">- 5 greiti klausimai<\/span><span class=\"s2\"> - 150 ta\u0161k\u0173 kaip apdovanojimas! Kiekvienas klausimas vertas 30 ta\u0161k\u0173 \u2013 pasidalink savo mintimis ir u\u017edirbk daugiau.<\/span><\/li><li>- Dalinkis Dammos e. parduotuv\u0117s nuoroda \u2013 u\u017e kiekvien\u0105 pasidalinim\u0105 suteikiama 10 ta\u0161k\u0173.<\/li><\/ul><p><span style=\"text-decoration: underline;\">Speciali\u0173 akcij\u0173 metu ta\u0161k\u0173 galima surinkti dar daugiau:<\/span><\/p><ul><li><span class=\"s1\">\u2022 <\/span>2x ta\u0161k\u0173 savaitgaliai \u2013 juk savaitgaliai skirti shoppingui, tad kod\u0117l nepasinaudojus dviguba nauda?<\/li><li><span class=\"s1\">\u2022 <\/span>3x ta\u0161kai per Juod\u0105j\u012f Penktadien\u012f \u2013 geriausias metas i\u0161naudoti lojalumo privalumus.<\/li><\/ul><p><u>Kaip naudoti ta\u0161kus nuolaidoms gauti?<\/u><\/p><p class=\"p1\"><span class=\"s1\">Kiekvienas ta\u0161kas turi vert\u0119 - <\/span><span class=\"s2\">100 ta\u0161k\u0173 = 1 \u20ac<\/span><span class=\"s1\">. Sukauptus ta\u0161kus gali i\u0161keisti \u012f nuolaidas pirkiniams:<\/span><\/p><ul><li class=\"p2\"><span class=\"s1\">\u2022 <\/span><span class=\"s2\">300 ta\u0161k\u0173 = 3 \u20ac nuolaida (ma\u017eiausia suma, kuri\u0105 gali panaudoti)<\/span><\/li><li class=\"p2\"><span class=\"s1\">\u2022 <\/span><span class=\"s2\">700 ta\u0161k\u0173 = 7 \u20ac nuolaida (maksimali suma vienam u\u017esakymui)<\/span><\/li><\/ul><p class=\"p1\"><span class=\"s1\">\u2714 Ta\u0161kai taikomi tik tarpinei sumai (i\u0161skyrus pristatymo mokes\u010dius)<\/span><\/p><p class=\"p1\"><span class=\"s1\">\u2714 Negalima derinti su kitais nuolaid\u0173 kodais<\/span><\/p><p><span style=\"text-decoration: underline;\">Lojalumo lygiai: kuo daugiau ta\u0161k\u0173, tuo didesn\u0117s privilegijos<\/span><\/p><p>Dammos lojalumo programa suteikia dar daugiau naudos su kiekvienu apsipirkimu. Kuo daugiau ta\u0161k\u0173 surenkama, tuo grei\u010diau pasiekiami auk\u0161tesni lygiai ir geresn\u0117s privilegijos:<\/p><ul><li>- \tBronze (0+ ta\u0161k\u0173) \u2013 Prad\u0117kite kaupti ta\u0161kus su 1x koeficientu. Papildomos nuolaidos netaikomos.<\/li><li>- Silver (1000+ ta\u0161k\u0173) \u2013 Ta\u0161kai renkasi 20% grei\u010diau su 1.2x koeficientu ir suteikiama 5% nuolaida visiems pirkiniams.<\/li><li>- Gold (5000+ ta\u0161k\u0173) \u2013 Dar greitesnis ta\u0161k\u0173 rinkimas su 1.5x koeficientu ir 10% nuolaida kiekvienam u\u017esakymui.<\/li><li>- Platinum (10 000+ ta\u0161k\u0173) \u2013 Auk\u0161\u010diausias lygis su 2x ta\u0161k\u0173 kaupimo koeficientu ir i\u0161skirtine 15% nuolaida visiems pirkiniams.<\/li><\/ul><p>Kaip tai veikia? Kai tik pasiekiamas naujas lygis, statusas atnaujinamas automati\u0161kai. Kuo auk\u0161tesnis lygis, tuo daugiau naudos!<\/p><p><span style=\"text-decoration: underline;\">Ta\u0161k\u0173 galiojimas ir priminimai<\/span><\/p><ul><li>Sukaupti ta\u0161kai galioja 365 dienas, tad yra pakankamai laiko jais pasinaudoti. Likus vos kelioms dienoms iki galiojimo pabaigos, i\u0161siun\u010diamas priminimas, o jei ta\u0161kai visgi pasibaigia, suteikiamas \u201eComeback Coupon\u201c, kvie\u010diantis sugr\u012f\u017eti ir m\u0117gautis i\u0161skirtiniu pasi\u016blymu.<\/li><\/ul><p><span style=\"text-decoration: underline;\">Visada \u017einok, kiek ta\u0161k\u0173 turi<\/span><\/p><p>Kad naudotis programa b\u016bt\u0173 dar patogiau, ta\u0161kai matomi visose svarbiausiose vietose:<\/p><ul><li>Produkt\u0173 puslapiuose: \u201e\u012esigyjant \u0161\u012f produkt\u0105 u\u017edirbama X ta\u0161k\u0173\u201c<\/li><li>Krep\u0161elyje: \u201eAtsiskaitant dabar, gaunama X ta\u0161k\u0173!\u201c<\/li><li>Apmok\u0117jimo lange: \u201eTavo ta\u0161kai jau beveik tavo rankose!\u201c<\/li><li>\u201eA\u010di\u016b\u201c puslapyje: Informacija apie gautus ta\u0161kus.<\/li><li>Asmenin\u0117je paskyroje: Ta\u0161k\u0173 balansas, istorija, progresas link auk\u0161tesnio lygio.<\/li><\/ul><p><span style=\"text-decoration: underline;\">Prisijunk ir i\u0161naudok lojalumo galimybes<\/span><\/p><p>Dammos lojalumo programa suteikia prog\u0105 rinktis dar daugiau \u2013 daugiau nuolaid\u0173, daugiau galimybi\u0173, daugiau vert\u0117s. Prisijunk dabar ir gauk pirmuosius 100 ta\u0161k\u0173 jau \u0161iandien!<\/p><p><br style=\"font-weight: 400;\" \/><br style=\"font-weight: 400;\" \/><\/p><p style=\"text-align: center;\"><em>Jei turite papildom\u0173 klausim\u0173, nedvejodami kreipkit\u0117s \u012f mus el. pa\u0161tu info@dammos.com, mielai pad\u0117sime!<\/em><br \/><em><span class=\"s1\">Atsakymus taip pat galite rasti m\u016bs\u0173 <a href=\"https:\/\/www.dammos.com\/lt\/faq\/\">DUK puslapyje<\/a>.<\/span><\/em><\/p>\t\t\t\t\t\t\t\t<\/div>\n\t\t\t\t<\/div>\n\t\t\t\t<div class=\"elementor-element elementor-element-3ad6bf1 elementor-widget elementor-widget-spacer\" data-id=\"3ad6bf1\" data-element_type=\"widget\" data-e-type=\"widget\" data-widget_type=\"spacer.default\">\n\t\t\t\t<div class=\"elementor-widget-container\">\n\t\t\t\t\t\t\t<div class=\"elementor-spacer\">\n\t\t\t<div class=\"elementor-spacer-inner\"><\/div>\n\t\t<\/div>\n\t\t\t\t\t\t<\/div>\n\t\t\t\t<\/div>\n\t\t\t\t\t<\/div>\n\t\t\t\t<\/div>\n\t\t\t\t<\/div>","protected":false},"excerpt":{"rendered":"<p>Dammos Loyalty Program Rewards That Grow With Your Choices Join the Dammos loyalty program and unlock even more benefits with every purchase. By shopping for your favorite products, sharing with friends, or simply being part of our community, you can collect points and redeem them for discounts or exclusive rewards. How to earn points? Every [&hellip;]<\/p>\n","protected":false},"author":3,"featured_media":0,"parent":0,"menu_order":0,"comment_status":"closed","ping_status":"closed","template":"","meta":{"_jf_limit_responses":"","footnotes":""},"class_list":["post-85608","page","type-page","status-publish","hentry"],"_links":{"self":[{"href":"https:\/\/www.dammos.com\/lt\/wp-json\/wp\/v2\/pages\/85608","targetHints":{"allow":["GET"]}}],"collection":[{"href":"https:\/\/www.dammos.com\/lt\/wp-json\/wp\/v2\/pages"}],"about":[{"href":"https:\/\/www.dammos.com\/lt\/wp-json\/wp\/v2\/types\/page"}],"author":[{"embeddable":true,"href":"https:\/\/www.dammos.com\/lt\/wp-json\/wp\/v2\/users\/3"}],"replies":[{"embeddable":true,"href":"https:\/\/www.dammos.com\/lt\/wp-json\/wp\/v2\/comments?post=85608"}],"version-history":[{"count":0,"href":"https:\/\/www.dammos.com\/lt\/wp-json\/wp\/v2\/pages\/85608\/revisions"}],"wp:attachment":[{"href":"https:\/\/www.dammos.com\/lt\/wp-json\/wp\/v2\/media?parent=85608"}],"curies":[{"name":"wp","href":"https:\/\/api.w.org\/{rel}","templated":true}]}}