{"id":73295,"date":"2023-01-21T22:02:52","date_gmt":"2023-01-21T20:02:52","guid":{"rendered":"https:\/\/www.dammos.com\/?post_type=product&#038;p=73295"},"modified":"2025-02-27T21:52:13","modified_gmt":"2025-02-27T19:52:13","slug":"pakartotinai-uzpildomas-baltojo-aukso-grynojo-presuoto-pagrindo-kompaktinis-indas","status":"publish","type":"product","link":"https:\/\/www.dammos.com\/lt\/refillable-compact-for-purepressed-base-white-gold\/","title":{"rendered":"Presuotos pudros d\u0117klas"},"content":{"rendered":"<p>Eleganti\u0161kas, tvarus d\u0117kliukas tinka visiems j\u016bs\u0173 m\u0117gstamiausiems pudros papildymams:<\/p>\n<ul>\n<li>PurePressed Base mineralinis makia\u017eo pagrindas<\/li>\n<li>So-Bronze\u00ae bronzantas<\/li>\n<li>Bronzantas<\/li>\n<li>PureMatte\u00ae Finish pudra<\/li>\n<\/ul>\n<p>&nbsp;<\/p>\n<ul>\n<li>Patvari aliuminio konstrukcija u\u017etikrina ilgaam\u017ei\u0161kum\u0105.<\/li>\n<li>Tvirtas magnetinis u\u017edarymas apsaugo pudr\u0105.<\/li>\n<li>Lengvai kei\u010diami ir pakei\u010diami papildymai.<\/li>\n<li>Atidarius pastebimas patogus ir didelis veidrod\u0117lis.<\/li>\n<li>Puikiai tinka kelion\u0117ms ar greitiems pataisymams dienos eigoje.<\/li>\n<\/ul>\n<p>ODOS SVEIKATA - GERIAUSIAS PAGRINDAS<\/p>","protected":false},"excerpt":{"rendered":"<p>Stilinga ir tvari kompaktin\u0117 d\u0117\u017eut\u0117, sukurta tam, kad j\u016bs\u0173 m\u0117gstamos pudros papildymai b\u016bt\u0173 saug\u016bs ir patogiai pasiekiami, tiek namuose, tiek keliaujant.<\/p>","protected":false},"featured_media":78821,"comment_status":"open","ping_status":"closed","template":"","meta":{"_jf_limit_responses":""},"product_brand":[],"product_cat":[1067],"product_tag":[],"class_list":{"0":"post-73295","1":"product","2":"type-product","3":"status-publish","4":"has-post-thumbnail","6":"product_cat-tools_accessories","7":"pa_brand-jane-iredale","9":"first","10":"instock","11":"featured","12":"taxable","13":"shipping-taxable","14":"purchasable","15":"product-type-variable"},"_links":{"self":[{"href":"https:\/\/www.dammos.com\/lt\/wp-json\/wp\/v2\/product\/73295","targetHints":{"allow":["GET"]}}],"collection":[{"href":"https:\/\/www.dammos.com\/lt\/wp-json\/wp\/v2\/product"}],"about":[{"href":"https:\/\/www.dammos.com\/lt\/wp-json\/wp\/v2\/types\/product"}],"replies":[{"embeddable":true,"href":"https:\/\/www.dammos.com\/lt\/wp-json\/wp\/v2\/comments?post=73295"}],"version-history":[{"count":0,"href":"https:\/\/www.dammos.com\/lt\/wp-json\/wp\/v2\/product\/73295\/revisions"}],"wp:featuredmedia":[{"embeddable":true,"href":"https:\/\/www.dammos.com\/lt\/wp-json\/wp\/v2\/media\/78821"}],"wp:attachment":[{"href":"https:\/\/www.dammos.com\/lt\/wp-json\/wp\/v2\/media?parent=73295"}],"wp:term":[{"taxonomy":"product_brand","embeddable":true,"href":"https:\/\/www.dammos.com\/lt\/wp-json\/wp\/v2\/product_brand?post=73295"},{"taxonomy":"product_cat","embeddable":true,"href":"https:\/\/www.dammos.com\/lt\/wp-json\/wp\/v2\/product_cat?post=73295"},{"taxonomy":"product_tag","embeddable":true,"href":"https:\/\/www.dammos.com\/lt\/wp-json\/wp\/v2\/product_tag?post=73295"}],"curies":[{"name":"wp","href":"https:\/\/api.w.org\/{rel}","templated":true}]}}