{"id":73373,"date":"2023-01-22T21:47:14","date_gmt":"2023-01-22T19:47:14","guid":{"rendered":"https:\/\/www.dammos.com\/?post_type=product&#038;p=73373"},"modified":"2026-05-15T01:46:55","modified_gmt":"2026-05-14T22:46:55","slug":"lupu-piestukas-jane-iredale-geriausias-atspalviu-pasirinkimas","status":"publish","type":"product","link":"https:\/\/www.dammos.com\/lt\/lip-pencil-jane-iredale-best-shade-selection\/","title":{"rendered":"L\u016bp\u0173 pie\u0161tukas"},"content":{"rendered":"<div id=\"Content\">\n<div class=\"boxed\">\n<div id=\"lipsum\">\n<ul>\n<li>Mineraliniais pigmentais praturtintas l\u016bp\u0173 pie\u0161tukas su \u0161velnia formule, kuri nepa\u017eeid\u017eia jautrios l\u016bp\u0173 odos.<\/li>\n<li>Praturtintas maitinan\u010diais aliejais ir va\u0161kais.<\/li>\n<li>Mink\u0161ta tekst\u016bra leid\u017eia lengvai i\u0161sklaidyti spalv\u0105 arba naudoti kaip l\u016bp\u0173 makia\u017eo pagrind\u0105.<\/li>\n<li>Norint i\u0161laikyti suapvalint\u0105 galiuk\u0105, rekomenduojama naudoti jane iredale dro\u017etuk\u0105.<\/li>\n<li>Kiti dro\u017etukai gali suskaldyti medien\u0105.<\/li>\n<\/ul>\n<p>Net.Wt. 11g \/ 0,4 oz<\/p>\n<div id=\"ingredients\" class=\"tab-pane active\" role=\"tabpanel\"><\/div>\n<\/div>\n<\/div>\n<\/div>","protected":false},"excerpt":{"rendered":"<p>Mink\u0161ta, ta\u010diau ilgai i\u0161liekanti formul\u0117, kuri leid\u017eia lengvai u\u017epildyti l\u016bpas ir sukurti patikim\u0105 pagrind\u0105 ant vir\u0161aus tepamai spalvai.<\/p>","protected":false},"featured_media":81168,"comment_status":"open","ping_status":"closed","template":"","meta":{"_jf_limit_responses":""},"product_brand":[],"product_cat":[1060,1059],"product_tag":[54,165],"class_list":{"0":"post-73373","1":"product","2":"type-product","3":"status-publish","4":"has-post-thumbnail","6":"product_cat-lips","7":"product_cat-makeup","8":"product_tag-lips","9":"product_tag-pencil","10":"pa_brand-jane-iredale","12":"first","13":"instock","14":"taxable","15":"shipping-taxable","16":"purchasable","17":"product-type-variable"},"_links":{"self":[{"href":"https:\/\/www.dammos.com\/lt\/wp-json\/wp\/v2\/product\/73373","targetHints":{"allow":["GET"]}}],"collection":[{"href":"https:\/\/www.dammos.com\/lt\/wp-json\/wp\/v2\/product"}],"about":[{"href":"https:\/\/www.dammos.com\/lt\/wp-json\/wp\/v2\/types\/product"}],"replies":[{"embeddable":true,"href":"https:\/\/www.dammos.com\/lt\/wp-json\/wp\/v2\/comments?post=73373"}],"version-history":[{"count":1,"href":"https:\/\/www.dammos.com\/lt\/wp-json\/wp\/v2\/product\/73373\/revisions"}],"predecessor-version":[{"id":93160,"href":"https:\/\/www.dammos.com\/lt\/wp-json\/wp\/v2\/product\/73373\/revisions\/93160"}],"wp:featuredmedia":[{"embeddable":true,"href":"https:\/\/www.dammos.com\/lt\/wp-json\/wp\/v2\/media\/81168"}],"wp:attachment":[{"href":"https:\/\/www.dammos.com\/lt\/wp-json\/wp\/v2\/media?parent=73373"}],"wp:term":[{"taxonomy":"product_brand","embeddable":true,"href":"https:\/\/www.dammos.com\/lt\/wp-json\/wp\/v2\/product_brand?post=73373"},{"taxonomy":"product_cat","embeddable":true,"href":"https:\/\/www.dammos.com\/lt\/wp-json\/wp\/v2\/product_cat?post=73373"},{"taxonomy":"product_tag","embeddable":true,"href":"https:\/\/www.dammos.com\/lt\/wp-json\/wp\/v2\/product_tag?post=73373"}],"curies":[{"name":"wp","href":"https:\/\/api.w.org\/{rel}","templated":true}]}}