{"id":75038,"date":"2023-02-17T13:47:54","date_gmt":"2023-02-17T11:47:54","guid":{"rendered":"https:\/\/www.dammos.com\/?post_type=product&#038;p=75038"},"modified":"2025-07-25T20:58:13","modified_gmt":"2025-07-25T17:58:13","slug":"purepressed-base-mineralinis-makiazo-pagrindas-spf-20","status":"publish","type":"product","link":"https:\/\/www.dammos.com\/lt\/purepressed-base-mineral-foundation-spf-20\/","title":{"rendered":"PurePressed Base mineralinis makia\u017eo pagrindas SPF 20"},"content":{"rendered":"<p>NAT\u016aRALU - BET PUIKIAI DENGIA<\/p>\n<ul>\n<li>Lengvas, daugiafunkcis makia\u017eo pagrindas, maskuoklis ir apsauga nuo saul\u0117s.<\/li>\n<li>Vidutinis\u2013pilnas padengimas su nat\u016braliai atrodan\u010diu pusiau matiniu efektu.<\/li>\n<li>Dr\u0117kinanti, odai \u0161velni formul\u0117 nei\u0161sausina ir nesub\u0117ga \u012f smulkias rauk\u0161leles.<\/li>\n<li>Kremin\u0117 tekst\u016bra lengvai sluoksniuojama ir i\u0161sklaidoma, suteikiant ypa\u010d lygios odos efekt\u0105.<\/li>\n<li>Micronized minerals lay flat and bind together while allowing skin to breathe.<br \/>\n26 shades and 100% color match guarantee.<\/li>\n<li>Atsparus vandeniui iki 40 minu\u010di\u0173.<\/li>\n<\/ul>\n<p>NAUDINGI INGREDIENTAI<\/p>\n<ul>\n<li>Antioksidant\u0173 turtingi ingredientai apsaugo, skaistina ir subalansuoja od\u0105.<\/li>\n<li>Raminantys j\u016bros mineralai maitina vis\u0173 tip\u0173 od\u0105 ir nesukelia dirginimo.<\/li>\n<li>Sud\u0117tyje yra auk\u0161tos kokyb\u0117s gryn\u0173 mineralini\u0173 pigment\u0173.<\/li>\n<li>Sud\u0117tyje n\u0117ra talko ir u\u017epild\u0173, kurie dirgina od\u0105 ir u\u017ekem\u0161a poras.<\/li>\n<li>Fizin\u0117 plataus spektro apsauga nuo saul\u0117s.<\/li>\n<li>Rekomenduojama \u201eThe Skin Cancer Foundation\u201c kaip veiksminga apsauga nuo saul\u0117s.<\/li>\n<li>Dermatolog\u0173 patikrintas ir rekomenduojamas.<\/li>\n<\/ul>\n<p>ATSAKINGA IR TVARU<\/p>\n<ul>\n<li>\"PurePressed Base\" yra saugus rifams, vegani\u0161kas ir cruelty-free.<\/li>\n<li>Tvari, lengvai naudojama pildymo sistema.<\/li>\n<\/ul>\n<p>*KOMPAKTIN\u0116 D\u0116\u017dUT\u0116 PARDUODAMA ATSKIRAI<\/p>\n<p>&nbsp;<\/p>","protected":false},"excerpt":{"rendered":"<p>#1 bestseleris \u2013 daugiafunkcis makia\u017eo pagrindas, maskuoklis ir apsauga nuo saul\u0117s viename, kuris i\u0161lygina odos tekst\u016br\u0105, suteikia lengv\u0105, vidutin\u012f ar piln\u0105 padengim\u0105 ir nat\u016braliai atrodan\u010di\u0105, antr\u0105j\u0105 od\u0105 primenan\u010di\u0105 pusiau matin\u0119 apdail\u0105.<\/p>","protected":false},"featured_media":81167,"comment_status":"open","ping_status":"closed","template":"","meta":{"_jf_limit_responses":""},"product_brand":[],"product_cat":[1006,1059],"product_tag":[1121,68],"class_list":{"0":"post-75038","1":"product","2":"type-product","3":"status-publish","4":"has-post-thumbnail","6":"product_cat-face","7":"product_cat-makeup","8":"product_tag-mineral-foundation","9":"product_tag-purepressed","10":"pa_brand-jane-iredale","12":"first","13":"instock","14":"featured","15":"taxable","16":"shipping-taxable","17":"purchasable","18":"product-type-variable"},"_links":{"self":[{"href":"https:\/\/www.dammos.com\/lt\/wp-json\/wp\/v2\/product\/75038","targetHints":{"allow":["GET"]}}],"collection":[{"href":"https:\/\/www.dammos.com\/lt\/wp-json\/wp\/v2\/product"}],"about":[{"href":"https:\/\/www.dammos.com\/lt\/wp-json\/wp\/v2\/types\/product"}],"replies":[{"embeddable":true,"href":"https:\/\/www.dammos.com\/lt\/wp-json\/wp\/v2\/comments?post=75038"}],"version-history":[{"count":1,"href":"https:\/\/www.dammos.com\/lt\/wp-json\/wp\/v2\/product\/75038\/revisions"}],"predecessor-version":[{"id":90746,"href":"https:\/\/www.dammos.com\/lt\/wp-json\/wp\/v2\/product\/75038\/revisions\/90746"}],"wp:featuredmedia":[{"embeddable":true,"href":"https:\/\/www.dammos.com\/lt\/wp-json\/wp\/v2\/media\/81167"}],"wp:attachment":[{"href":"https:\/\/www.dammos.com\/lt\/wp-json\/wp\/v2\/media?parent=75038"}],"wp:term":[{"taxonomy":"product_brand","embeddable":true,"href":"https:\/\/www.dammos.com\/lt\/wp-json\/wp\/v2\/product_brand?post=75038"},{"taxonomy":"product_cat","embeddable":true,"href":"https:\/\/www.dammos.com\/lt\/wp-json\/wp\/v2\/product_cat?post=75038"},{"taxonomy":"product_tag","embeddable":true,"href":"https:\/\/www.dammos.com\/lt\/wp-json\/wp\/v2\/product_tag?post=75038"}],"curies":[{"name":"wp","href":"https:\/\/api.w.org\/{rel}","templated":true}]}}