{"id":81196,"date":"2024-10-04T22:15:06","date_gmt":"2024-10-04T20:15:06","guid":{"rendered":"https:\/\/www.dammos.com\/?post_type=product&#038;p=81196"},"modified":"2025-02-27T17:59:12","modified_gmt":"2025-02-27T15:59:12","slug":"sviesiaplaukiu-tobulumo-sidabro-plauku-kauke","status":"publish","type":"product","link":"https:\/\/www.dammos.com\/lt\/blonde-perfection-silver-hair-mask\/","title":{"rendered":"Blonde Perfection Silver plauk\u0173 kauk\u0117"},"content":{"rendered":"<p><strong>Blonde Perfection Silver plauk\u0173 kauk\u0117<\/strong>\u00a0sud\u0117tyje yra dr\u0117kinamasis vitaminas F, kuris suteikia maksimal\u0173 blizges\u012f ir palieka plaukus sveikus bei lengvus. Granat\u0173 ekstraktas padeda i\u0161saugoti spalv\u0105, o m\u0117lyni\u0173 ekstraktas ir moring\u0173 aliejus intensyviai dr\u0117kina ir suteikia nuostab\u0173 spindes\u012f. Giliai maitinanti formul\u0117 ne tik dr\u0117kina, bet ir palieka plaukus su v\u0117sesniu, \u017evilgan\u010diu atspalviu. Papildyta apsaug\u0105 nuo kar\u0161\u010dio suteikian\u010diais ingredientais. Nepakartojamas mango ir persik\u0173 aromatas suteiks dar daugiau malonumo naudojimo metu.<\/p>\n<p><strong>Aromatas: <\/strong>Mango ir persik\u0173 kvapas.<\/p>\n<ul>\n<li><strong>Vir\u0161utin\u0117s natos:<\/strong> mango, persik\u0173, ananas\u0173 ir papaj\u0173.<\/li>\n<li><strong>\u0160irdies natos:<\/strong> ro\u017e\u0117s ir \u017ealieji augalai.<\/li>\n<li><strong>Bazin\u0117s natos:<\/strong> karamel\u0117.<\/li>\n<\/ul>\n<p><strong>Pagrindiniai ingredientai<\/strong><\/p>\n<div class=\"page\" title=\"Puslapis 1\">\n<div class=\"section\">\n<div class=\"layoutArea\">\n<div class=\"column\">\n<ul>\n<li><span class=\"TextRun BCX0 SCXP252893796\" lang=\"EN-US\" xml:lang=\"EN-US\" data-contrast=\"none\" data-usefontface=\"true\"><span class=\"NormalTextRun BCX0 SCXP252893796\"><strong>Vitaminas F:<\/strong> dr\u0117kina ir suteikia blizgesio<\/span><\/span><\/li>\n<li><strong><span class=\"TextRun BCX0 SCXP252893796\" lang=\"EN-US\" xml:lang=\"EN-US\" data-contrast=\"none\" data-usefontface=\"true\"><span class=\"NormalTextRun BCX0 SCXP252893796\">Granat\u0173 ekstraktas: <\/span><\/span><\/strong>spalv\u0105 saugan\u010dios savyb\u0117s<\/li>\n<\/ul>\n<\/div>\n<\/div>\n<\/div>\n<\/div>\n<p><strong>Vegani\u0161kas ir Cruelty Free<\/strong><\/p>","protected":false},"excerpt":{"rendered":"<p>\u0160vedijoje sukurta priemon\u0117, skirta akimirksniu neutralizuoti \u0161iltus atspalvius, suteikiant plaukams v\u0117sesn\u012f, \u0161vytint\u012f atspalv\u012f. Praturtinta dr\u0117kinan\u010diomis ir maitinan\u010diomis med\u017eiagomis, tokiomis kaip hialurono r\u016bg\u0161tis ir granat\u0173 ekstraktas, ji giliai puosel\u0117ja plaukus ir suteikia jiems \u0161ilko glotnumo, atgaivina ir apsaugo. Puikiai tinka gyvybingiems, v\u0117saus atspalvio plaukams i\u0161laikyti kiekvien\u0105 kart\u0105 naudojant. <strong>100 ml<\/strong><\/p>","protected":false},"featured_media":81197,"comment_status":"open","ping_status":"closed","template":"","meta":{"_jf_limit_responses":""},"product_brand":[],"product_cat":[1482,1064],"product_tag":[1184,1185,1183],"class_list":{"0":"post-81196","1":"product","2":"type-product","3":"status-publish","4":"has-post-thumbnail","6":"product_cat-cosmetics","7":"product_cat-hair","8":"product_tag-blonde","9":"product_tag-hair-mask","10":"product_tag-lowengrip","11":"pa_brand-lowengrip","13":"first","14":"instock","15":"taxable","16":"shipping-taxable","17":"purchasable","18":"product-type-simple"},"_links":{"self":[{"href":"https:\/\/www.dammos.com\/lt\/wp-json\/wp\/v2\/product\/81196","targetHints":{"allow":["GET"]}}],"collection":[{"href":"https:\/\/www.dammos.com\/lt\/wp-json\/wp\/v2\/product"}],"about":[{"href":"https:\/\/www.dammos.com\/lt\/wp-json\/wp\/v2\/types\/product"}],"replies":[{"embeddable":true,"href":"https:\/\/www.dammos.com\/lt\/wp-json\/wp\/v2\/comments?post=81196"}],"version-history":[{"count":0,"href":"https:\/\/www.dammos.com\/lt\/wp-json\/wp\/v2\/product\/81196\/revisions"}],"wp:featuredmedia":[{"embeddable":true,"href":"https:\/\/www.dammos.com\/lt\/wp-json\/wp\/v2\/media\/81197"}],"wp:attachment":[{"href":"https:\/\/www.dammos.com\/lt\/wp-json\/wp\/v2\/media?parent=81196"}],"wp:term":[{"taxonomy":"product_brand","embeddable":true,"href":"https:\/\/www.dammos.com\/lt\/wp-json\/wp\/v2\/product_brand?post=81196"},{"taxonomy":"product_cat","embeddable":true,"href":"https:\/\/www.dammos.com\/lt\/wp-json\/wp\/v2\/product_cat?post=81196"},{"taxonomy":"product_tag","embeddable":true,"href":"https:\/\/www.dammos.com\/lt\/wp-json\/wp\/v2\/product_tag?post=81196"}],"curies":[{"name":"wp","href":"https:\/\/api.w.org\/{rel}","templated":true}]}}