{"id":81207,"date":"2024-10-04T23:28:18","date_gmt":"2024-10-04T21:28:18","guid":{"rendered":"https:\/\/www.dammos.com\/?post_type=product&#038;p=81207"},"modified":"2024-10-10T15:46:05","modified_gmt":"2024-10-10T13:46:05","slug":"blondiniu-tobulumo-sidabro-sampunas","status":"publish","type":"product","link":"https:\/\/www.dammos.com\/lt\/blonde-perfection-silver-shampoo\/","title":{"rendered":"Blonde Perfection Silver \u0161amp\u016bnas"},"content":{"rendered":"<p><strong>Blonde Perfection Silver \u0161amp\u016bnas<\/strong> praturtintas hialurono r\u016bg\u0161timi, kuri intensyviai dr\u0117kina plaukus, ir granat\u0173 ekstraktu, kuris padeda i\u0161saugoti spalv\u0105. M\u0117lyni\u0173 ekstraktas suteikia v\u0117sesn\u012f atspalv\u012f, blizges\u012f ir dr\u0117kinam\u0105j\u012f poveik\u012f, o moring\u0173 aliejus u\u017etikrina \u0161velnum\u0105 ir glotnum\u0105. Formul\u0117 taip pat suteikia apsaug\u0105 nuo kar\u0161\u010dio. Puikus pasirinkimas tiems, kas ie\u0161ko veiksmingo sidabrinio \u0161amp\u016bno, kuris kartu pasi\u017eymi ir maitinamosiomis savyb\u0117mis. M\u0117gaukit\u0117s \u0161altais, spindin\u010diais plaukais ir nepakartojamu mango bei persik\u0173 aromatu!<\/p>\n<p>&nbsp;<\/p>\n<p><strong>Aromatas: <\/strong>Mango ir persik\u0173 kvapas.<\/p>\n<ul>\n<li>Vir\u0161utin\u0117s natos: mango, persikas, ananasas ir papaja.<\/li>\n<li>\u0160irdies natos: ro\u017e\u0117s ir \u017ealieji augalai.<\/li>\n<li>Bazin\u0117 nata: karamel\u0117.<\/li>\n<\/ul>\n<p>&nbsp;<br \/>\n<br \/>\n<strong>Pagrindiniai ingredientai<\/strong><\/p>\n<div class=\"page\" title=\"Puslapis 1\">\n<div class=\"section\">\n<div class=\"layoutArea\">\n<div class=\"column\">\n<ul>\n<li><strong>Hialurono r\u016bg\u0161tis: <\/strong><span class=\"TextRun BCX8 SCXP134349541\" lang=\"EN-US\" xml:lang=\"EN-US\" data-usefontface=\"true\" data-contrast=\"none\"><span class=\"NormalTextRun BCX8 SCXP134349541\">giliai dr\u0117kina plaukus<\/span><\/span><\/li>\n<li><strong>Granat\u0173 ekstraktas: <\/strong>P<span class=\"TextRun BCX8 SCXP198992060\" lang=\"EN-US\" xml:lang=\"EN-US\" data-usefontface=\"true\" data-contrast=\"none\"><span class=\"NormalTextRun BCX8 SCXP198992060\">saugo splav\u0105<\/span><\/span><\/li>\n<\/ul>\n<p><strong>Vegani\u0161kas ir Cruelty Free<\/strong><\/p>\n<\/div>\n<\/div>\n<\/div>\n<\/div>","protected":false},"excerpt":{"rendered":"<p>Akimirksniu neutralizuoja \u0161iltus tonus, suteikdamas plaukams v\u0117sesn\u012f, \u0161vytint\u012f atspalv\u012f. Praturtintas dr\u0117kinan\u010diais ir maitinan\u010diais ingredientais, kurie giliai kondicionuoja plaukus, palikdami juos \u0161ilkinius, atgaivintus ir apsaugotus <strong>250 ml<\/strong><\/p>","protected":false},"featured_media":81199,"comment_status":"open","ping_status":"closed","template":"","meta":{"_jf_limit_responses":""},"product_brand":[],"product_cat":[1482,1064],"product_tag":[1184,1183,1187],"class_list":{"0":"post-81207","1":"product","2":"type-product","3":"status-publish","4":"has-post-thumbnail","6":"product_cat-cosmetics","7":"product_cat-hair","8":"product_tag-blonde","9":"product_tag-lowengrip","10":"product_tag-shampoo","11":"pa_brand-lowengrip","13":"first","14":"instock","15":"taxable","16":"shipping-taxable","17":"purchasable","18":"product-type-simple"},"_links":{"self":[{"href":"https:\/\/www.dammos.com\/lt\/wp-json\/wp\/v2\/product\/81207","targetHints":{"allow":["GET"]}}],"collection":[{"href":"https:\/\/www.dammos.com\/lt\/wp-json\/wp\/v2\/product"}],"about":[{"href":"https:\/\/www.dammos.com\/lt\/wp-json\/wp\/v2\/types\/product"}],"replies":[{"embeddable":true,"href":"https:\/\/www.dammos.com\/lt\/wp-json\/wp\/v2\/comments?post=81207"}],"version-history":[{"count":0,"href":"https:\/\/www.dammos.com\/lt\/wp-json\/wp\/v2\/product\/81207\/revisions"}],"wp:featuredmedia":[{"embeddable":true,"href":"https:\/\/www.dammos.com\/lt\/wp-json\/wp\/v2\/media\/81199"}],"wp:attachment":[{"href":"https:\/\/www.dammos.com\/lt\/wp-json\/wp\/v2\/media?parent=81207"}],"wp:term":[{"taxonomy":"product_brand","embeddable":true,"href":"https:\/\/www.dammos.com\/lt\/wp-json\/wp\/v2\/product_brand?post=81207"},{"taxonomy":"product_cat","embeddable":true,"href":"https:\/\/www.dammos.com\/lt\/wp-json\/wp\/v2\/product_cat?post=81207"},{"taxonomy":"product_tag","embeddable":true,"href":"https:\/\/www.dammos.com\/lt\/wp-json\/wp\/v2\/product_tag?post=81207"}],"curies":[{"name":"wp","href":"https:\/\/api.w.org\/{rel}","templated":true}]}}