{"id":81212,"date":"2024-10-04T23:41:35","date_gmt":"2024-10-04T21:41:35","guid":{"rendered":"https:\/\/www.dammos.com\/?post_type=product&#038;p=81212"},"modified":"2025-02-27T17:42:42","modified_gmt":"2025-02-27T15:42:42","slug":"blondiniu-tobulumo-sidabro-kondicionierius","status":"publish","type":"product","link":"https:\/\/www.dammos.com\/lt\/blonde-perfection-silver-conditioner\/","title":{"rendered":"Blonde Perfection Silver kondicionierius"},"content":{"rendered":"<p><strong>Blonde Perfection Silver kondicionierius<\/strong> yra papildytas blizges\u012f suteikian\u010diu ir plaukus stiprinan\u010diu obuoli\u0173 aliejumi bei spalv\u0105 saugan\u010diu granat\u0173 ekstraktu, kuris pasi\u017eymi antioksidacin\u0117mis savyb\u0117mis. Moring\u0173 aliejus suteikia plaukams \u0161ilkin\u012f glotnum\u0105 ir \u0161velnum\u0105, o formul\u0117 taip pat veikia kaip \u0161ilumos apsauga. Rezultatas \u2013 blizgantys, \u0161veln\u016bs plaukai su v\u0117sesniu atspalviu.<\/p>\n<p><strong>Aromatas:<\/strong><br \/>\nMango ir persik\u0173 kvapas. (Vir\u0161utin\u0117s natos: mango, persikas, ananasas ir papaja. \u0160irdies natos: ro\u017e\u0117s ir \u017ealieji augalai. Pagrindin\u0117s natos: karamel\u0117).<\/p>\n<p><strong>Herojaus ingredientai:<\/strong><\/p>\n<ul>\n<li><strong>Obuoli\u0173 aliejus:<\/strong> <span class=\"TextRun BCX0 SCXP42502534\" lang=\"SV-SE\" xml:lang=\"SV-SE\" data-usefontface=\"true\" data-contrast=\"none\"><span class=\"SpellingError BCX0 SCXP42502534\">aads<\/span><\/span><span class=\"TextRun BCX0 SCXP42502534\" lang=\"SV-SE\" xml:lang=\"SV-SE\" data-usefontface=\"true\" data-contrast=\"none\"><span class=\"NormalTextRun BCX0 SCXP42502534\">\u00a0<\/span><\/span><span class=\"TextRun BCX0 SCXP42502534\" lang=\"SV-SE\" xml:lang=\"SV-SE\" data-usefontface=\"true\" data-contrast=\"none\"><span class=\"SpellingError BCX0 SCXP42502534\">blizgesys<\/span><\/span><span class=\"TextRun BCX0 SCXP42502534\" lang=\"SV-SE\" xml:lang=\"SV-SE\" data-usefontface=\"true\" data-contrast=\"none\"><span class=\"NormalTextRun BCX0 SCXP42502534\">\u00a0ir\u00a0<\/span><\/span><span class=\"TextRun BCX0 SCXP42502534\" lang=\"SV-SE\" xml:lang=\"SV-SE\" data-usefontface=\"true\" data-contrast=\"none\"><span class=\"SpellingError BCX0 SCXP42502534\">stiprina<\/span><\/span><span class=\"TextRun BCX0 SCXP42502534\" lang=\"SV-SE\" xml:lang=\"SV-SE\" data-usefontface=\"true\" data-contrast=\"none\"><span class=\"NormalTextRun BCX0 SCXP42502534\">\u00a0.\u00a0<\/span><\/span><span class=\"TextRun BCX0 SCXP42502534\" lang=\"SV-SE\" xml:lang=\"SV-SE\" data-usefontface=\"true\" data-contrast=\"none\"><span class=\"SpellingError BCX0 SCXP42502534\">plaukai<\/span><\/span><\/li>\n<li><strong>Granat\u0173 ekstraktas:<\/strong> c<span class=\"TextRun BCX8 SCXP198992060\" lang=\"EN-US\" xml:lang=\"EN-US\" data-usefontface=\"true\" data-contrast=\"none\"><span class=\"NormalTextRun BCX8 SCXP198992060\">saugo splav\u0105<\/span><\/span><\/li>\n<li><strong>M\u0117lyni\u0173 ekstraktas:<\/strong> <span class=\"TextRun BCX8 SCXP198992060\" lang=\"EN-US\" xml:lang=\"EN-US\" data-usefontface=\"true\" data-contrast=\"none\"><span class=\"NormalTextRun BCX8 SCXP198992060\"><span class=\"TextRun BCX0 SCXP42502534\" lang=\"SV-SE\" xml:lang=\"SV-SE\" data-usefontface=\"true\" data-contrast=\"none\"><span class=\"NormalTextRun BCX0 SCXP42502534\">suteikia <\/span><\/span><span class=\"TextRun BCX0 SCXP42502534\" lang=\"SV-SE\" xml:lang=\"SV-SE\" data-usefontface=\"true\" data-contrast=\"none\"><span class=\"SpellingError BCX0 SCXP42502534\">au\u0161intuvas<\/span><\/span><span class=\"TextRun BCX0 SCXP42502534\" lang=\"SV-SE\" xml:lang=\"SV-SE\" data-usefontface=\"true\" data-contrast=\"none\"><span class=\"NormalTextRun BCX0 SCXP42502534\">\u00a0<\/span><\/span><span class=\"TextRun BCX0 SCXP42502534\" lang=\"SV-SE\" xml:lang=\"SV-SE\" data-usefontface=\"true\" data-contrast=\"none\"><span class=\"SpellingError BCX0 SCXP42502534\">atspalvis<\/span><\/span><span class=\"TextRun BCX0 SCXP42502534\" lang=\"SV-SE\" xml:lang=\"SV-SE\" data-usefontface=\"true\" data-contrast=\"none\"><span class=\"NormalTextRun BCX0 SCXP42502534\">, <\/span><\/span><span class=\"TextRun BCX0 SCXP42502534\" lang=\"SV-SE\" xml:lang=\"SV-SE\" data-usefontface=\"true\" data-contrast=\"none\"><span class=\"SpellingError BCX0 SCXP42502534\">hidratuoja<\/span><\/span><span class=\"TextRun BCX0 SCXP42502534\" lang=\"SV-SE\" xml:lang=\"SV-SE\" data-usefontface=\"true\" data-contrast=\"none\"><span class=\"NormalTextRun BCX0 SCXP42502534\">\u00a0ir\u00a0<\/span><\/span><span class=\"TextRun BCX0 SCXP42502534\" lang=\"SV-SE\" xml:lang=\"SV-SE\" data-usefontface=\"true\" data-contrast=\"none\"><span class=\"SpellingError BCX0 SCXP42502534\">prideda<\/span><\/span><span class=\"TextRun BCX0 SCXP42502534\" lang=\"SV-SE\" xml:lang=\"SV-SE\" data-usefontface=\"true\" data-contrast=\"none\"><span class=\"NormalTextRun BCX0 SCXP42502534\">\u00a0<\/span><\/span><span class=\"TextRun BCX0 SCXP42502534\" lang=\"SV-SE\" xml:lang=\"SV-SE\" data-usefontface=\"true\" data-contrast=\"none\"><span class=\"SpellingError BCX0 SCXP42502534\">blizgesys<\/span><\/span><\/span><\/span><\/li>\n<\/ul>\n<div class=\"page\" title=\"Puslapis 1\">\n<div class=\"section\">\n<div class=\"layoutArea\">\n<div class=\"column\">\n<p><strong>Vegani\u0161kas ir Cruelty Free\u00a0<\/strong><\/p>\n<\/div>\n<\/div>\n<\/div>\n<\/div>","protected":false},"excerpt":{"rendered":"<p>\u0160vedijoje sukurtas kondicionierius, kuris akimirksniu neutralizuoja \u0161iltus tonus ir suteikia plaukams v\u0117sesn\u012f, \u0161vytint\u012f atspalv\u012f. Praturtintas dr\u0117kinan\u010diais ir maitinan\u010diais ingredientais, tokiais kaip hialurono r\u016bg\u0161tis ir granat\u0173 ekstraktas, kurie giliai kondicionuoja plaukus, palikdami juos \u0161ilkinius, atgaivintus ir apsaugotus. Idealiai tinka \u0161alt\u0173 atspalvi\u0173 i\u0161laikymui, suteikiant plaukams gaiv\u0173, ry\u0161k\u0173 ton\u0105 kiekvieno naudojimo metu. <strong>200 ml<\/strong><\/p>","protected":false},"featured_media":81198,"comment_status":"open","ping_status":"closed","template":"","meta":{"_jf_limit_responses":""},"product_brand":[],"product_cat":[1482,1064],"product_tag":[1184,1186,1183],"class_list":{"0":"post-81212","1":"product","2":"type-product","3":"status-publish","4":"has-post-thumbnail","6":"product_cat-cosmetics","7":"product_cat-hair","8":"product_tag-blonde","9":"product_tag-conditioner","10":"product_tag-lowengrip","11":"pa_brand-lowengrip","13":"first","14":"instock","15":"taxable","16":"shipping-taxable","17":"purchasable","18":"product-type-simple"},"_links":{"self":[{"href":"https:\/\/www.dammos.com\/lt\/wp-json\/wp\/v2\/product\/81212","targetHints":{"allow":["GET"]}}],"collection":[{"href":"https:\/\/www.dammos.com\/lt\/wp-json\/wp\/v2\/product"}],"about":[{"href":"https:\/\/www.dammos.com\/lt\/wp-json\/wp\/v2\/types\/product"}],"replies":[{"embeddable":true,"href":"https:\/\/www.dammos.com\/lt\/wp-json\/wp\/v2\/comments?post=81212"}],"version-history":[{"count":0,"href":"https:\/\/www.dammos.com\/lt\/wp-json\/wp\/v2\/product\/81212\/revisions"}],"wp:featuredmedia":[{"embeddable":true,"href":"https:\/\/www.dammos.com\/lt\/wp-json\/wp\/v2\/media\/81198"}],"wp:attachment":[{"href":"https:\/\/www.dammos.com\/lt\/wp-json\/wp\/v2\/media?parent=81212"}],"wp:term":[{"taxonomy":"product_brand","embeddable":true,"href":"https:\/\/www.dammos.com\/lt\/wp-json\/wp\/v2\/product_brand?post=81212"},{"taxonomy":"product_cat","embeddable":true,"href":"https:\/\/www.dammos.com\/lt\/wp-json\/wp\/v2\/product_cat?post=81212"},{"taxonomy":"product_tag","embeddable":true,"href":"https:\/\/www.dammos.com\/lt\/wp-json\/wp\/v2\/product_tag?post=81212"}],"curies":[{"name":"wp","href":"https:\/\/api.w.org\/{rel}","templated":true}]}}