{"id":81258,"date":"2024-10-09T18:41:31","date_gmt":"2024-10-09T16:41:31","guid":{"rendered":"https:\/\/www.dammos.com\/?post_type=product&#038;p=81258"},"modified":"2024-10-10T16:52:35","modified_gmt":"2024-10-10T14:52:35","slug":"bounce-back-blizgesio-ir-teksturos-purskiklis","status":"publish","type":"product","link":"https:\/\/www.dammos.com\/lt\/bounce-back-shine-and-texture-spray\/","title":{"rendered":"Bounce Back blizgesio ir tekst\u016bros suteikiantis pur\u0161kiklis"},"content":{"rendered":"<p>Blizgesio ir tekst\u016bros suteikiantis pur\u0161kiklis<strong> Bounce Back<\/strong> padeda i\u0161laikyti plauk\u0173 form\u0105, elastingum\u0105 ir judes\u012f. Naudokite formuodami \u0161ukuosen\u0105 arba kai plaukams reikia papildomo blizgesio ir apimties. Tinka vis\u0173 spalv\u0173 plaukams. \u00a0<span class=\"Apple-converted-space\">\u00a0<\/span><\/p>\n<p><strong>Aromatas:<\/strong><\/p>\n<ul>\n<li>Vir\u0161utin\u0117s: \u017ealias obuolys \/ kedras<\/li>\n<li>Viduryin\u0117s: jazminas \/ baltoji ro\u017e\u0117<\/li>\n<li>Apatin\u0117s: gintaras \/ muskusas \/ kedro mediena<\/li>\n<\/ul>\n<p><strong>Pagrindiniai ingredientai:<\/strong><\/p>\n<ul>\n<li><strong>Carthamus tinctorius (dykini\u0173 \u0161afran\u0173) s\u0117kl\u0173 aliejus:<\/strong> lengvas aliejus, kuris intensyviai apsaugo, maitina ir dr\u0117kina plaukus.<\/li>\n<li><strong>Prunus amygdalus dulcis (sald\u017ei\u0173j\u0173 migdol\u0173) aliejus:<\/strong> suteikia plaukams ry\u0161k\u0173 blizges\u012f ir \u0161ilkin\u012f glotnum\u0105.<\/li>\n<li><strong>Cocos nucifera (kokos\u0173) aliejus:<\/strong> \u017einomas d\u0117l savo geb\u0117jimo reik\u0161mingai suma\u017einti baltym\u0173 praradim\u0105 plaukuose.<\/li>\n<\/ul>\n<p><strong>Vegani\u0161kas ir Cruelty Free<\/strong><\/p>","protected":false},"excerpt":{"rendered":"<p>Pakyl\u0117kite savo plaukus su \u0161iuo apimties suteikian\u010diu pur\u0161kikliu. Daugiafunkc\u0117 formul\u0117 paruo\u0161ia, fiksuoja ir u\u017ebaigia \u0161ukuosen\u0105, suteikdama plaukams blizges\u012f, tekst\u016br\u0105 ir ilgai i\u0161liekan\u010di\u0105 apimt\u012f. <strong>200 ml<\/strong><\/p>","protected":false},"featured_media":81297,"comment_status":"open","ping_status":"closed","template":"","meta":{"_jf_limit_responses":""},"product_brand":[],"product_cat":[1482,1064],"product_tag":[1190,1183,1189],"class_list":{"0":"post-81258","1":"product","2":"type-product","3":"status-publish","4":"has-post-thumbnail","6":"product_cat-cosmetics","7":"product_cat-hair","8":"product_tag-bounce-back","9":"product_tag-lowengrip","10":"product_tag-shine-texture","11":"pa_brand-lowengrip","13":"first","14":"instock","15":"taxable","16":"shipping-taxable","17":"purchasable","18":"product-type-simple"},"_links":{"self":[{"href":"https:\/\/www.dammos.com\/lt\/wp-json\/wp\/v2\/product\/81258","targetHints":{"allow":["GET"]}}],"collection":[{"href":"https:\/\/www.dammos.com\/lt\/wp-json\/wp\/v2\/product"}],"about":[{"href":"https:\/\/www.dammos.com\/lt\/wp-json\/wp\/v2\/types\/product"}],"replies":[{"embeddable":true,"href":"https:\/\/www.dammos.com\/lt\/wp-json\/wp\/v2\/comments?post=81258"}],"version-history":[{"count":0,"href":"https:\/\/www.dammos.com\/lt\/wp-json\/wp\/v2\/product\/81258\/revisions"}],"wp:featuredmedia":[{"embeddable":true,"href":"https:\/\/www.dammos.com\/lt\/wp-json\/wp\/v2\/media\/81297"}],"wp:attachment":[{"href":"https:\/\/www.dammos.com\/lt\/wp-json\/wp\/v2\/media?parent=81258"}],"wp:term":[{"taxonomy":"product_brand","embeddable":true,"href":"https:\/\/www.dammos.com\/lt\/wp-json\/wp\/v2\/product_brand?post=81258"},{"taxonomy":"product_cat","embeddable":true,"href":"https:\/\/www.dammos.com\/lt\/wp-json\/wp\/v2\/product_cat?post=81258"},{"taxonomy":"product_tag","embeddable":true,"href":"https:\/\/www.dammos.com\/lt\/wp-json\/wp\/v2\/product_tag?post=81258"}],"curies":[{"name":"wp","href":"https:\/\/api.w.org\/{rel}","templated":true}]}}