{"id":81346,"date":"2024-10-10T17:44:08","date_gmt":"2024-10-10T15:44:08","guid":{"rendered":"https:\/\/www.dammos.com\/?post_type=product&#038;p=81346"},"modified":"2024-10-30T15:55:05","modified_gmt":"2024-10-30T13:55:05","slug":"good-to-go-lengvas-sausas-sampunas-obuoliu-kedro-mediena","status":"publish","type":"product","link":"https:\/\/www.dammos.com\/lt\/good-to-go-light-dry-shampoo-apple-cedarwood\/","title":{"rendered":"Good To Go lengvas sausas \u0161amp\u016bnas Apple &amp; Cedarwood"},"content":{"rendered":"<p>Maitinamasis <strong>Good To Go lengvas sausas \u0161amp\u016bnas<\/strong> po kiekvieno naudojimo palieka plaukus \u0161velnius kaip \u0161ilkas. Sugeria riebal\u0173 pertekli\u0173, suteikia gaivos ir \u0161varos poj\u016bt\u012f tarp plovim\u0173. Praturtintas provitaminu B5 ir ramun\u0117li\u0173 ekstraktu, kurie ramina ir maitina galvos od\u0105. Tinka vis\u0173 spalv\u0173 plaukams. Gerai suplakite prie\u0161 naudojim\u0105. Purk\u0161kite apie 30 cm atstumu nuo plauk\u0173 \u0161akn\u0173. I\u0161\u0161ukuokite arba \u012fmasa\u017euokite pir\u0161tais ir formuokite \u0161ukuosen\u0105 pagal poreik\u012f.<span class=\"Apple-converted-space\">\u00a0<\/span><\/p>\n<p><strong>Aromatas: obuolys ir kedras.<\/strong><\/p>\n<ul>\n<li>Vir\u0161utin\u0117s: obuoliai ir abrikosai.<\/li>\n<li>Vidurin\u0117s: g\u0117li\u0173.<\/li>\n<li>Apatin\u0117s: kedras ir muskusas.<\/li>\n<\/ul>\n<p><strong>Pagrindiniai ingredientai<\/strong><\/p>\n<ul>\n<li><strong>Ramun\u0117li\u0173 ekstraktas:<\/strong> ramina galvos od\u0105 ir mink\u0161tina plaukus.<\/li>\n<\/ul>\n<p><strong>Vegani\u0161kas ir Cruelty Free<\/strong><\/p>","protected":false},"excerpt":{"rendered":"<p>Atgaivinkite ir atnaujinkite savo plaukus! L\u00f6wengrip sausas \u0161amp\u016bnas sugeria riebal\u0173 pertekli\u0173, suteikdamas plaukams \u0161varos, gaivos ir apimties poj\u016bt\u012f. Pagamintas i\u0161 nat\u016brali\u0173 ingredient\u0173 ir su cruelty-free formule <strong>250 ml<\/strong><\/p>","protected":false},"featured_media":81226,"comment_status":"open","ping_status":"closed","template":"","meta":{"_jf_limit_responses":""},"product_brand":[],"product_cat":[1482,1064],"product_tag":[1192,1183],"class_list":{"0":"post-81346","1":"product","2":"type-product","3":"status-publish","4":"has-post-thumbnail","6":"product_cat-cosmetics","7":"product_cat-hair","8":"product_tag-light-dry-shampoo","9":"product_tag-lowengrip","10":"pa_brand-lowengrip","12":"first","13":"instock","14":"taxable","15":"shipping-taxable","16":"purchasable","17":"product-type-simple"},"_links":{"self":[{"href":"https:\/\/www.dammos.com\/lt\/wp-json\/wp\/v2\/product\/81346","targetHints":{"allow":["GET"]}}],"collection":[{"href":"https:\/\/www.dammos.com\/lt\/wp-json\/wp\/v2\/product"}],"about":[{"href":"https:\/\/www.dammos.com\/lt\/wp-json\/wp\/v2\/types\/product"}],"replies":[{"embeddable":true,"href":"https:\/\/www.dammos.com\/lt\/wp-json\/wp\/v2\/comments?post=81346"}],"version-history":[{"count":0,"href":"https:\/\/www.dammos.com\/lt\/wp-json\/wp\/v2\/product\/81346\/revisions"}],"wp:featuredmedia":[{"embeddable":true,"href":"https:\/\/www.dammos.com\/lt\/wp-json\/wp\/v2\/media\/81226"}],"wp:attachment":[{"href":"https:\/\/www.dammos.com\/lt\/wp-json\/wp\/v2\/media?parent=81346"}],"wp:term":[{"taxonomy":"product_brand","embeddable":true,"href":"https:\/\/www.dammos.com\/lt\/wp-json\/wp\/v2\/product_brand?post=81346"},{"taxonomy":"product_cat","embeddable":true,"href":"https:\/\/www.dammos.com\/lt\/wp-json\/wp\/v2\/product_cat?post=81346"},{"taxonomy":"product_tag","embeddable":true,"href":"https:\/\/www.dammos.com\/lt\/wp-json\/wp\/v2\/product_tag?post=81346"}],"curies":[{"name":"wp","href":"https:\/\/api.w.org\/{rel}","templated":true}]}}