{"id":81362,"date":"2024-10-10T18:48:33","date_gmt":"2024-10-10T16:48:33","guid":{"rendered":"https:\/\/www.dammos.com\/?post_type=product&#038;p=81362"},"modified":"2024-10-10T18:57:37","modified_gmt":"2024-10-10T16:57:37","slug":"beautyprep-veido-tonikas","status":"publish","type":"product","link":"https:\/\/www.dammos.com\/lt\/beautyprep-face-toner\/","title":{"rendered":"BeautyPrep veido tonikas"},"content":{"rendered":"<p>BeautyPrep veido tonikas<\/p>\n<p>Praturtintas Herbasome \u2013 vaisi\u0173 ekstraktais praturtintu vandeniu, kuriame yra ekologi\u0161kos citrin\u017eol\u0117s, obuoli\u0173, kriau\u0161i\u0173, mork\u0173 ir kokos\u0173 vandens, padedan\u010di\u0173 atkurti odos pavir\u0161i\u0173 ir subalansuoti pH. Sutraukia poras ir dr\u0117kina od\u0105, kad makia\u017eas lengviau pasiskirstyt\u0173 ir i\u0161likt\u0173 ilgiau.<\/p>\n<p>Puikiai tinka kasdieniam naudojimui kartu su BeautyPrep valikliu ir BeautyPrep kremu.<\/p>\n<p>Sertifikuotas ECOCERT kaip nat\u016brali kosmetika.<\/p>\n<p>&nbsp;<\/p>","protected":false},"excerpt":{"rendered":"<p>Maksimaliai i\u0161naudokite m\u0117gstamos mineralin\u0117s kosmetikos privalumus su auk\u0161tos kokyb\u0117s kasdieniu toniku, sukurtu atkurti ir paruo\u0161ti odos pavir\u0161i\u0173, kad makia\u017eas pasiskirstyt\u0173 tolygiau ir i\u0161likt\u0173 ilgiau.<b> 88,7 ml<\/b><\/p>","protected":false},"featured_media":81351,"comment_status":"open","ping_status":"closed","template":"","meta":{"_jf_limit_responses":""},"product_brand":[],"product_cat":[1482,1062],"product_tag":[1194,1193],"class_list":{"0":"post-81362","1":"product","2":"type-product","3":"status-publish","4":"has-post-thumbnail","6":"product_cat-cosmetics","7":"product_cat-skincare","8":"product_tag-beautyprep","9":"product_tag-jane-iredale","10":"pa_brand-jane-iredale","12":"first","13":"instock","14":"taxable","15":"shipping-taxable","16":"purchasable","17":"product-type-simple"},"_links":{"self":[{"href":"https:\/\/www.dammos.com\/lt\/wp-json\/wp\/v2\/product\/81362","targetHints":{"allow":["GET"]}}],"collection":[{"href":"https:\/\/www.dammos.com\/lt\/wp-json\/wp\/v2\/product"}],"about":[{"href":"https:\/\/www.dammos.com\/lt\/wp-json\/wp\/v2\/types\/product"}],"replies":[{"embeddable":true,"href":"https:\/\/www.dammos.com\/lt\/wp-json\/wp\/v2\/comments?post=81362"}],"version-history":[{"count":0,"href":"https:\/\/www.dammos.com\/lt\/wp-json\/wp\/v2\/product\/81362\/revisions"}],"wp:featuredmedia":[{"embeddable":true,"href":"https:\/\/www.dammos.com\/lt\/wp-json\/wp\/v2\/media\/81351"}],"wp:attachment":[{"href":"https:\/\/www.dammos.com\/lt\/wp-json\/wp\/v2\/media?parent=81362"}],"wp:term":[{"taxonomy":"product_brand","embeddable":true,"href":"https:\/\/www.dammos.com\/lt\/wp-json\/wp\/v2\/product_brand?post=81362"},{"taxonomy":"product_cat","embeddable":true,"href":"https:\/\/www.dammos.com\/lt\/wp-json\/wp\/v2\/product_cat?post=81362"},{"taxonomy":"product_tag","embeddable":true,"href":"https:\/\/www.dammos.com\/lt\/wp-json\/wp\/v2\/product_tag?post=81362"}],"curies":[{"name":"wp","href":"https:\/\/api.w.org\/{rel}","templated":true}]}}