{"id":81620,"date":"2024-10-30T16:28:35","date_gmt":"2024-10-30T14:28:35","guid":{"rendered":"https:\/\/www.dammos.com\/?post_type=product&#038;p=81620"},"modified":"2024-10-30T17:32:26","modified_gmt":"2024-10-30T15:32:26","slug":"giliai-valantis-detoksikuojantis-sampunas","status":"publish","type":"product","link":"https:\/\/www.dammos.com\/lt\/deep-cleansing-detox-shampoo\/","title":{"rendered":"Giliai valantis detoksikuojantis \u0161amp\u016bnas"},"content":{"rendered":"<p><strong>Giliai valantis detoksikuojantis \u0161amp\u016bnas<\/strong> \u2013 tai efektyviai valantis detoksikuojantis \u0161amp\u016bnas, kuris pa\u0161alina ne\u0161varumus, chemines med\u017eiagas ir plauk\u0173 formavimo priemoni\u0173 liku\u010dius. Veiksminga, ta\u010diau \u0161velni micelin\u0117 technologija kruop\u0161\u010diai valo galvos od\u0105, atkuria jos pH balans\u0105, tod\u0117l plaukai jau\u010diasi gaiv\u016bs ir atsinaujin\u0119. Po kiekvieno naudojimo plauk\u0173 ilgis ir galvos oda i\u0161lieka atgaivinti ir atkurti valand\u0173 valandas. Micelin\u0117 formul\u0117 leid\u017eia giliai i\u0161valyti plaukus j\u0173 nepa\u017eeid\u017eiant ir nedirginant jautrios galvos odos.<\/p>\n<p><strong>Aromatas: <\/strong>Imbieras ir citrin\u017eol\u0117.<\/p>\n<ul>\n<li style=\"list-style-type: none;\">\n<ul>\n<li>Vir\u0161utin\u0117s natos: imbieras.<\/li>\n<li>\u0160irdies natos: imbieras, citrin\u017eol\u0117.<\/li>\n<li>Bazin\u0117s natos: muskusas ir baltoji mediena.<\/li>\n<\/ul>\n<\/li>\n<\/ul>\n<p>&nbsp;<\/p>\n<p><strong>Pagrindiniai ingredientai<\/strong><\/p>\n<div class=\"page\" title=\"Puslapis 1\">\n<div class=\"section\">\n<div class=\"layoutArea\">\n<div class=\"column\">\n<ul>\n<li><strong><span class=\"TextRun SCXP2948483 BCX0\" lang=\"EN-US\" xml:lang=\"EN-US\" data-scheme-color=\"@000000,,\" data-usefontface=\"true\" data-contrast=\"none\"><span class=\"NormalTextRun SCXP2948483 BCX0\">Glicerinas: <\/span><\/span><\/strong><span class=\"TextRun SCXP2948483 BCX0\" lang=\"EN-US\" xml:lang=\"EN-US\" data-scheme-color=\"@000000,,\" data-usefontface=\"true\" data-contrast=\"none\"><span class=\"NormalTextRun SCXP2948483 BCX0\">gali skatinti plauk\u0173 augim\u0105, stiprinti plaukus ir ma\u017einti galvos odos sudirgim\u0105.<\/span><\/span><span class=\"TextRun SCXP2948483 BCX0\" lang=\"EN-US\" xml:lang=\"EN-US\" data-scheme-color=\"@000000,,\" data-usefontface=\"true\" data-contrast=\"none\"><span class=\"NormalTextRun SCXP2948483 BCX0\">\u00a0<\/span><\/span><span class=\"LineBreakBlob BlobObject SCXP2948483 BCX0\"><span class=\"SCXP2948483 BCX0\">\u200b<\/span><\/span><\/li>\n<li><strong>Micel\u0117s: <\/strong>valo ir detoksikuoja, nedirgindamos jautrios galvos odos. Smulkios miceli\u0173 dalel\u0117s sugaudo ne\u0161varumus ir, skalaujant plaukus, pa\u0161alina susikaupusius chemikalus bei liku\u010dius.<\/li>\n<li><strong>Pieno r\u016bg\u0161tis: <\/strong>neutralizuoja nat\u016brali\u0105 galvos odos pH pusiausvyr\u0105.<\/li>\n<\/ul>\n<p><strong>Vegani\u0161kas ir Cruelty Free<\/strong><\/p>\n<\/div>\n<\/div>\n<\/div>\n<\/div>","protected":false},"excerpt":{"rendered":"<p>Vegani\u0161ka, detoksikuojanti plauk\u0173 prie\u017ei\u016bros priemon\u0117 su miceline technologija, kuri efektyviai pa\u0161alina susikaupusius ne\u0161varumus. Naudokite kaip detoksikuojan\u010di\u0105 priemon\u0119 1\u20132 kartus per m\u0117nes\u012f. <strong>100 ml<\/strong><\/p>","protected":false},"featured_media":81613,"comment_status":"open","ping_status":"closed","template":"","meta":{"_jf_limit_responses":""},"product_brand":[],"product_cat":[1482,1064],"product_tag":[1197,1183,1187],"class_list":{"0":"post-81620","1":"product","2":"type-product","3":"status-publish","4":"has-post-thumbnail","6":"product_cat-cosmetics","7":"product_cat-hair","8":"product_tag-detox","9":"product_tag-lowengrip","10":"product_tag-shampoo","11":"pa_brand-lowengrip","13":"first","14":"instock","15":"taxable","16":"shipping-taxable","17":"purchasable","18":"product-type-simple"},"_links":{"self":[{"href":"https:\/\/www.dammos.com\/lt\/wp-json\/wp\/v2\/product\/81620","targetHints":{"allow":["GET"]}}],"collection":[{"href":"https:\/\/www.dammos.com\/lt\/wp-json\/wp\/v2\/product"}],"about":[{"href":"https:\/\/www.dammos.com\/lt\/wp-json\/wp\/v2\/types\/product"}],"replies":[{"embeddable":true,"href":"https:\/\/www.dammos.com\/lt\/wp-json\/wp\/v2\/comments?post=81620"}],"version-history":[{"count":0,"href":"https:\/\/www.dammos.com\/lt\/wp-json\/wp\/v2\/product\/81620\/revisions"}],"wp:featuredmedia":[{"embeddable":true,"href":"https:\/\/www.dammos.com\/lt\/wp-json\/wp\/v2\/media\/81613"}],"wp:attachment":[{"href":"https:\/\/www.dammos.com\/lt\/wp-json\/wp\/v2\/media?parent=81620"}],"wp:term":[{"taxonomy":"product_brand","embeddable":true,"href":"https:\/\/www.dammos.com\/lt\/wp-json\/wp\/v2\/product_brand?post=81620"},{"taxonomy":"product_cat","embeddable":true,"href":"https:\/\/www.dammos.com\/lt\/wp-json\/wp\/v2\/product_cat?post=81620"},{"taxonomy":"product_tag","embeddable":true,"href":"https:\/\/www.dammos.com\/lt\/wp-json\/wp\/v2\/product_tag?post=81620"}],"curies":[{"name":"wp","href":"https:\/\/api.w.org\/{rel}","templated":true}]}}