{"id":81623,"date":"2024-10-30T16:46:18","date_gmt":"2024-10-30T14:46:18","guid":{"rendered":"https:\/\/www.dammos.com\/?post_type=product&#038;p=81623"},"modified":"2024-10-30T17:34:01","modified_gmt":"2024-10-30T15:34:01","slug":"giliai-valantis-detoksikuojantis-kondicionierius","status":"publish","type":"product","link":"https:\/\/www.dammos.com\/lt\/deep-cleansing-detox-conditioner\/","title":{"rendered":"Giliai valantis detoksikuojantis kondicionierius"},"content":{"rendered":"<p><strong>Giliai valantis detoksikuojantis kondicionierius<\/strong> - tai lengvas, elastingumo suteikiantis kondicionierius, kuris subalansuoja plaukus ir galvos od\u0105. Jis sustiprina ir i\u0161laiko Deep Cleansing \u2013 Detox \u0161amp\u016bno poveik\u012f. D\u0117l ma\u017eo sudedam\u0173j\u0173 dali\u0173 kiekio kondicionierius yra itin \u0161velnus plaukams ir galvos odai, o maitinamosios savyb\u0117s padeda dar labiau sustiprinti detoksikuojan\u010dio \u0161amp\u016bno poveik\u012f.<\/p>\n<p><strong>Aromatas: <\/strong>Imbieras ir citrin\u017eol\u0117.<\/p>\n<ul>\n<li style=\"list-style-type: none;\">\n<ul>\n<li>Vir\u0161utin\u0117s natos: imbieras.<\/li>\n<li>\u0160irdies natos: imbieras, citrin\u017eol\u0117.<\/li>\n<li>Bazin\u0117s natos: muskusas ir baltoji mediena.<\/li>\n<\/ul>\n<\/li>\n<\/ul>\n<p>&nbsp;<\/p>\n<p><strong>Pagrindiniai ingredientai<\/strong><\/p>\n<div class=\"page\" title=\"Puslapis 1\">\n<div class=\"section\">\n<div class=\"layoutArea\">\n<div class=\"column\">\n<ul>\n<li><strong>Micel\u0117s: <\/strong>valo ir detoksikuoja, nedirgindamos jautrios galvos odos. Smulkios miceli\u0173 dalel\u0117s sugaudo ne\u0161varumus ir, skalaujant plaukus, pa\u0161alina susikaupusius chemikalus bei liku\u010dius.<\/li>\n<li><strong>Pieno r\u016bg\u0161tis: <\/strong>neutralizuoja nat\u016brali\u0105 galvos odos pH pusiausvyr\u0105.<\/li>\n<\/ul>\n<p><strong>Vegani\u0161kas ir Cruelty Free<\/strong><\/p>\n<\/div>\n<\/div>\n<\/div>\n<\/div>","protected":false},"excerpt":{"rendered":"<p>Vegani\u0161ka, detoksikuojanti plauk\u0173 prie\u017ei\u016bros priemon\u0117, kuri efektyviai atkuria balans\u0105. Naudokite 1\u20132 kartus per m\u0117nes\u012f. <strong>100 ml<\/strong><\/p>","protected":false},"featured_media":81614,"comment_status":"open","ping_status":"closed","template":"","meta":{"_jf_limit_responses":""},"product_brand":[],"product_cat":[1482,1064],"product_tag":[1186,1197,1183],"class_list":{"0":"post-81623","1":"product","2":"type-product","3":"status-publish","4":"has-post-thumbnail","6":"product_cat-cosmetics","7":"product_cat-hair","8":"product_tag-conditioner","9":"product_tag-detox","10":"product_tag-lowengrip","11":"pa_brand-lowengrip","13":"first","14":"instock","15":"taxable","16":"shipping-taxable","17":"purchasable","18":"product-type-simple"},"_links":{"self":[{"href":"https:\/\/www.dammos.com\/lt\/wp-json\/wp\/v2\/product\/81623","targetHints":{"allow":["GET"]}}],"collection":[{"href":"https:\/\/www.dammos.com\/lt\/wp-json\/wp\/v2\/product"}],"about":[{"href":"https:\/\/www.dammos.com\/lt\/wp-json\/wp\/v2\/types\/product"}],"replies":[{"embeddable":true,"href":"https:\/\/www.dammos.com\/lt\/wp-json\/wp\/v2\/comments?post=81623"}],"version-history":[{"count":0,"href":"https:\/\/www.dammos.com\/lt\/wp-json\/wp\/v2\/product\/81623\/revisions"}],"wp:featuredmedia":[{"embeddable":true,"href":"https:\/\/www.dammos.com\/lt\/wp-json\/wp\/v2\/media\/81614"}],"wp:attachment":[{"href":"https:\/\/www.dammos.com\/lt\/wp-json\/wp\/v2\/media?parent=81623"}],"wp:term":[{"taxonomy":"product_brand","embeddable":true,"href":"https:\/\/www.dammos.com\/lt\/wp-json\/wp\/v2\/product_brand?post=81623"},{"taxonomy":"product_cat","embeddable":true,"href":"https:\/\/www.dammos.com\/lt\/wp-json\/wp\/v2\/product_cat?post=81623"},{"taxonomy":"product_tag","embeddable":true,"href":"https:\/\/www.dammos.com\/lt\/wp-json\/wp\/v2\/product_tag?post=81623"}],"curies":[{"name":"wp","href":"https:\/\/api.w.org\/{rel}","templated":true}]}}