{"id":81654,"date":"2024-10-30T19:06:29","date_gmt":"2024-10-30T17:06:29","guid":{"rendered":"https:\/\/www.dammos.com\/?post_type=product&#038;p=81654"},"modified":"2024-10-30T19:44:42","modified_gmt":"2024-10-30T17:44:42","slug":"sveiko-svytejimo-dezodorantas","status":"publish","type":"product","link":"https:\/\/www.dammos.com\/lt\/healthy-glow-deodorant\/","title":{"rendered":"Healthy Glow dezodorantas"},"content":{"rendered":"<p><strong>Healthy Glow dezodorantas <\/strong>tai \u0161velnus, mink\u0161tinantis antiperspirantas, praturtintas maitinan\u010diais ingredientais, kurie padeda i\u0161laikyti od\u0105 saus\u0105 ir sudr\u0117kint\u0105 vis\u0105 dien\u0105. Tinka vis\u0173 tip\u0173 odai, \u012fskaitant jautri\u0105. Tepkite nedidel\u012f kiek\u012f pa\u017east\u0173 srityje.<\/p>\n<p><strong>Aromatas: <\/strong>Irisas ir vanil\u0117<\/p>\n<ul>\n<li>Vir\u0161utin\u0117s natos: apelsinas ir citrusiniai vaisiai.<\/li>\n<li>\u0160irdies natos: irisas ir muskusas.<\/li>\n<li>Bazin\u0117s natos: vanil\u0117, pienas, medus ir cukranendri\u0173 cukrus.<\/li>\n<\/ul>\n<p><strong>Pagrindiniai ingredientai<\/strong><\/p>\n<ul>\n<li><strong>Micro Proskin: <\/strong>stiprina odos barjer\u0105.<\/li>\n<li><strong>Beta karotinas:<\/strong> lygina od\u0105 ir suteikia spindesio.<\/li>\n<\/ul>\n<p><strong>Vegani\u0161kas ir Cruelty Free<\/strong><\/p>","protected":false},"excerpt":{"rendered":"<p>Veiksmingas dr\u0117kinamasis dezodorantas nuo prakaitavimo, suteikiantis ilgalaik\u0119 apsaug\u0105 ir gaivum\u0105. <strong>50 ml<\/strong><\/p>","protected":false},"featured_media":81659,"comment_status":"open","ping_status":"closed","template":"","meta":{"_jf_limit_responses":""},"product_brand":[],"product_cat":[1063,1482],"product_tag":[1200,1093],"class_list":{"0":"post-81654","1":"product","2":"type-product","3":"status-publish","4":"has-post-thumbnail","6":"product_cat-bodycare","7":"product_cat-cosmetics","8":"product_tag-deodorant","9":"product_tag-healthy-glow","10":"pa_brand-lowengrip","12":"first","13":"instock","14":"taxable","15":"shipping-taxable","16":"purchasable","17":"product-type-simple"},"_links":{"self":[{"href":"https:\/\/www.dammos.com\/lt\/wp-json\/wp\/v2\/product\/81654","targetHints":{"allow":["GET"]}}],"collection":[{"href":"https:\/\/www.dammos.com\/lt\/wp-json\/wp\/v2\/product"}],"about":[{"href":"https:\/\/www.dammos.com\/lt\/wp-json\/wp\/v2\/types\/product"}],"replies":[{"embeddable":true,"href":"https:\/\/www.dammos.com\/lt\/wp-json\/wp\/v2\/comments?post=81654"}],"version-history":[{"count":0,"href":"https:\/\/www.dammos.com\/lt\/wp-json\/wp\/v2\/product\/81654\/revisions"}],"wp:featuredmedia":[{"embeddable":true,"href":"https:\/\/www.dammos.com\/lt\/wp-json\/wp\/v2\/media\/81659"}],"wp:attachment":[{"href":"https:\/\/www.dammos.com\/lt\/wp-json\/wp\/v2\/media?parent=81654"}],"wp:term":[{"taxonomy":"product_brand","embeddable":true,"href":"https:\/\/www.dammos.com\/lt\/wp-json\/wp\/v2\/product_brand?post=81654"},{"taxonomy":"product_cat","embeddable":true,"href":"https:\/\/www.dammos.com\/lt\/wp-json\/wp\/v2\/product_cat?post=81654"},{"taxonomy":"product_tag","embeddable":true,"href":"https:\/\/www.dammos.com\/lt\/wp-json\/wp\/v2\/product_tag?post=81654"}],"curies":[{"name":"wp","href":"https:\/\/api.w.org\/{rel}","templated":true}]}}