{"id":81726,"date":"2024-11-01T18:10:14","date_gmt":"2024-11-01T16:10:14","guid":{"rendered":"https:\/\/www.dammos.com\/?post_type=product&#038;p=81726"},"modified":"2024-11-01T19:20:48","modified_gmt":"2024-11-01T17:20:48","slug":"glow-time-pro-bb-kremas-spf-25","status":"publish","type":"product","link":"https:\/\/www.dammos.com\/lt\/glow-time-pro-bb-cream-spf-25\/","title":{"rendered":"Glow Time Pro BB kremas SPF 25"},"content":{"rendered":"<p><strong>Glow Time Pro BB kremas SPF 25<\/strong><\/p>\n<p>&nbsp;<\/p>\n<ul>\n<li>Lengva, nejau\u010diama tekst\u016bra ir vidutinio\u2013pilno padengimo formul\u0117, kuri\u0105 galima sluoksniuoti.<\/li>\n<li>Greitai d\u017ei\u016bstanti, neriebi formul\u0117 leid\u017eia odai kv\u0117puoti.<\/li>\n<li>Tolygi satino apdaila, kuri atrodo kaip oda.<\/li>\n<li>Ilgai i\u0161liekanti, atspari nusitrynimui formul\u0117.<\/li>\n<li>Ma\u017eina por\u0173 ir smulki\u0173 linij\u0173 matomum\u0105, suteikia lygesn\u0119, tolygi\u0105 veido odos i\u0161vaizd\u0105.<\/li>\n<li>\u0160velniai eksfolijuoja, dr\u0117kina ir atgaivina papilk\u0117jusi\u0105 od\u0105.<\/li>\n<li>SPF 25 fizin\u0117 plataus spektro apsauga nuo saul\u0117s.<\/li>\n<li>Atsparus vandeniui iki 40 minu\u010di\u0173.<\/li>\n<li>Be ftalat\u0173, paraben\u0173, GMO, sintetini\u0173 kvapi\u0173j\u0173 med\u017eiag\u0173, talko ir mineralini\u0173 aliej\u0173.<\/li>\n<li>Saugus ir \u0161varus pasirinkimas \u2013 klini\u0161kai patikrintas, dermatologi\u0161kai ir alergi\u0161kai i\u0161testuotas, nekem\u0161a por\u0173.<\/li>\n<\/ul>\n<p><strong>Od\u0105 puosel\u0117jantys ingredientai:<\/strong><\/p>\n<p>&nbsp;<\/p>\n<ul>\n<li><strong>Greipfrut\u0173 ekstraktas: <\/strong>\u0160viesina ir atgaivina papilk\u0117jusi\u0105 od\u0105, suma\u017eina por\u0173 matomum\u0105.<\/li>\n<li><strong>Saul\u0117gr\u0105\u017e\u0173 s\u0117kl\u0173 aliejus:<\/strong>Dr\u0117kina od\u0105, mal\u0161ina sudirgim\u0105 ir apsaugo nuo antioksidant\u0173, kad oda b\u016bt\u0173 \u0161velni ir elastinga.<\/li>\n<li><strong>Obuoli\u0173 ekstraktas:<\/strong>\u0160velniai eksfolijuoja ir glotnina od\u0105, i\u0161laikydamas jos jaunatvi\u0161k\u0105 elastingum\u0105  bei stangrum\u0105.<\/li>\n<\/ul>","protected":false},"excerpt":{"rendered":"<p>Lengvas, od\u0105 puosel\u0117jantis Glow Time Pro BB kremas su od\u0105 glotninan\u010dia satino apdaila, SPF 25 plataus spektro apsauga nuo saul\u0117s ir ilgai i\u0161liekan\u010diu, nenusitrinan\u010diu padengimu.<strong> 40 ml\u00a0<\/strong><\/p>","protected":false},"featured_media":81664,"comment_status":"open","ping_status":"closed","template":"","meta":{"_jf_limit_responses":""},"product_brand":[],"product_cat":[1006,1059],"product_tag":[1205,1121,1206],"class_list":{"0":"post-81726","1":"product","2":"type-product","3":"status-publish","4":"has-post-thumbnail","6":"product_cat-face","7":"product_cat-makeup","8":"product_tag-bb-cream","9":"product_tag-mineral-foundation","10":"product_tag-spf-25","11":"pa_brand-jane-iredale","13":"first","14":"instock","15":"featured","16":"taxable","17":"shipping-taxable","18":"purchasable","19":"product-type-variable"},"_links":{"self":[{"href":"https:\/\/www.dammos.com\/lt\/wp-json\/wp\/v2\/product\/81726","targetHints":{"allow":["GET"]}}],"collection":[{"href":"https:\/\/www.dammos.com\/lt\/wp-json\/wp\/v2\/product"}],"about":[{"href":"https:\/\/www.dammos.com\/lt\/wp-json\/wp\/v2\/types\/product"}],"replies":[{"embeddable":true,"href":"https:\/\/www.dammos.com\/lt\/wp-json\/wp\/v2\/comments?post=81726"}],"version-history":[{"count":0,"href":"https:\/\/www.dammos.com\/lt\/wp-json\/wp\/v2\/product\/81726\/revisions"}],"wp:featuredmedia":[{"embeddable":true,"href":"https:\/\/www.dammos.com\/lt\/wp-json\/wp\/v2\/media\/81664"}],"wp:attachment":[{"href":"https:\/\/www.dammos.com\/lt\/wp-json\/wp\/v2\/media?parent=81726"}],"wp:term":[{"taxonomy":"product_brand","embeddable":true,"href":"https:\/\/www.dammos.com\/lt\/wp-json\/wp\/v2\/product_brand?post=81726"},{"taxonomy":"product_cat","embeddable":true,"href":"https:\/\/www.dammos.com\/lt\/wp-json\/wp\/v2\/product_cat?post=81726"},{"taxonomy":"product_tag","embeddable":true,"href":"https:\/\/www.dammos.com\/lt\/wp-json\/wp\/v2\/product_tag?post=81726"}],"curies":[{"name":"wp","href":"https:\/\/api.w.org\/{rel}","templated":true}]}}