{"id":81768,"date":"2024-11-01T19:35:23","date_gmt":"2024-11-01T17:35:23","guid":{"rendered":"https:\/\/www.dammos.com\/?post_type=product&#038;p=81768"},"modified":"2025-04-11T14:28:23","modified_gmt":"2025-04-11T11:28:23","slug":"beyond-matte-skystas-makiazo-pagrindas","status":"publish","type":"product","link":"https:\/\/www.dammos.com\/lt\/beyond-matte-liquid-foundation\/","title":{"rendered":"Beyond Matte skystasis makia\u017eo pagrindas"},"content":{"rendered":"<p><strong>Beyond Matte skystasis makia\u017eo pagrindas<\/strong><\/p>\n<p>&nbsp;<\/p>\n<ul>\n<li>3 in 1 formul\u0117 \u2013 makia\u017eo baz\u0117, maskuoklis ir makia\u017eo pagrindas viename.<\/li>\n<li>Nat\u016bralus, pusiau matinis efektas,.<\/li>\n<li>18 prisitaikan\u010di\u0173 atspalvi\u0173, kurie lengvai dera prie odos tono.<\/li>\n<li>Lengva tekst\u016bra ir ilgai i\u0161liekantis efektas.<\/li>\n<li>Vidutinis\u2013pilnas padengimas, lengvai sluoksniuojamas.<\/li>\n<li>Ma\u017eina blizg\u0117jim\u0105 ir suteikia odai glotnumo bei lygumo.<\/li>\n<li>Suma\u017eina por\u0173 matomum\u0105.<\/li>\n<li>Tinka vis\u0173 tip\u0173 odai.<\/li>\n<li>Be ftalat\u0173, paraben\u0173, GMO, sintetini\u0173 konservant\u0173, dirbtini\u0173 kvapikli\u0173, talko ir mineralini\u0173 aliej\u0173.<\/li>\n<li>Saugus ir \u0161varus pasirinkimas \u2013 klini\u0161kai patikrintas, dermatologi\u0161kai ir alergi\u0161kai i\u0161testuotas, nekem\u0161a por\u0173.<\/li>\n<\/ul>\n<p><strong>Od\u0105 puosel\u0117jantys ingredientai:<\/strong><\/p>\n<ul>\n<li><strong>Salier\u0173 s\u0117kl\u0173 ir lin\u0173 s\u0117men\u0173 ekstraktas:<\/strong> padeda ma\u017einti por\u0173 matomum\u0105, suteikia lygesn\u0119 odos i\u0161vaizd\u0105 ir reguliuoja blizg\u0117jim\u0105.<\/li>\n<li><strong>Tamarindo ekstraktas:<\/strong> gerina odos elastingum\u0105, glotnum\u0105 ir dr\u0117kina.<\/li>\n<\/ul>","protected":false},"excerpt":{"rendered":"<p>Lengvas, daugiafunkcis 3-in-1 \u201eBeyond Matte\u201c skystas makia\u017eo pagrindas, kuris veikia kaip makia\u017eo baz\u0117, maskuoklis ir pudra viename. Suteikia lengvai sluoksniuojam\u0105, ilgai i\u0161liekant\u012f padengim\u0105 ir nat\u016bral\u0173 pusiau matin\u012f efekt\u0105. Praturtintas od\u0105 puosel\u0117jan\u010diais augaliniais ingredientais. <strong>27 ml\u00a0<\/strong><\/p>","protected":false},"featured_media":81665,"comment_status":"open","ping_status":"closed","template":"","meta":{"_jf_limit_responses":""},"product_brand":[],"product_cat":[1006,1059],"product_tag":[1207,1208],"class_list":{"0":"post-81768","1":"product","2":"type-product","3":"status-publish","4":"has-post-thumbnail","6":"product_cat-face","7":"product_cat-makeup","8":"product_tag-beyond-matte","9":"product_tag-liquid-mineral-foundation","10":"pa_brand-jane-iredale","12":"first","13":"instock","14":"featured","15":"taxable","16":"shipping-taxable","17":"purchasable","18":"product-type-variable"},"_links":{"self":[{"href":"https:\/\/www.dammos.com\/lt\/wp-json\/wp\/v2\/product\/81768","targetHints":{"allow":["GET"]}}],"collection":[{"href":"https:\/\/www.dammos.com\/lt\/wp-json\/wp\/v2\/product"}],"about":[{"href":"https:\/\/www.dammos.com\/lt\/wp-json\/wp\/v2\/types\/product"}],"replies":[{"embeddable":true,"href":"https:\/\/www.dammos.com\/lt\/wp-json\/wp\/v2\/comments?post=81768"}],"version-history":[{"count":0,"href":"https:\/\/www.dammos.com\/lt\/wp-json\/wp\/v2\/product\/81768\/revisions"}],"wp:featuredmedia":[{"embeddable":true,"href":"https:\/\/www.dammos.com\/lt\/wp-json\/wp\/v2\/media\/81665"}],"wp:attachment":[{"href":"https:\/\/www.dammos.com\/lt\/wp-json\/wp\/v2\/media?parent=81768"}],"wp:term":[{"taxonomy":"product_brand","embeddable":true,"href":"https:\/\/www.dammos.com\/lt\/wp-json\/wp\/v2\/product_brand?post=81768"},{"taxonomy":"product_cat","embeddable":true,"href":"https:\/\/www.dammos.com\/lt\/wp-json\/wp\/v2\/product_cat?post=81768"},{"taxonomy":"product_tag","embeddable":true,"href":"https:\/\/www.dammos.com\/lt\/wp-json\/wp\/v2\/product_tag?post=81768"}],"curies":[{"name":"wp","href":"https:\/\/api.w.org\/{rel}","templated":true}]}}