{"id":81956,"date":"2024-11-04T16:48:55","date_gmt":"2024-11-04T14:48:55","guid":{"rendered":"https:\/\/www.dammos.com\/?post_type=product&#038;p=81956"},"modified":"2024-11-06T23:44:37","modified_gmt":"2024-11-06T21:44:37","slug":"glow-time-bronzanto-lazdele","status":"publish","type":"product","link":"https:\/\/www.dammos.com\/lt\/glow-time-bronzer-stick\/","title":{"rendered":"Glow Time pie\u0161tukinis bronzantas"},"content":{"rendered":"<div class=\"accordion\">\n<div class=\"content\">\n<p><strong>Glow Time pie\u0161tukinis bronzantas<\/strong><\/p>\n<ul>\n<li>Daugiafunkcis kreminis bronzantas veidui ir k\u016bnui, be blizgu\u010di\u0173.<\/li>\n<li>Galima naudoti visam veidui, suteikiant nat\u016bral\u0173 \u012fdegio efekt\u0105.<\/li>\n<li>Puikiai tinka kont\u016bravimui, simetrijai i\u0161ry\u0161kinti ir veido bruo\u017eams modeliuoti.<\/li>\n<li>Lengvai sluoksniuojama ir i\u0161sklaidoma spalva.<\/li>\n<li>Idealus greitam makia\u017eui ar pataisymams dienos eigoje.<\/li>\n<li>Kremin\u0117 formul\u0117 u\u017etikrina nat\u016bral\u0173, tolyg\u0173 padengim\u0105 be dry\u017ei\u0173.<\/li>\n<li>Simondsij\u0173 s\u0117kl\u0173 (jojobos) aliejus dr\u0117kina ir \u0161velnina od\u0105.<\/li>\n<\/ul>\n<p><strong>Od\u0105 puosel\u0117jantys ingredientai:<\/strong><\/p>\n<ul>\n<li><strong>Simondsij\u0173 s\u0117kl\u0173 aliejus <\/strong>dr\u0117kina ir lygina od\u0105, kad ji atrodyt\u0173 jaunatvi\u0161ka.<\/li>\n<li><strong>Vegani\u0161kas ceresino va\u0161kas <\/strong>suteikia stabilum\u0105, u\u017etikrindamas lengvesn\u012f sklaidym\u0105 ir ma\u017eesn\u0119 l\u016b\u017eimo tikimyb\u0119.<\/li>\n<li><strong>Kokos\u0173 aliejus <\/strong>u\u017etikrina lengv\u0105 slydim\u0105, paprast\u0105 sklaidym\u0105 ir tolyg\u0173 dengim\u0105.<\/li>\n<\/ul>\n<p>&nbsp;<\/p>\n<\/div>\n<\/div>","protected":false},"excerpt":{"rendered":"<p>Marinis, nat\u016bral\u0173, \u012fdegio efekt\u0105 suteikiantis kreminis bronzantas, kuris lengvai sluoksniuojasi ir modeliuoja veido bruo\u017eus.<\/p>","protected":false},"featured_media":81918,"comment_status":"open","ping_status":"closed","template":"","meta":{"_jf_limit_responses":""},"product_brand":[],"product_cat":[1006,1059],"product_tag":[1210,1209],"class_list":{"0":"post-81956","1":"product","2":"type-product","3":"status-publish","4":"has-post-thumbnail","6":"product_cat-face","7":"product_cat-makeup","8":"product_tag-bronzer","9":"product_tag-glow-time","10":"pa_brand-jane-iredale","12":"first","13":"instock","14":"taxable","15":"shipping-taxable","16":"purchasable","17":"product-type-variable"},"_links":{"self":[{"href":"https:\/\/www.dammos.com\/lt\/wp-json\/wp\/v2\/product\/81956","targetHints":{"allow":["GET"]}}],"collection":[{"href":"https:\/\/www.dammos.com\/lt\/wp-json\/wp\/v2\/product"}],"about":[{"href":"https:\/\/www.dammos.com\/lt\/wp-json\/wp\/v2\/types\/product"}],"replies":[{"embeddable":true,"href":"https:\/\/www.dammos.com\/lt\/wp-json\/wp\/v2\/comments?post=81956"}],"version-history":[{"count":0,"href":"https:\/\/www.dammos.com\/lt\/wp-json\/wp\/v2\/product\/81956\/revisions"}],"wp:featuredmedia":[{"embeddable":true,"href":"https:\/\/www.dammos.com\/lt\/wp-json\/wp\/v2\/media\/81918"}],"wp:attachment":[{"href":"https:\/\/www.dammos.com\/lt\/wp-json\/wp\/v2\/media?parent=81956"}],"wp:term":[{"taxonomy":"product_brand","embeddable":true,"href":"https:\/\/www.dammos.com\/lt\/wp-json\/wp\/v2\/product_brand?post=81956"},{"taxonomy":"product_cat","embeddable":true,"href":"https:\/\/www.dammos.com\/lt\/wp-json\/wp\/v2\/product_cat?post=81956"},{"taxonomy":"product_tag","embeddable":true,"href":"https:\/\/www.dammos.com\/lt\/wp-json\/wp\/v2\/product_tag?post=81956"}],"curies":[{"name":"wp","href":"https:\/\/api.w.org\/{rel}","templated":true}]}}