{"id":81974,"date":"2024-11-04T17:06:37","date_gmt":"2024-11-04T15:06:37","guid":{"rendered":"https:\/\/www.dammos.com\/?post_type=product&#038;p=81974"},"modified":"2025-01-29T18:28:04","modified_gmt":"2025-01-29T16:28:04","slug":"drekinamasis-purskiklis-pommisst","status":"publish","type":"product","link":"https:\/\/www.dammos.com\/lt\/hydration-spray-pommisst\/","title":{"rendered":"Dr\u0117kinamasis pur\u0161kiklis Pommisst"},"content":{"rendered":"<p><strong>Dr\u0117kinamasis pur\u0161kiklis Pommisst<\/strong><\/p>\n<ul>\n<li>Atkuria nat\u016brali\u0105 odos dr\u0117gm\u0119, padeda fiksuoti makia\u017e\u0105 ir suteikia nat\u016bral\u0173 efekt\u0105.<\/li>\n<li>Sulaiko dr\u0117gm\u0119 ir fiksuoja makia\u017e\u0105 ilgam.<\/li>\n<li>Praturtinta stipriais antioksidantais ir od\u0105 puosel\u0117jan\u010diais ekstraktais.<\/li>\n<li>Granat\u0173 ekstraktas apsaugo nuo laisv\u0173j\u0173 radikal\u0173 \u017ealos ir sen\u0117jimo po\u017eymi\u0173.<\/li>\n<li>Baltosios arbatos ekstraktas palaiko odos elastingum\u0105, apsaugodamas strukt\u016brinius odos baltymus.<\/li>\n<li>Rozmarin\u0173 ekstraktas ramina paraudusi\u0105 od\u0105 ir ma\u017eina sudirgim\u0105.<\/li>\n<li>Dr\u0117kina ir puosel\u0117ja vis\u0173 tip\u0173 od\u0105.<\/li>\n<li>Ypa\u010d naudingas brand\u017eiai, saul\u0117s pa\u017eeistai ar hiperpigmentacij\u0105 turin\u010diai odai.<\/li>\n<li>Sertifikuota ECOCERT kaip nat\u016brali ir ekologi\u0161ka kosmetika.<\/li>\n<\/ul>\n<p><strong>Od\u0105 puosel\u0117jantys ingredientai:<\/strong><\/p>\n<div>\n<div class=\"text-center\">\n<ul>\n<li><strong>Granat\u0173 ekstraktas <\/strong>neutralizuoja laisvuosius radikalus.<\/li>\n<li><strong>Baltosios arbatos ekstraktas <\/strong>palaiko odos elastingum\u0105<\/li>\n<li><strong>Rozmarin\u0173 ekstraktas <\/strong>ramina ir apsaugo od\u0105<\/li>\n<\/ul>\n<\/div>\n<\/div>","protected":false},"excerpt":{"rendered":"<p>Antioksidantais praturtinta dr\u0117kinamoji veido dulksna, kuri sulaiko dr\u0117gm\u0119, saugo nuo laisv\u0173j\u0173 radikal\u0173 poveikio ir fiksuoja makia\u017e\u0105, suteikdama ilgai i\u0161liekant\u012f, nat\u016bral\u0173 efekt\u0105.<b> 90 ml<\/b><\/p>","protected":false},"featured_media":81908,"comment_status":"open","ping_status":"closed","template":"","meta":{"_jf_limit_responses":""},"product_brand":[],"product_cat":[1482,1006,1059,1062],"product_tag":[1212],"class_list":{"0":"post-81974","1":"product","2":"type-product","3":"status-publish","4":"has-post-thumbnail","6":"product_cat-cosmetics","7":"product_cat-face","8":"product_cat-makeup","9":"product_cat-skincare","10":"product_tag-hydration-spray","11":"pa_brand-jane-iredale","13":"first","14":"instock","15":"taxable","16":"shipping-taxable","17":"purchasable","18":"product-type-simple"},"_links":{"self":[{"href":"https:\/\/www.dammos.com\/lt\/wp-json\/wp\/v2\/product\/81974","targetHints":{"allow":["GET"]}}],"collection":[{"href":"https:\/\/www.dammos.com\/lt\/wp-json\/wp\/v2\/product"}],"about":[{"href":"https:\/\/www.dammos.com\/lt\/wp-json\/wp\/v2\/types\/product"}],"replies":[{"embeddable":true,"href":"https:\/\/www.dammos.com\/lt\/wp-json\/wp\/v2\/comments?post=81974"}],"version-history":[{"count":0,"href":"https:\/\/www.dammos.com\/lt\/wp-json\/wp\/v2\/product\/81974\/revisions"}],"wp:featuredmedia":[{"embeddable":true,"href":"https:\/\/www.dammos.com\/lt\/wp-json\/wp\/v2\/media\/81908"}],"wp:attachment":[{"href":"https:\/\/www.dammos.com\/lt\/wp-json\/wp\/v2\/media?parent=81974"}],"wp:term":[{"taxonomy":"product_brand","embeddable":true,"href":"https:\/\/www.dammos.com\/lt\/wp-json\/wp\/v2\/product_brand?post=81974"},{"taxonomy":"product_cat","embeddable":true,"href":"https:\/\/www.dammos.com\/lt\/wp-json\/wp\/v2\/product_cat?post=81974"},{"taxonomy":"product_tag","embeddable":true,"href":"https:\/\/www.dammos.com\/lt\/wp-json\/wp\/v2\/product_tag?post=81974"}],"curies":[{"name":"wp","href":"https:\/\/api.w.org\/{rel}","templated":true}]}}