{"id":81980,"date":"2024-11-04T17:21:06","date_gmt":"2024-11-04T15:21:06","guid":{"rendered":"https:\/\/www.dammos.com\/?post_type=product&#038;p=81980"},"modified":"2024-11-04T17:26:19","modified_gmt":"2024-11-04T15:26:19","slug":"drekinamojo-purskalo-balansas","status":"publish","type":"product","link":"https:\/\/www.dammos.com\/lt\/hydration-spray-balance\/","title":{"rendered":"Dr\u0117kinamasis pur\u0161kiklis Balance"},"content":{"rendered":"<p><strong>Dr\u0117kinamasis pur\u0161kiklis Balance<\/strong><\/p>\n<ul>\n<li>Atkuria nat\u016brali\u0105 odos dr\u0117gm\u0119, padeda fiksuoti makia\u017e\u0105 ir suteikia nat\u016bral\u0173 efekt\u0105.<\/li>\n<li>Sulaiko dr\u0117gm\u0119 ir fiksuoja makia\u017e\u0105 ilgam.<\/li>\n<li>Sud\u0117tyje yra nat\u016brali\u0173 sutraukiam\u0173j\u0173 ir odos balans\u0105 atkurian\u010di\u0173 ekstrakt\u0173.<\/li>\n<li>Apelsin\u0173 ekstraktas tonizuoja od\u0105 ir ma\u017eina por\u0173 i\u0161vaizd\u0105.<\/li>\n<li>\u017daliosios arbatos lap\u0173 ekstraktas pasi\u017eymi prie\u0161u\u017edegimin\u0117mis ir antibakterin\u0117mis savyb\u0117mis.<\/li>\n<li>Greipfrut\u0173 ekstraktas padeda reguliuoti riebal\u0173 i\u0161siskyrim\u0105.<\/li>\n<li>Dr\u0117kina ir puosel\u0117ja vis\u0173 tip\u0173 od\u0105.<\/li>\n<li>Ypa\u010d naudingas riebiai ir \u012f akn\u0119 linkusiai odai.<\/li>\n<li>Sertifikuota ECOCERT kaip nat\u016brali ir ekologi\u0161ka kosmetika.<\/li>\n<\/ul>\n<p><strong>Od\u0105 puosel\u0117jantys ingredientai:<\/strong><\/p>\n<div>\n<div class=\"text-center\">\n<div class=\"text-center\">\n<div>\n<div class=\"text-center\">\n<ul>\n<li><strong>Apelsino \u017eievel\u0117s ekstraktas <\/strong>ma\u017eina por\u0173 i\u0161vaizd\u0105<\/li>\n<li><strong>Greipfrut\u0173 ekstraktas <\/strong>subalansuoja riebal\u0173 i\u0161siskyrim\u0105<\/li>\n<li><strong>\u017daliosios arbatos lap\u0173 ekstraktas <\/strong>ramina raudonuojan\u010di\u0105, sudirgusi\u0105 od\u0105<\/li>\n<\/ul>\n<\/div>\n<\/div>\n<p>&nbsp;<\/p>\n<\/div>\n<\/div>\n<\/div>","protected":false},"excerpt":{"rendered":"<div class=\"description content has-padding-top\">Dr\u0117kinamoji ir odos balans\u0105 atkurianti veido dulksna, kuri sulaiko dr\u0117gm\u0119, tonizuoja od\u0105 ir fiksuoja makia\u017e\u0105, suteikdama ilgai i\u0161liekant\u012f, nat\u016bral\u0173 efekt\u0105.<b> 90 ml<\/b><\/div>","protected":false},"featured_media":81907,"comment_status":"open","ping_status":"closed","template":"","meta":{"_jf_limit_responses":""},"product_brand":[],"product_cat":[1482,1006,1059,1062],"product_tag":[1212],"class_list":{"0":"post-81980","1":"product","2":"type-product","3":"status-publish","4":"has-post-thumbnail","6":"product_cat-cosmetics","7":"product_cat-face","8":"product_cat-makeup","9":"product_cat-skincare","10":"product_tag-hydration-spray","11":"pa_brand-jane-iredale","13":"first","14":"instock","15":"taxable","16":"shipping-taxable","17":"purchasable","18":"product-type-simple"},"_links":{"self":[{"href":"https:\/\/www.dammos.com\/lt\/wp-json\/wp\/v2\/product\/81980","targetHints":{"allow":["GET"]}}],"collection":[{"href":"https:\/\/www.dammos.com\/lt\/wp-json\/wp\/v2\/product"}],"about":[{"href":"https:\/\/www.dammos.com\/lt\/wp-json\/wp\/v2\/types\/product"}],"replies":[{"embeddable":true,"href":"https:\/\/www.dammos.com\/lt\/wp-json\/wp\/v2\/comments?post=81980"}],"version-history":[{"count":0,"href":"https:\/\/www.dammos.com\/lt\/wp-json\/wp\/v2\/product\/81980\/revisions"}],"wp:featuredmedia":[{"embeddable":true,"href":"https:\/\/www.dammos.com\/lt\/wp-json\/wp\/v2\/media\/81907"}],"wp:attachment":[{"href":"https:\/\/www.dammos.com\/lt\/wp-json\/wp\/v2\/media?parent=81980"}],"wp:term":[{"taxonomy":"product_brand","embeddable":true,"href":"https:\/\/www.dammos.com\/lt\/wp-json\/wp\/v2\/product_brand?post=81980"},{"taxonomy":"product_cat","embeddable":true,"href":"https:\/\/www.dammos.com\/lt\/wp-json\/wp\/v2\/product_cat?post=81980"},{"taxonomy":"product_tag","embeddable":true,"href":"https:\/\/www.dammos.com\/lt\/wp-json\/wp\/v2\/product_tag?post=81980"}],"curies":[{"name":"wp","href":"https:\/\/api.w.org\/{rel}","templated":true}]}}