{"id":81982,"date":"2024-11-04T17:26:45","date_gmt":"2024-11-04T15:26:45","guid":{"rendered":"https:\/\/www.dammos.com\/?post_type=product&#038;p=81982"},"modified":"2024-11-04T17:31:31","modified_gmt":"2024-11-04T15:31:31","slug":"drekinamasis-purskalas-d2o","status":"publish","type":"product","link":"https:\/\/www.dammos.com\/lt\/hydration-spray-d2o\/","title":{"rendered":"Dr\u0117kinamasis pur\u0161kiklis D2O"},"content":{"rendered":"<p><strong>Dr\u0117kinamasis pur\u0161kiklis D2O<\/strong><\/p>\n<ul>\n<li>Atkuria nat\u016brali\u0105 odos dr\u0117gm\u0119, padeda fiksuoti makia\u017e\u0105 ir suteikia nat\u016bral\u0173 efekt\u0105.<\/li>\n<li>Sulaiko dr\u0117gm\u0119 ir fiksuoja makia\u017e\u0105 ilgam.<\/li>\n<li>Sud\u0117tyje yra stipriai dr\u0117kinan\u010di\u0173 ir nat\u016brali\u0173 dr\u0117gm\u0119 sulaikan\u010di\u0173 ingredient\u0173.<\/li>\n<li>\u012erodyta, kad ramun\u0117l\u0117s dr\u0117kina ir ma\u017eina sausum\u0105.<\/li>\n<li>Ylang Ylang padeda palaikyti nat\u016brali\u0105 odos dr\u0117gm\u0119.<\/li>\n<li>Dumbli\u0173 ekstraktas padeda apsaugoti od\u0105 nuo dr\u0117gm\u0117s praradimo.<\/li>\n<li>Dr\u0117kina ir puosel\u0117ja vis\u0173 tip\u0173 od\u0105.<\/li>\n<li>Ypa\u010d naudingas sausai ir dehidratuotai odai.<\/li>\n<li>Sertifikuota ECOCERT kaip nat\u016brali ir ekologi\u0161ka kosmetika.<\/li>\n<\/ul>\n<p><strong>Od\u0105 puosel\u0117jantys ingredientai:<\/strong><\/p>\n<div>\n<div class=\"text-center\">\n<div class=\"text-center\">\n<div class=\"text-center\">\n<div>\n<div class=\"text-center\">\n<ul>\n<li><strong>Ylang Ylang <\/strong>palaiko nat\u016brali\u0105 odos dr\u0117gm\u0119<\/li>\n<li><strong>Ramun\u0117li\u0173 ekstraktas <\/strong>ramina saus\u0105 od\u0105<\/li>\n<li><strong>Dumbli\u0173 ekstraktas <\/strong>apsaugo nuo dr\u0117gm\u0117s praradimo<\/li>\n<\/ul>\n<\/div>\n<\/div>\n<\/div>\n<\/div>\n<\/div>\n<\/div>","protected":false},"excerpt":{"rendered":"<div class=\"description content has-padding-top\">Dr\u0117kinamoji veido dulksna, kuri sulaiko dr\u0117gm\u0119, atgaivina saus\u0105 od\u0105 ir fiksuoja makia\u017e\u0105, suteikdama ilgai i\u0161liekant\u012f, nat\u016bral\u0173 efekt\u0105.<b> 90 ml<\/b><\/div>","protected":false},"featured_media":81906,"comment_status":"open","ping_status":"closed","template":"","meta":{"_jf_limit_responses":""},"product_brand":[],"product_cat":[1482,1006,1059,1062],"product_tag":[1212],"class_list":{"0":"post-81982","1":"product","2":"type-product","3":"status-publish","4":"has-post-thumbnail","6":"product_cat-cosmetics","7":"product_cat-face","8":"product_cat-makeup","9":"product_cat-skincare","10":"product_tag-hydration-spray","11":"pa_brand-jane-iredale","13":"first","14":"instock","15":"taxable","16":"shipping-taxable","17":"purchasable","18":"product-type-simple"},"_links":{"self":[{"href":"https:\/\/www.dammos.com\/lt\/wp-json\/wp\/v2\/product\/81982","targetHints":{"allow":["GET"]}}],"collection":[{"href":"https:\/\/www.dammos.com\/lt\/wp-json\/wp\/v2\/product"}],"about":[{"href":"https:\/\/www.dammos.com\/lt\/wp-json\/wp\/v2\/types\/product"}],"replies":[{"embeddable":true,"href":"https:\/\/www.dammos.com\/lt\/wp-json\/wp\/v2\/comments?post=81982"}],"version-history":[{"count":0,"href":"https:\/\/www.dammos.com\/lt\/wp-json\/wp\/v2\/product\/81982\/revisions"}],"wp:featuredmedia":[{"embeddable":true,"href":"https:\/\/www.dammos.com\/lt\/wp-json\/wp\/v2\/media\/81906"}],"wp:attachment":[{"href":"https:\/\/www.dammos.com\/lt\/wp-json\/wp\/v2\/media?parent=81982"}],"wp:term":[{"taxonomy":"product_brand","embeddable":true,"href":"https:\/\/www.dammos.com\/lt\/wp-json\/wp\/v2\/product_brand?post=81982"},{"taxonomy":"product_cat","embeddable":true,"href":"https:\/\/www.dammos.com\/lt\/wp-json\/wp\/v2\/product_cat?post=81982"},{"taxonomy":"product_tag","embeddable":true,"href":"https:\/\/www.dammos.com\/lt\/wp-json\/wp\/v2\/product_tag?post=81982"}],"curies":[{"name":"wp","href":"https:\/\/api.w.org\/{rel}","templated":true}]}}