{"id":81986,"date":"2024-11-05T13:52:14","date_gmt":"2024-11-05T11:52:14","guid":{"rendered":"https:\/\/www.dammos.com\/?post_type=product&#038;p=81986"},"modified":"2025-04-14T15:46:02","modified_gmt":"2025-04-14T12:46:02","slug":"purematch-skystas-korektorius","status":"publish","type":"product","link":"https:\/\/www.dammos.com\/lt\/purematch-liquid-concealer\/","title":{"rendered":"PureMatch skystas maskuoklis"},"content":{"rendered":"<p><strong>PureMatch skystas maskuoklis<\/strong><\/p>\n<p>&nbsp;<\/p>\n<ul>\n<li>Skysta maskuojamoji priemon\u0117, pritaikyta 16 odos atspalvi\u0173.<\/li>\n<li>Lygina odos atspalv\u012f, maskuoja netobulumus ir spalvos poky\u010dius.<\/li>\n<li>Lengvai slystanti kremin\u0117 tekst\u016bra, suteikianti nepastebim\u0105, \u0161velniai matin\u012f efekt\u0105.<\/li>\n<li>Vidutinis, lengvai sluoksniuojamas padengimas ir lengvas, odai kv\u0117puoti leid\u017eiantis poj\u016btis.<\/li>\n<li>Ilgalaikis, nepriekai\u0161tingai i\u0161liekantis efektas.<\/li>\n<li>Tikslus, mink\u0161tas aplikatorius precizi\u0161kam padengimui.<\/li>\n<li>Universalus maskuojamasis, \u0161viesinantis ir kont\u016bruojantis efektas.<\/li>\n<li>Rinkit\u0117s atspalv\u012f, kuris geriausiai dera su j\u016bs\u0173 oda, kad u\u017emaskuotum\u0117te netobulumus.<\/li>\n<li>Rinkit\u0117s atspalv\u012f vienu tonu \u0161viesesn\u012f u\u017e j\u016bs\u0173 odos spalv\u0105, kad suteiktum\u0117te \u0161vyt\u0117jimo ir pak\u0117limo efekt\u0105.<\/li>\n<li>Rinkit\u0117s atspalv\u012f vienu tonu tamsesn\u012f u\u017e j\u016bs\u0173 odos spalv\u0105, kad sukurtum\u0117te kont\u016brus ir i\u0161ry\u0161kintum\u0117te veido bruo\u017eus.<\/li>\n<\/ul>\n<p><strong>Od\u0105 puosel\u0117jantys ingredientai:<\/strong><\/p>\n<ul>\n<li><strong>Indijos dammar: <\/strong>puosel\u0117ja od\u0105 ir palaiko jos elastingum\u0105.<\/li>\n<li><strong>Dygliuotoji kriau\u0161\u0117: <\/strong>ramina, mink\u0161tina, apsaugo ir dr\u0117kina.<\/li>\n<li><strong>Patentuotas aliej\u0173 ir va\u0161k\u0173 mi\u0161inys:<\/strong> apsaugo od\u0105 ir neleid\u017eia jai prarasti transepiderminio vandens.<\/li>\n<\/ul>","protected":false},"excerpt":{"rendered":"<p>Universalus skystas maskuoklis, kuris paslepia netobulumus, suvienodina odos atspalv\u012f ir suteikia lengvai sluoksniuojam\u0105 padengim\u0105 bei nepastebim\u0105, \u0161velniai matin\u012f efekt\u0105.<strong> 5 ml\u00a0<\/strong><\/p>","protected":false},"featured_media":81993,"comment_status":"open","ping_status":"closed","template":"","meta":{"_jf_limit_responses":""},"product_brand":[],"product_cat":[1006,1059],"product_tag":[1214,1213],"class_list":{"0":"post-81986","1":"product","2":"type-product","3":"status-publish","4":"has-post-thumbnail","6":"product_cat-face","7":"product_cat-makeup","8":"product_tag-liquid-concealer","9":"product_tag-purematch","10":"pa_brand-jane-iredale","12":"first","13":"onbackorder","14":"featured","15":"taxable","16":"shipping-taxable","17":"purchasable","18":"product-type-variable"},"_links":{"self":[{"href":"https:\/\/www.dammos.com\/lt\/wp-json\/wp\/v2\/product\/81986","targetHints":{"allow":["GET"]}}],"collection":[{"href":"https:\/\/www.dammos.com\/lt\/wp-json\/wp\/v2\/product"}],"about":[{"href":"https:\/\/www.dammos.com\/lt\/wp-json\/wp\/v2\/types\/product"}],"replies":[{"embeddable":true,"href":"https:\/\/www.dammos.com\/lt\/wp-json\/wp\/v2\/comments?post=81986"}],"version-history":[{"count":0,"href":"https:\/\/www.dammos.com\/lt\/wp-json\/wp\/v2\/product\/81986\/revisions"}],"wp:featuredmedia":[{"embeddable":true,"href":"https:\/\/www.dammos.com\/lt\/wp-json\/wp\/v2\/media\/81993"}],"wp:attachment":[{"href":"https:\/\/www.dammos.com\/lt\/wp-json\/wp\/v2\/media?parent=81986"}],"wp:term":[{"taxonomy":"product_brand","embeddable":true,"href":"https:\/\/www.dammos.com\/lt\/wp-json\/wp\/v2\/product_brand?post=81986"},{"taxonomy":"product_cat","embeddable":true,"href":"https:\/\/www.dammos.com\/lt\/wp-json\/wp\/v2\/product_cat?post=81986"},{"taxonomy":"product_tag","embeddable":true,"href":"https:\/\/www.dammos.com\/lt\/wp-json\/wp\/v2\/product_tag?post=81986"}],"curies":[{"name":"wp","href":"https:\/\/api.w.org\/{rel}","templated":true}]}}