{"id":82026,"date":"2024-11-05T14:41:13","date_gmt":"2024-11-05T12:41:13","guid":{"rendered":"https:\/\/www.dammos.com\/?post_type=product&#038;p=82026"},"modified":"2026-05-15T01:46:55","modified_gmt":"2026-05-14T22:46:55","slug":"colorluxe-didelio-poveikio-lupu-glazura","status":"publish","type":"product","link":"https:\/\/www.dammos.com\/lt\/colorluxe-high-impact-lip-glaze\/","title":{"rendered":"ColorLuxe High Impact l\u016bp\u0173 glaz\u016bra"},"content":{"rendered":"<p><strong>ColorLuxe High Impact l\u016bp\u0173 glaz\u016bra<\/strong><\/p>\n<p><strong>Kaip tai atrodo<\/strong><\/p>\n<ul>\n<li>Sodrios spalvos - 7 spindintys atspalviai.<\/li>\n<li>Dinami\u0161kas 3D blizgesys su veidrodiniu efektu.<\/li>\n<li>Opti\u0161kai suteikia daugiau apimties, kad l\u016bpos atrodyt\u0173 putlesn\u0117s.<\/li>\n<li>Vizualiai i\u0161lygina smulkias linijas.<\/li>\n<\/ul>\n<p><strong>Kok\u012f jausm\u0105 suteikia<\/strong><\/p>\n<ul>\n<li>Lengva, nelipni formul\u0117.<\/li>\n<li>Suteikia mink\u0161t\u0105, komforti\u0161k\u0105 poj\u016bt\u012f ant l\u016bp\u0173.<\/li>\n<li>Ramina, dr\u0117kina ir intensyviai maitina.<\/li>\n<\/ul>\n<p><strong>Kaip tai veikia<\/strong><\/p>\n<ul>\n<li>Tvirtas, bet lankstus aplikatorius<\/li>\n<li>Smail\u0117jantis galiukas leid\u017eia precizi\u0161kai padengti l\u016bp\u0173 kont\u016br\u0105 ir kampu\u010dius.<\/li>\n<li>Platesn\u0117 baz\u0117 u\u017etikrina skland\u0173 ir greit\u0105 padengim\u0105.<\/li>\n<li>Tinka naudoti vien\u0105 arba derinti su m\u0117gstamais jane iredale l\u016bp\u0173 da\u017eais.<\/li>\n<\/ul>\n<p><strong>Od\u0105 puosel\u0117jantys ingredientai<\/strong><\/p>\n<ul>\n<li><strong>Nakvi\u0161\u0173 aliejus:<\/strong> pasi\u017eymi antiiritacin\u0117mis savyb\u0117mis, kurios ramina l\u016bpas.<\/li>\n<li><strong>Natrio hialuronatas:<\/strong> dr\u0117kina l\u016bpas, kad jos atrodyt\u0173 putlesn\u0117s<\/li>\n<li><strong>Simondsij\u0173 s\u0117kl\u0173 aliejus:<\/strong> padeda sulaikyti dr\u0117gm\u0119, kad l\u016bpos b\u016bt\u0173 mink\u0161tesn\u0117s ir lygesn\u0117s.<\/li>\n<\/ul>\n<p>&nbsp;<\/p>","protected":false},"excerpt":{"rendered":"<p>Sodrus, nelipnus l\u016bp\u0173 blizgis, suteikiantis spindin\u010di\u0105 spalv\u0105, intensyv\u0173 blizges\u012f ir itin komforti\u0161k\u0105 poj\u016bt\u012f. Vizualiai suteikia apimties ir glotnina l\u016bpas.<\/p>","protected":false},"featured_media":82034,"comment_status":"open","ping_status":"closed","template":"","meta":{"_jf_limit_responses":""},"product_brand":[],"product_cat":[1060,1059],"product_tag":[1215,1216,1217],"class_list":{"0":"post-82026","1":"product","2":"type-product","3":"status-publish","4":"has-post-thumbnail","6":"product_cat-lips","7":"product_cat-makeup","8":"product_tag-colorluxe","9":"product_tag-lip-glaze","10":"product_tag-lip-gloss","11":"pa_brand-jane-iredale","13":"first","14":"instock","15":"taxable","16":"shipping-taxable","17":"purchasable","18":"product-type-variable"},"_links":{"self":[{"href":"https:\/\/www.dammos.com\/lt\/wp-json\/wp\/v2\/product\/82026","targetHints":{"allow":["GET"]}}],"collection":[{"href":"https:\/\/www.dammos.com\/lt\/wp-json\/wp\/v2\/product"}],"about":[{"href":"https:\/\/www.dammos.com\/lt\/wp-json\/wp\/v2\/types\/product"}],"replies":[{"embeddable":true,"href":"https:\/\/www.dammos.com\/lt\/wp-json\/wp\/v2\/comments?post=82026"}],"version-history":[{"count":0,"href":"https:\/\/www.dammos.com\/lt\/wp-json\/wp\/v2\/product\/82026\/revisions"}],"wp:featuredmedia":[{"embeddable":true,"href":"https:\/\/www.dammos.com\/lt\/wp-json\/wp\/v2\/media\/82034"}],"wp:attachment":[{"href":"https:\/\/www.dammos.com\/lt\/wp-json\/wp\/v2\/media?parent=82026"}],"wp:term":[{"taxonomy":"product_brand","embeddable":true,"href":"https:\/\/www.dammos.com\/lt\/wp-json\/wp\/v2\/product_brand?post=82026"},{"taxonomy":"product_cat","embeddable":true,"href":"https:\/\/www.dammos.com\/lt\/wp-json\/wp\/v2\/product_cat?post=82026"},{"taxonomy":"product_tag","embeddable":true,"href":"https:\/\/www.dammos.com\/lt\/wp-json\/wp\/v2\/product_tag?post=82026"}],"curies":[{"name":"wp","href":"https:\/\/api.w.org\/{rel}","templated":true}]}}