{"id":82071,"date":"2024-11-05T17:13:40","date_gmt":"2024-11-05T15:13:40","guid":{"rendered":"https:\/\/www.dammos.com\/?post_type=product&#038;p=82071"},"modified":"2026-05-16T01:48:10","modified_gmt":"2026-05-15T22:48:10","slug":"colorluxe-drekinamieji-kreminiai-lupu-dazai","status":"publish","type":"product","link":"https:\/\/www.dammos.com\/lt\/colorluxe-hydrating-cream-lipstick\/","title":{"rendered":"ColorLuxe dr\u0117kinamieji kreminiai l\u016bp\u0173 da\u017eai"},"content":{"rendered":"<p><strong>ColorLuxe dr\u0117kinamieji kreminiai l\u016bp\u0173 da\u017eai<\/strong><\/p>\n<ul>\n<li>Stipriai pigmentuoti l\u016bp\u0173 da\u017eai, suteikiantys ry\u0161kumo.<\/li>\n<li>Glotni, satinin\u0117 tekst\u016bra.<\/li>\n<li>Kremin\u0117 tekst\u016bra,kuri lengvai slysta netempiant l\u016bp\u0173.<\/li>\n<li>Sodri, ta\u010diau lengva formul\u0117.<\/li>\n<li>Atkuriamieji sviestai padeda i\u0161laikyti l\u016bp\u0173 dr\u0117gm\u0119, suteikdami joms \u0161velnumo.<\/li>\n<li>Augaliniai ekstraktai palaiko elasting\u0105 ir putlesn\u0119 l\u016bp\u0173 i\u0161vaizd\u0105.<\/li>\n<li>Maitinamieji nat\u016bral\u016bs aliejai padeda i\u0161laikyti dr\u0117gm\u0119.<\/li>\n<li>Vegani\u0161ka formul\u0117, visada cruelty-free.<\/li>\n<\/ul>\n<p><strong>Od\u0105 puosel\u0117jantys ingredientai<\/strong><\/p>\n<ul>\n<li><strong>Kakavos sviestas:<\/strong> padeda apsaugoti l\u016bpas ir i\u0161laikyti j\u0173 dr\u0117gm\u0119.<\/li>\n<li><strong>Portulaca pilosa ekstraktas:<\/strong> ramina od\u0105 ir palaiko kolageno gamyb\u0105.<\/li>\n<li><strong>Saul\u0117gr\u0105\u017e\u0173 s\u0117kl\u0173 aliejus:<\/strong> maitina l\u016bpas ir padeda joms i\u0161laikyti dr\u0117gm\u0119.<\/li>\n<\/ul>\n<p>&nbsp;<\/p>","protected":false},"excerpt":{"rendered":"<p>Sodr\u016bs, ta\u010diau lengvi l\u016bp\u0173 da\u017eai, kurie slysta \u0161velniai, suteikia intensyvi\u0105 spalv\u0105 ir apgaubia l\u016bpas dr\u0117kinimu, u\u017etikrindami ilgalaik\u012f komfort\u0105.<\/p>","protected":false},"featured_media":82116,"comment_status":"open","ping_status":"closed","template":"","meta":{"_jf_limit_responses":""},"product_brand":[],"product_cat":[1060,1059],"product_tag":[1215,1218],"class_list":{"0":"post-82071","1":"product","2":"type-product","3":"status-publish","4":"has-post-thumbnail","6":"product_cat-lips","7":"product_cat-makeup","8":"product_tag-colorluxe","9":"product_tag-lipstick","10":"pa_brand-jane-iredale","12":"first","13":"instock","14":"taxable","15":"shipping-taxable","16":"purchasable","17":"product-type-variable"},"_links":{"self":[{"href":"https:\/\/www.dammos.com\/lt\/wp-json\/wp\/v2\/product\/82071","targetHints":{"allow":["GET"]}}],"collection":[{"href":"https:\/\/www.dammos.com\/lt\/wp-json\/wp\/v2\/product"}],"about":[{"href":"https:\/\/www.dammos.com\/lt\/wp-json\/wp\/v2\/types\/product"}],"replies":[{"embeddable":true,"href":"https:\/\/www.dammos.com\/lt\/wp-json\/wp\/v2\/comments?post=82071"}],"version-history":[{"count":1,"href":"https:\/\/www.dammos.com\/lt\/wp-json\/wp\/v2\/product\/82071\/revisions"}],"predecessor-version":[{"id":93159,"href":"https:\/\/www.dammos.com\/lt\/wp-json\/wp\/v2\/product\/82071\/revisions\/93159"}],"wp:featuredmedia":[{"embeddable":true,"href":"https:\/\/www.dammos.com\/lt\/wp-json\/wp\/v2\/media\/82116"}],"wp:attachment":[{"href":"https:\/\/www.dammos.com\/lt\/wp-json\/wp\/v2\/media?parent=82071"}],"wp:term":[{"taxonomy":"product_brand","embeddable":true,"href":"https:\/\/www.dammos.com\/lt\/wp-json\/wp\/v2\/product_brand?post=82071"},{"taxonomy":"product_cat","embeddable":true,"href":"https:\/\/www.dammos.com\/lt\/wp-json\/wp\/v2\/product_cat?post=82071"},{"taxonomy":"product_tag","embeddable":true,"href":"https:\/\/www.dammos.com\/lt\/wp-json\/wp\/v2\/product_tag?post=82071"}],"curies":[{"name":"wp","href":"https:\/\/api.w.org\/{rel}","templated":true}]}}