{"id":82323,"date":"2024-11-06T23:46:40","date_gmt":"2024-11-06T21:46:40","guid":{"rendered":"https:\/\/www.dammos.com\/?post_type=product&#038;p=82323"},"modified":"2026-05-08T01:44:13","modified_gmt":"2026-05-07T22:44:13","slug":"lipdrink-lupu-balzamas-spf-15","status":"publish","type":"product","link":"https:\/\/www.dammos.com\/lt\/lipdrink-lip-balm-spf-15\/","title":{"rendered":"LipDrink l\u016bp\u0173 balzamas SPF 15"},"content":{"rendered":"<p><strong>LipDrink l\u016bp\u0173 balzamas SPF 15<\/strong><\/p>\n<ul>\n<li>Nepaprastai dr\u0117kinantis, l\u016bpas puosel\u0117jantis balzamas.<\/li>\n<li>Plataus spektro SPF 15 apsauga nuo saul\u0117s.<\/li>\n<li>\u012evair\u016bs va\u0161kai ir aliejai sukuria antioksidantais praturtint\u0105 apsaugin\u012f barjer\u0105.<\/li>\n<li>Gaivus citrin\u0173 aromatas.<\/li>\n<li>Saugi koraliniams rifams.<\/li>\n<li>Rekomenduojama \u201eThe Skin Cancer Foundation\u201c kaip veiksminga apsauga nuo saul\u0117s.<\/li>\n<\/ul>\n<p><strong>Od\u0105 puosel\u0117jantys ingredientai<\/strong><\/p>\n<ul>\n<li><strong>Mork\u0173 s\u0117kl\u0173 aliejus:<\/strong>\u0161velnina ir mink\u0161tina.<\/li>\n<li><strong>Avokad\u0173 aliejus:<\/strong> apsaugo ir dr\u0117kina.<\/li>\n<li><strong>Gervuogi\u0173 ekstraktas:<\/strong> pasi\u017eymi antioksidacin\u0117mis savyb\u0117mis.<\/li>\n<\/ul>\n<p>&nbsp;<\/p>","protected":false},"excerpt":{"rendered":"<p>Suteikite l\u016bpoms dr\u0117kinan\u010di\u0105 apsaug\u0105, kuri paliks jas sudr\u0117kintas, apsaugotas ir gaiviai kvepian\u010dias.<\/p>","protected":false},"featured_media":82247,"comment_status":"open","ping_status":"closed","template":"","meta":{"_jf_limit_responses":""},"product_brand":[1555],"product_cat":[1060,1059],"product_tag":[1383,1381,1385],"class_list":{"0":"post-82323","1":"product","2":"type-product","3":"status-publish","4":"has-post-thumbnail","6":"product_brand-janeiredale","7":"product_cat-lips","8":"product_cat-makeup","9":"product_tag-lip-balm","10":"product_tag-lipdrink","11":"product_tag-spf-15","12":"pa_brand-jane-iredale","14":"first","15":"instock","16":"taxable","17":"shipping-taxable","18":"purchasable","19":"product-type-variable"},"_links":{"self":[{"href":"https:\/\/www.dammos.com\/lt\/wp-json\/wp\/v2\/product\/82323","targetHints":{"allow":["GET"]}}],"collection":[{"href":"https:\/\/www.dammos.com\/lt\/wp-json\/wp\/v2\/product"}],"about":[{"href":"https:\/\/www.dammos.com\/lt\/wp-json\/wp\/v2\/types\/product"}],"replies":[{"embeddable":true,"href":"https:\/\/www.dammos.com\/lt\/wp-json\/wp\/v2\/comments?post=82323"}],"version-history":[{"count":1,"href":"https:\/\/www.dammos.com\/lt\/wp-json\/wp\/v2\/product\/82323\/revisions"}],"predecessor-version":[{"id":90743,"href":"https:\/\/www.dammos.com\/lt\/wp-json\/wp\/v2\/product\/82323\/revisions\/90743"}],"wp:featuredmedia":[{"embeddable":true,"href":"https:\/\/www.dammos.com\/lt\/wp-json\/wp\/v2\/media\/82247"}],"wp:attachment":[{"href":"https:\/\/www.dammos.com\/lt\/wp-json\/wp\/v2\/media?parent=82323"}],"wp:term":[{"taxonomy":"product_brand","embeddable":true,"href":"https:\/\/www.dammos.com\/lt\/wp-json\/wp\/v2\/product_brand?post=82323"},{"taxonomy":"product_cat","embeddable":true,"href":"https:\/\/www.dammos.com\/lt\/wp-json\/wp\/v2\/product_cat?post=82323"},{"taxonomy":"product_tag","embeddable":true,"href":"https:\/\/www.dammos.com\/lt\/wp-json\/wp\/v2\/product_tag?post=82323"}],"curies":[{"name":"wp","href":"https:\/\/api.w.org\/{rel}","templated":true}]}}