{"id":82404,"date":"2024-11-07T17:13:06","date_gmt":"2024-11-07T15:13:06","guid":{"rendered":"https:\/\/www.dammos.com\/?post_type=product&#038;p=82404"},"modified":"2024-11-07T17:34:57","modified_gmt":"2024-11-07T15:34:57","slug":"colorluxe-akiu-seseliu-lazdele-2","status":"publish","type":"product","link":"https:\/\/www.dammos.com\/lt\/colorluxe-eye-shadow-stick-2\/","title":{"rendered":"ColorLuxe pie\u0161tukiniai aki\u0173 \u0161e\u0161\u0117liai"},"content":{"rendered":"<p><strong>ColorLuxe pie\u0161tukiniai aki\u0173 \u0161e\u0161\u0117liai<\/strong><\/p>\n<ul>\n<li>Praturtintas, daugiafunkcis kremin\u0117s tekst\u016bros aki\u0173 \u0161e\u0161\u0117li\u0173 pie\u0161tukas, kuris \u012fgauna pudrin\u0119 konsistencij\u0105 \u2013 puikiai tinka \u0161e\u0161\u0117liavimui, aki\u0173 pravedimui ar pary\u0161kinimui.<\/li>\n<li>Sodrios, lengvai sluoksniuojamos spalvos \u2013 10 nesenstan\u010di\u0173 matini\u0173 ir perlamutrini\u0173 atspalvi\u0173.<\/li>\n<li>Lengvai slysta oda, ilgai i\u0161lieka - tolygiai i\u0161sisklaido netempdamas odos.<\/li>\n<li>Suteikia \u0161veln\u0173, aksomin\u012f u\u017ebaigim\u0105, lengvai i\u0161sklaidomas pir\u0161tais.<\/li>\n<li>Naudodami \u012fmontuot\u0105 dro\u017etuk\u0105 \u0161velniai nusmailinkite galiuk\u0105 tikslesniam produkto aplikavimui ir universalumui.<\/li>\n<li>Odos dr\u0117kinim\u0105 palaikantys ingredientai u\u017etikrina dar \u0161velnesn\u012f padengim\u0105.<\/li>\n<\/ul>\n<p><strong>Od\u0105 puosel\u0117jantys ingredientai:<\/strong><\/p>\n<ul>\n<li><strong>Keramidai:<\/strong> skatina odos atsinaujinim\u0105 ir padeda i\u0161laikyti dr\u0117gm\u0119.<\/li>\n<li><strong>Vitaminas C:<\/strong> padeda vizualiai i\u0161lyginti smulkias rauk\u0161les.<\/li>\n<li><strong>Simondsij\u0173 s\u0117kl\u0173 aliejus:<\/strong> padeda i\u0161lyginti smulkias rauk\u0161leles.<\/li>\n<\/ul>","protected":false},"excerpt":{"rendered":"<p>Daugiafunkcinis kremin\u0117s tekst\u016bros aki\u0173 \u0161e\u0161\u0117li\u0173 pie\u0161tukas, kuris \u012fgauna pudrin\u0119 konsistencij\u0105. Lengvai dengia, pary\u0161kina ir suteikia akims i\u0161rai\u0161kingumo, leid\u017eia sukurti begal\u0119 \u012fvaizd\u017ei\u0173.<\/p>","protected":false},"featured_media":82255,"comment_status":"open","ping_status":"closed","template":"","meta":{"_jf_limit_responses":""},"product_brand":[],"product_cat":[1058,1059],"product_tag":[1215,1409],"class_list":{"0":"post-82404","1":"product","2":"type-product","3":"status-publish","4":"has-post-thumbnail","6":"product_cat-eyes","7":"product_cat-makeup","8":"product_tag-colorluxe","9":"product_tag-eye-shadow-stick","10":"pa_brand-jane-iredale","12":"first","13":"instock","14":"taxable","15":"shipping-taxable","16":"purchasable","17":"product-type-variable"},"_links":{"self":[{"href":"https:\/\/www.dammos.com\/lt\/wp-json\/wp\/v2\/product\/82404","targetHints":{"allow":["GET"]}}],"collection":[{"href":"https:\/\/www.dammos.com\/lt\/wp-json\/wp\/v2\/product"}],"about":[{"href":"https:\/\/www.dammos.com\/lt\/wp-json\/wp\/v2\/types\/product"}],"replies":[{"embeddable":true,"href":"https:\/\/www.dammos.com\/lt\/wp-json\/wp\/v2\/comments?post=82404"}],"version-history":[{"count":0,"href":"https:\/\/www.dammos.com\/lt\/wp-json\/wp\/v2\/product\/82404\/revisions"}],"wp:featuredmedia":[{"embeddable":true,"href":"https:\/\/www.dammos.com\/lt\/wp-json\/wp\/v2\/media\/82255"}],"wp:attachment":[{"href":"https:\/\/www.dammos.com\/lt\/wp-json\/wp\/v2\/media?parent=82404"}],"wp:term":[{"taxonomy":"product_brand","embeddable":true,"href":"https:\/\/www.dammos.com\/lt\/wp-json\/wp\/v2\/product_brand?post=82404"},{"taxonomy":"product_cat","embeddable":true,"href":"https:\/\/www.dammos.com\/lt\/wp-json\/wp\/v2\/product_cat?post=82404"},{"taxonomy":"product_tag","embeddable":true,"href":"https:\/\/www.dammos.com\/lt\/wp-json\/wp\/v2\/product_tag?post=82404"}],"curies":[{"name":"wp","href":"https:\/\/api.w.org\/{rel}","templated":true}]}}