{"id":82438,"date":"2024-11-07T17:33:28","date_gmt":"2024-11-07T15:33:28","guid":{"rendered":"https:\/\/www.dammos.com\/?post_type=product&#038;p=82438"},"modified":"2024-11-07T19:02:07","modified_gmt":"2024-11-07T17:02:07","slug":"purepressed-akiu-seseliu-trio","status":"publish","type":"product","link":"https:\/\/www.dammos.com\/lt\/purepressed-eye-shadow-trio\/","title":{"rendered":"PurePressed aki\u0173 \u0161e\u0161\u0117li\u0173 trio"},"content":{"rendered":"<p><strong>PurePressed aki\u0173 \u0161e\u0161\u0117li\u0173 trio<\/strong><\/p>\n<ul>\n<li>Trys tarpusavyje derantys atspalviai subtiliems \u012fvaizd\u017eiams kurti.<\/li>\n<li>Smulkiai malti mineraliniai pigmentai u\u017etikrina sodresn\u0119 ir tikresn\u0119 spalv\u0105.<\/li>\n<li>\u0160velni, kremin\u0117 tekt\u016bra lengvam padengimui ir skland\u017eiam sklaidymui.<\/li>\n<li>Ilgai i\u0161liekanti kremin\u0117 formul\u0117, nesub\u0117ga \u012f rauk\u0161les ir nenublunka.<\/li>\n<li>Praturtinta maitinan\u010diais nat\u016braliais ingredientais, kurie dr\u0117kina ir \u0161velnina od\u0105 suteikdami glotnumo \u012fsp\u016bd\u012f.<\/li>\n<li>\u0160velni formul\u0117, tinkama net jautrioms akims.<\/li>\n<li>Be talko.<\/li>\n<li>Cruelty-free.<\/li>\n<\/ul>\n<p><strong>Od\u0105 puosel\u0117jantys ingredientai:<\/strong><\/p>\n<ul>\n<li><strong>Taukmed\u017eio sviestas:<\/strong> dr\u0117kina ir ramina.<\/li>\n<li><strong>Simondsij\u0173 s\u0117kl\u0173 aliejus:<\/strong> mink\u0161tina od\u0105 ir suteikia kremin\u0119 tekst\u016br\u0105, palengvinan\u010di\u0105 sklaidym\u0105.<\/li>\n<li><strong>Pu\u0161ies \u017eiev\u0117s ekstraktas:<\/strong> apsaugo ir ramina od\u0105, padeda gerinti odos tekst\u016br\u0105.<\/li>\n<\/ul>","protected":false},"excerpt":{"rendered":"<p>Kruop\u0161\u010diai suderinta trij\u0173 papildan\u010di\u0173 atspalvi\u0173 palet\u0117, suteikianti akims gilumo ir i\u0161rai\u0161kingumo bei leid\u017eianti lengvai sukurti subtilius \u012fvaizd\u017eius. \u0160velni formul\u0117, tinka net jautrioms akims.<\/p>","protected":false},"featured_media":82456,"comment_status":"open","ping_status":"closed","template":"","meta":{"_jf_limit_responses":""},"product_brand":[],"product_cat":[1058,1059],"product_tag":[1419,68],"class_list":{"0":"post-82438","1":"product","2":"type-product","3":"status-publish","4":"has-post-thumbnail","6":"product_cat-eyes","7":"product_cat-makeup","8":"product_tag-eye-shadow","9":"product_tag-purepressed","10":"pa_brand-jane-iredale","12":"first","13":"instock","14":"taxable","15":"shipping-taxable","16":"purchasable","17":"product-type-variable"},"_links":{"self":[{"href":"https:\/\/www.dammos.com\/lt\/wp-json\/wp\/v2\/product\/82438","targetHints":{"allow":["GET"]}}],"collection":[{"href":"https:\/\/www.dammos.com\/lt\/wp-json\/wp\/v2\/product"}],"about":[{"href":"https:\/\/www.dammos.com\/lt\/wp-json\/wp\/v2\/types\/product"}],"replies":[{"embeddable":true,"href":"https:\/\/www.dammos.com\/lt\/wp-json\/wp\/v2\/comments?post=82438"}],"version-history":[{"count":0,"href":"https:\/\/www.dammos.com\/lt\/wp-json\/wp\/v2\/product\/82438\/revisions"}],"wp:featuredmedia":[{"embeddable":true,"href":"https:\/\/www.dammos.com\/lt\/wp-json\/wp\/v2\/media\/82456"}],"wp:attachment":[{"href":"https:\/\/www.dammos.com\/lt\/wp-json\/wp\/v2\/media?parent=82438"}],"wp:term":[{"taxonomy":"product_brand","embeddable":true,"href":"https:\/\/www.dammos.com\/lt\/wp-json\/wp\/v2\/product_brand?post=82438"},{"taxonomy":"product_cat","embeddable":true,"href":"https:\/\/www.dammos.com\/lt\/wp-json\/wp\/v2\/product_cat?post=82438"},{"taxonomy":"product_tag","embeddable":true,"href":"https:\/\/www.dammos.com\/lt\/wp-json\/wp\/v2\/product_tag?post=82438"}],"curies":[{"name":"wp","href":"https:\/\/api.w.org\/{rel}","templated":true}]}}