{"id":82499,"date":"2024-11-07T18:36:38","date_gmt":"2024-11-07T16:36:38","guid":{"rendered":"https:\/\/www.dammos.com\/?post_type=product&#038;p=82499"},"modified":"2024-11-07T19:07:08","modified_gmt":"2024-11-07T17:07:08","slug":"akiu-piestukas","status":"publish","type":"product","link":"https:\/\/www.dammos.com\/lt\/eye-pencil\/","title":{"rendered":"Aki\u0173 pie\u0161tukas"},"content":{"rendered":"<div id=\"Content\">\n<div class=\"boxed\">\n<div id=\"lipsum\">\n<p>Mineralinis aki\u0173 pie\u0161tukas su \u0161velnia formule, kuri lengvai slysta ir netempia jautrios odos. Praturtintas kondicionuojan\u010diais aliejais ir va\u0161kais. Puikiai tinka ne tik akims, bet ir kitiems veido bruo\u017eams pary\u0161kinti.  Naudokite <em>jane iredale<\/em>dro\u017etuk\u0105, kad i\u0161laikytum\u0117te smail\u0173 galiuk\u0105. Kiti dro\u017etukai gali skaldyti medien\u0105.<\/p>\n<div class=\"is-flex is-justify-center\"><\/div>\n<div id=\"ingredients\" class=\"tab-pane active\" role=\"tabpanel\"><\/div>\n<\/div>\n<\/div>\n<\/div>","protected":false},"excerpt":{"rendered":"<p>Pie\u0161tukai tokie \u0161veln\u016bs, kad lengvai slysta oda netempiant jos. Nat\u016bral\u016bs pigmentai suteikia ilgai i\u0161liekan\u010di\u0105 spalv\u0105.<\/p>","protected":false},"featured_media":82310,"comment_status":"open","ping_status":"closed","template":"","meta":{"_jf_limit_responses":""},"product_brand":[],"product_cat":[1058,1059],"product_tag":[1423],"class_list":{"0":"post-82499","1":"product","2":"type-product","3":"status-publish","4":"has-post-thumbnail","6":"product_cat-eyes","7":"product_cat-makeup","8":"product_tag-eye-pencil","9":"pa_brand-jane-iredale","11":"first","12":"instock","13":"taxable","14":"shipping-taxable","15":"purchasable","16":"product-type-variable"},"_links":{"self":[{"href":"https:\/\/www.dammos.com\/lt\/wp-json\/wp\/v2\/product\/82499","targetHints":{"allow":["GET"]}}],"collection":[{"href":"https:\/\/www.dammos.com\/lt\/wp-json\/wp\/v2\/product"}],"about":[{"href":"https:\/\/www.dammos.com\/lt\/wp-json\/wp\/v2\/types\/product"}],"replies":[{"embeddable":true,"href":"https:\/\/www.dammos.com\/lt\/wp-json\/wp\/v2\/comments?post=82499"}],"version-history":[{"count":0,"href":"https:\/\/www.dammos.com\/lt\/wp-json\/wp\/v2\/product\/82499\/revisions"}],"wp:featuredmedia":[{"embeddable":true,"href":"https:\/\/www.dammos.com\/lt\/wp-json\/wp\/v2\/media\/82310"}],"wp:attachment":[{"href":"https:\/\/www.dammos.com\/lt\/wp-json\/wp\/v2\/media?parent=82499"}],"wp:term":[{"taxonomy":"product_brand","embeddable":true,"href":"https:\/\/www.dammos.com\/lt\/wp-json\/wp\/v2\/product_brand?post=82499"},{"taxonomy":"product_cat","embeddable":true,"href":"https:\/\/www.dammos.com\/lt\/wp-json\/wp\/v2\/product_cat?post=82499"},{"taxonomy":"product_tag","embeddable":true,"href":"https:\/\/www.dammos.com\/lt\/wp-json\/wp\/v2\/product_tag?post=82499"}],"curies":[{"name":"wp","href":"https:\/\/api.w.org\/{rel}","templated":true}]}}