{"id":82508,"date":"2024-11-07T18:49:38","date_gmt":"2024-11-07T16:49:38","guid":{"rendered":"https:\/\/www.dammos.com\/?post_type=product&#038;p=82508"},"modified":"2025-03-14T19:59:02","modified_gmt":"2025-03-14T17:59:02","slug":"skystas-akiu-piestukas","status":"publish","type":"product","link":"https:\/\/www.dammos.com\/lt\/liquid-eyeliner\/","title":{"rendered":"Skystas aki\u0173 pravedimas"},"content":{"rendered":"<div id=\"Content\">\n<div class=\"boxed\">\n<div id=\"lipsum\">\n<p><strong>Skystas aki\u0173 pravedimas<\/strong><\/p>\n<ul>\n<li>Stipriai pigmentuotas ir ilgai i\u0161liekantis.<\/li>\n<li>Be latekso.<\/li>\n<li>Eteriniai aliejai maitina od\u0105 ir neleid\u017eia jai i\u0161saus\u0117ti.<\/li>\n<\/ul>\n<\/div>\n<\/div>\n<\/div>","protected":false},"excerpt":{"rendered":"<p>Liquid Eyeliner will amaze you with its saturated color and real staying power &#8211; all without those irritating chemicals.<\/p>","protected":false},"featured_media":82307,"comment_status":"open","ping_status":"closed","template":"","meta":{"_jf_limit_responses":""},"product_brand":[],"product_cat":[1058,1059],"product_tag":[1421],"class_list":{"0":"post-82508","1":"product","2":"type-product","3":"status-publish","4":"has-post-thumbnail","6":"product_cat-eyes","7":"product_cat-makeup","8":"product_tag-eyeliner","9":"pa_brand-jane-iredale","11":"first","12":"instock","13":"taxable","14":"shipping-taxable","15":"purchasable","16":"product-type-variable"},"_links":{"self":[{"href":"https:\/\/www.dammos.com\/lt\/wp-json\/wp\/v2\/product\/82508","targetHints":{"allow":["GET"]}}],"collection":[{"href":"https:\/\/www.dammos.com\/lt\/wp-json\/wp\/v2\/product"}],"about":[{"href":"https:\/\/www.dammos.com\/lt\/wp-json\/wp\/v2\/types\/product"}],"replies":[{"embeddable":true,"href":"https:\/\/www.dammos.com\/lt\/wp-json\/wp\/v2\/comments?post=82508"}],"version-history":[{"count":0,"href":"https:\/\/www.dammos.com\/lt\/wp-json\/wp\/v2\/product\/82508\/revisions"}],"wp:featuredmedia":[{"embeddable":true,"href":"https:\/\/www.dammos.com\/lt\/wp-json\/wp\/v2\/media\/82307"}],"wp:attachment":[{"href":"https:\/\/www.dammos.com\/lt\/wp-json\/wp\/v2\/media?parent=82508"}],"wp:term":[{"taxonomy":"product_brand","embeddable":true,"href":"https:\/\/www.dammos.com\/lt\/wp-json\/wp\/v2\/product_brand?post=82508"},{"taxonomy":"product_cat","embeddable":true,"href":"https:\/\/www.dammos.com\/lt\/wp-json\/wp\/v2\/product_cat?post=82508"},{"taxonomy":"product_tag","embeddable":true,"href":"https:\/\/www.dammos.com\/lt\/wp-json\/wp\/v2\/product_tag?post=82508"}],"curies":[{"name":"wp","href":"https:\/\/api.w.org\/{rel}","templated":true}]}}