{"id":82538,"date":"2024-11-07T20:44:47","date_gmt":"2024-11-07T18:44:47","guid":{"rendered":"https:\/\/www.dammos.com\/?post_type=product&#038;p=82538"},"modified":"2025-01-31T01:58:43","modified_gmt":"2025-01-30T23:58:43","slug":"stebuklinga-pirstine","status":"publish","type":"product","link":"https:\/\/www.dammos.com\/lt\/magic-mitt\/","title":{"rendered":"Magic Mitt valymo pir\u0161tin\u0117"},"content":{"rendered":"<div id=\"Content\">\n<div class=\"boxed\">\n<div id=\"lipsum\">\n<p><strong>Magic Mitt valymo pir\u0161tin\u0117<\/strong><\/p>\n<ul>\n<li>Mikropluo\u0161to \u0161luost\u0117, kuri greitai pa\u0161alina makia\u017e\u0105 naudojant tik vanden\u012f.<\/li>\n<li>Ideali kaip smulki dovana.<\/li>\n<li>Pagaminta i\u0161 specialiai megzt\u0173 mikropluo\u0161t\u0173, kurie yra daug kart\u0173 plonesni u\u017e \u017emogaus plauk\u0105.<\/li>\n<li>Geba prasiskverbti pro aliejus, kurie suri\u0161a makia\u017e\u0105 su oda, tuo pa\u010diu \u0161velniai \u0161vei\u010dia od\u0105.<\/li>\n<li>Naudojant \u0161ilt\u0105 vanden\u012f mikropluo\u0161tai paver\u010dia makia\u017e\u0105 emulsija, kuri lengvai pa\u0161alinama.<\/li>\n<li>Skatina odos sveikat\u0105, nes nepa\u017eeid\u017eia r\u016bg\u0161tin\u0117s mantijos.<\/li>\n<li>Nepaliesta r\u016bg\u0161tin\u0117 mantija padeda odai apsisaugoti nuo kenksming\u0173 bakterij\u0173.<\/li>\n<\/ul>\n<\/div>\n<\/div>\n<\/div>","protected":false},"excerpt":{"rendered":"<p>Megztas mikropluo\u0161to audinys \u0161velniai pa\u0161alina makia\u017e\u0105 ir valo od\u0105, naudojant tik vanden\u012f.<\/p>","protected":false},"featured_media":82540,"comment_status":"open","ping_status":"closed","template":"","meta":{"_jf_limit_responses":""},"product_brand":[],"product_cat":[1067],"product_tag":[1425],"class_list":{"0":"post-82538","1":"product","2":"type-product","3":"status-publish","4":"has-post-thumbnail","6":"product_cat-tools_accessories","7":"product_tag-magic-mitt","8":"pa_brand-jane-iredale","10":"first","11":"instock","12":"taxable","13":"shipping-taxable","14":"purchasable","15":"product-type-simple"},"_links":{"self":[{"href":"https:\/\/www.dammos.com\/lt\/wp-json\/wp\/v2\/product\/82538","targetHints":{"allow":["GET"]}}],"collection":[{"href":"https:\/\/www.dammos.com\/lt\/wp-json\/wp\/v2\/product"}],"about":[{"href":"https:\/\/www.dammos.com\/lt\/wp-json\/wp\/v2\/types\/product"}],"replies":[{"embeddable":true,"href":"https:\/\/www.dammos.com\/lt\/wp-json\/wp\/v2\/comments?post=82538"}],"version-history":[{"count":0,"href":"https:\/\/www.dammos.com\/lt\/wp-json\/wp\/v2\/product\/82538\/revisions"}],"wp:featuredmedia":[{"embeddable":true,"href":"https:\/\/www.dammos.com\/lt\/wp-json\/wp\/v2\/media\/82540"}],"wp:attachment":[{"href":"https:\/\/www.dammos.com\/lt\/wp-json\/wp\/v2\/media?parent=82538"}],"wp:term":[{"taxonomy":"product_brand","embeddable":true,"href":"https:\/\/www.dammos.com\/lt\/wp-json\/wp\/v2\/product_brand?post=82538"},{"taxonomy":"product_cat","embeddable":true,"href":"https:\/\/www.dammos.com\/lt\/wp-json\/wp\/v2\/product_cat?post=82538"},{"taxonomy":"product_tag","embeddable":true,"href":"https:\/\/www.dammos.com\/lt\/wp-json\/wp\/v2\/product_tag?post=82538"}],"curies":[{"name":"wp","href":"https:\/\/api.w.org\/{rel}","templated":true}]}}