{"id":82551,"date":"2024-11-07T20:55:57","date_gmt":"2024-11-07T18:55:57","guid":{"rendered":"https:\/\/www.dammos.com\/?post_type=product&#038;p=82551"},"modified":"2026-02-13T16:30:41","modified_gmt":"2026-02-13T14:30:41","slug":"handi-sepetelis","status":"publish","type":"product","link":"https:\/\/www.dammos.com\/lt\/the-handi-brush\/","title":{"rendered":"Presuotos pudros teptukas The Handi"},"content":{"rendered":"<div id=\"Content\">\n<div class=\"boxed\">\n<div id=\"lipsum\">\n<p><strong>Presuotos pudros teptukas The Handi<\/strong><\/p>\n<ul>\n<li>Apvalus \u0161epet\u0117lis plok\u0161\u010diu vir\u0161umi tolygiai u\u017etepa pudr\u0105.<\/li>\n<li>Lankst\u016bs, pusiau tank\u016bs \u0161ereliai i\u0161plauna ir padengia od\u0105, tod\u0117l ji ma\u017eiau b\u0117ga.<\/li>\n<li>Trumpa rankena u\u017etikrina maksimal\u0173 valdym\u0105.<\/li>\n<li>Prabangiai mink\u0161ti, vegani\u0161ki ir visada be \u017eiauraus elgesio.<\/li>\n<li>Ypa\u010d gerai tinka su \"PurePressed Base\" mineraliniu pagrindu.<\/li>\n<\/ul>\n<\/div>\n<\/div>\n<\/div>","protected":false},"excerpt":{"rendered":"<div class=\"description content has-padding-top\">\n<p>Vidutinio intensyvumo veido odos \u0161epet\u0117lis plok\u0161\u010diu vir\u0161umi ir trumpa ranken\u0117le, skirtas tolygiai tepti ir mai\u0161yti pudr\u0105.<\/p>\n<\/div>","protected":false},"featured_media":93147,"comment_status":"open","ping_status":"closed","template":"","meta":{"_jf_limit_responses":""},"product_brand":[],"product_cat":[1067],"product_tag":[1429,1427],"class_list":{"0":"post-82551","1":"product","2":"type-product","3":"status-publish","4":"has-post-thumbnail","6":"product_cat-tools_accessories","7":"product_tag-powder-brush","8":"product_tag-the-handi-brush","9":"pa_brand-jane-iredale","11":"first","12":"instock","13":"taxable","14":"shipping-taxable","15":"purchasable","16":"product-type-simple"},"_links":{"self":[{"href":"https:\/\/www.dammos.com\/lt\/wp-json\/wp\/v2\/product\/82551","targetHints":{"allow":["GET"]}}],"collection":[{"href":"https:\/\/www.dammos.com\/lt\/wp-json\/wp\/v2\/product"}],"about":[{"href":"https:\/\/www.dammos.com\/lt\/wp-json\/wp\/v2\/types\/product"}],"replies":[{"embeddable":true,"href":"https:\/\/www.dammos.com\/lt\/wp-json\/wp\/v2\/comments?post=82551"}],"version-history":[{"count":2,"href":"https:\/\/www.dammos.com\/lt\/wp-json\/wp\/v2\/product\/82551\/revisions"}],"predecessor-version":[{"id":93146,"href":"https:\/\/www.dammos.com\/lt\/wp-json\/wp\/v2\/product\/82551\/revisions\/93146"}],"wp:featuredmedia":[{"embeddable":true,"href":"https:\/\/www.dammos.com\/lt\/wp-json\/wp\/v2\/media\/93147"}],"wp:attachment":[{"href":"https:\/\/www.dammos.com\/lt\/wp-json\/wp\/v2\/media?parent=82551"}],"wp:term":[{"taxonomy":"product_brand","embeddable":true,"href":"https:\/\/www.dammos.com\/lt\/wp-json\/wp\/v2\/product_brand?post=82551"},{"taxonomy":"product_cat","embeddable":true,"href":"https:\/\/www.dammos.com\/lt\/wp-json\/wp\/v2\/product_cat?post=82551"},{"taxonomy":"product_tag","embeddable":true,"href":"https:\/\/www.dammos.com\/lt\/wp-json\/wp\/v2\/product_tag?post=82551"}],"curies":[{"name":"wp","href":"https:\/\/api.w.org\/{rel}","templated":true}]}}