{"id":82556,"date":"2024-11-07T21:08:23","date_gmt":"2024-11-07T19:08:23","guid":{"rendered":"https:\/\/www.dammos.com\/?post_type=product&#038;p=82556"},"modified":"2026-02-13T16:52:58","modified_gmt":"2026-02-13T14:52:58","slug":"veido-odos-pudros-sepetelis","status":"publish","type":"product","link":"https:\/\/www.dammos.com\/lt\/powder-complexion-brush\/","title":{"rendered":"Komplekso pudros \u0161epet\u0117lis"},"content":{"rendered":"<div id=\"Content\">\n<div class=\"boxed\">\n<div id=\"lipsum\">\n<p><strong>Komplekso pudros \u0161epet\u0117lis<\/strong><\/p>\n<ul>\n<li>Purus \u0161epet\u0117lis su smail\u0117jan\u010diu galiuku leid\u017eia kontroliuoti tepimo proces\u0105 ir paskirstym\u0105.<\/li>\n<li>Ilgi, pusiau laisvi \u0161ereliai pl\u016bduriuoja vir\u0161 odos ir i\u0161sklaido j\u0105, kad ji atrodyt\u0173 \u0161velniai i\u0161ry\u0161kinta.<\/li>\n<li>Prabangiai mink\u0161ti, vegani\u0161ki ir visada be \u017eiauraus elgesio.<\/li>\n<li>Ypa\u010d gerai tinka su \"Amazing Base\" biria mineraline pudra ir \"PureMatte Finish\" pudra.<\/li>\n<li>Taip pat gali b\u016bti naudojamas \"PureBronze Matte Bronzer\" bronzantui tepti ir mai\u0161yti.<\/li>\n<\/ul>\n<\/div>\n<\/div>\n<\/div>","protected":false},"excerpt":{"rendered":"<div class=\"description content has-padding-top\">\n<div class=\"description content has-padding-top\">\n<p>Didelis, purus veido odos \u0161epet\u0117lis su siaur\u0117jan\u010diais \u0161ereliais, skirtas pudrai tepti ir i\u0161sklaidyti.<\/p>\n<\/div>\n<\/div>","protected":false},"featured_media":93154,"comment_status":"open","ping_status":"closed","template":"","meta":{"_jf_limit_responses":""},"product_brand":[],"product_cat":[1067],"product_tag":[1429],"class_list":{"0":"post-82556","1":"product","2":"type-product","3":"status-publish","4":"has-post-thumbnail","6":"product_cat-tools_accessories","7":"product_tag-powder-brush","8":"pa_brand-jane-iredale","10":"first","11":"instock","12":"taxable","13":"shipping-taxable","14":"purchasable","15":"product-type-simple"},"_links":{"self":[{"href":"https:\/\/www.dammos.com\/lt\/wp-json\/wp\/v2\/product\/82556","targetHints":{"allow":["GET"]}}],"collection":[{"href":"https:\/\/www.dammos.com\/lt\/wp-json\/wp\/v2\/product"}],"about":[{"href":"https:\/\/www.dammos.com\/lt\/wp-json\/wp\/v2\/types\/product"}],"replies":[{"embeddable":true,"href":"https:\/\/www.dammos.com\/lt\/wp-json\/wp\/v2\/comments?post=82556"}],"version-history":[{"count":3,"href":"https:\/\/www.dammos.com\/lt\/wp-json\/wp\/v2\/product\/82556\/revisions"}],"predecessor-version":[{"id":93157,"href":"https:\/\/www.dammos.com\/lt\/wp-json\/wp\/v2\/product\/82556\/revisions\/93157"}],"wp:featuredmedia":[{"embeddable":true,"href":"https:\/\/www.dammos.com\/lt\/wp-json\/wp\/v2\/media\/93154"}],"wp:attachment":[{"href":"https:\/\/www.dammos.com\/lt\/wp-json\/wp\/v2\/media?parent=82556"}],"wp:term":[{"taxonomy":"product_brand","embeddable":true,"href":"https:\/\/www.dammos.com\/lt\/wp-json\/wp\/v2\/product_brand?post=82556"},{"taxonomy":"product_cat","embeddable":true,"href":"https:\/\/www.dammos.com\/lt\/wp-json\/wp\/v2\/product_cat?post=82556"},{"taxonomy":"product_tag","embeddable":true,"href":"https:\/\/www.dammos.com\/lt\/wp-json\/wp\/v2\/product_tag?post=82556"}],"curies":[{"name":"wp","href":"https:\/\/api.w.org\/{rel}","templated":true}]}}