{"id":82560,"date":"2024-11-07T21:29:02","date_gmt":"2024-11-07T19:29:02","guid":{"rendered":"https:\/\/www.dammos.com\/?post_type=product&#038;p=82560"},"modified":"2026-02-13T16:36:49","modified_gmt":"2026-02-13T14:36:49","slug":"daugkartinis-maisymo-sepetelis","status":"publish","type":"product","link":"https:\/\/www.dammos.com\/lt\/multiuse-blending-brush\/","title":{"rendered":"Daugkartinis mai\u0161ymo \u0161epet\u0117lis"},"content":{"rendered":"<div id=\"Content\">\n<div class=\"boxed\">\n<div id=\"lipsum\">\n<p><strong>Daugkartinis mai\u0161ymo \u0161epet\u0117lis<\/strong><\/p>\n<ul>\n<li>Unikalus nuo\u017eulnus \u0161epet\u0117lis skland\u017eiai susilieja, kad b\u016bt\u0173 \u0161velnus, \"airbrushed\" efektas.<\/li>\n<li>Tankus pagrindas idealiai tinka tepti ir poliruoti.<\/li>\n<li>Pur\u016bs ir lankst\u016bs galiukai puikiai tinka tekst\u016broms mai\u0161yti ir sluoksniuoti.<\/li>\n<li>Prabangiai mink\u0161ti, vegani\u0161ki ir visada be \u017eiauraus elgesio.<\/li>\n<li>Ypa\u010d gerai tinka su \"Skintuition SPF 30 Radiance-Boosting Liquid Foundation\", <a href=\"https:\/\/www.dammos.com\/lt\/beyond-matte-skystas-makiazo-pagrindas\/\">Beyond Matte skystasis makia\u017eo pagrindas<\/a> ir <a href=\"https:\/\/www.dammos.com\/lt\/glow-time-skaistalu-lazdele\/\">Glow Time pie\u0161tukiniai skaistalai<\/a>.<\/li>\n<li>Taip pat gali b\u016bti naudojamas \"PureBronze Matte Bronzer\" bronzantui tepti ir mai\u0161yti.<\/li>\n<\/ul>\n<\/div>\n<\/div>\n<\/div>","protected":false},"excerpt":{"rendered":"<div class=\"description content has-padding-top\">\n<div class=\"description content has-padding-top\">\n<div class=\"description content has-padding-top\">\n<p>Didelis, universalus \u0161epet\u0117lis su diferencijuotais \u0161ereliais, skirtas skland\u017eiai tepti kremus, skys\u010dius ir pudras.<\/p>\n<\/div>\n<\/div>\n<\/div>","protected":false},"featured_media":93151,"comment_status":"open","ping_status":"closed","template":"","meta":{"_jf_limit_responses":""},"product_brand":[],"product_cat":[1067],"product_tag":[1116],"class_list":{"0":"post-82560","1":"product","2":"type-product","3":"status-publish","4":"has-post-thumbnail","6":"product_cat-tools_accessories","7":"product_tag-blending-brush","8":"pa_brand-jane-iredale","10":"first","11":"instock","12":"taxable","13":"shipping-taxable","14":"purchasable","15":"product-type-simple"},"_links":{"self":[{"href":"https:\/\/www.dammos.com\/lt\/wp-json\/wp\/v2\/product\/82560","targetHints":{"allow":["GET"]}}],"collection":[{"href":"https:\/\/www.dammos.com\/lt\/wp-json\/wp\/v2\/product"}],"about":[{"href":"https:\/\/www.dammos.com\/lt\/wp-json\/wp\/v2\/types\/product"}],"replies":[{"embeddable":true,"href":"https:\/\/www.dammos.com\/lt\/wp-json\/wp\/v2\/comments?post=82560"}],"version-history":[{"count":3,"href":"https:\/\/www.dammos.com\/lt\/wp-json\/wp\/v2\/product\/82560\/revisions"}],"predecessor-version":[{"id":93153,"href":"https:\/\/www.dammos.com\/lt\/wp-json\/wp\/v2\/product\/82560\/revisions\/93153"}],"wp:featuredmedia":[{"embeddable":true,"href":"https:\/\/www.dammos.com\/lt\/wp-json\/wp\/v2\/media\/93151"}],"wp:attachment":[{"href":"https:\/\/www.dammos.com\/lt\/wp-json\/wp\/v2\/media?parent=82560"}],"wp:term":[{"taxonomy":"product_brand","embeddable":true,"href":"https:\/\/www.dammos.com\/lt\/wp-json\/wp\/v2\/product_brand?post=82560"},{"taxonomy":"product_cat","embeddable":true,"href":"https:\/\/www.dammos.com\/lt\/wp-json\/wp\/v2\/product_cat?post=82560"},{"taxonomy":"product_tag","embeddable":true,"href":"https:\/\/www.dammos.com\/lt\/wp-json\/wp\/v2\/product_tag?post=82560"}],"curies":[{"name":"wp","href":"https:\/\/api.w.org\/{rel}","templated":true}]}}