{"id":82566,"date":"2024-11-07T22:58:47","date_gmt":"2024-11-07T20:58:47","guid":{"rendered":"https:\/\/www.dammos.com\/?post_type=product&#038;p=82566"},"modified":"2026-02-12T20:25:10","modified_gmt":"2026-02-12T18:25:10","slug":"rauksliu-uzrietimo-sepetelis","status":"publish","type":"product","link":"https:\/\/www.dammos.com\/lt\/crease-brush\/","title":{"rendered":"Aki\u0173 \u0161e\u0161\u0117li\u0173 teptukas Crease"},"content":{"rendered":"<div id=\"Content\">\n<div class=\"boxed\">\n<div id=\"lipsum\">\n<p>Aki\u0173 \u0161e\u0161\u0117li\u0173 teptukas Crease<\/p>\n<ul>\n<li>Apvalus \u0161epet\u0117lis su smail\u0117jan\u010diu galiuku u\u017etikrina kontroliuojam\u0105 surinkim\u0105 ir tikslum\u0105.<\/li>\n<li>Mink\u0161tas ta\u0161kas susilieja nepalikdamas kiet\u0173 kra\u0161t\u0173, kad b\u016bt\u0173 \u0161velniai i\u0161sklaidytas gylis ir dimensija.<\/li>\n<li>Prabangiai mink\u0161ti, vegani\u0161ki ir visada be \u017eiauraus elgesio.<\/li>\n<li>Ypa\u010d gerai tinka su \"PurePressed\" aki\u0173 \u0161e\u0161\u0117liais ir \"Active Light\" maskuokliu po akimis.<\/li>\n<li>Taip pat gali b\u016bti naudojamas \"PureMatch\" skystam maskuokliui tepti ir u\u017etepti.<\/li>\n<\/ul>\n<\/div>\n<\/div>\n<\/div>","protected":false},"excerpt":{"rendered":"<div class=\"description content has-padding-top\">\n<div class=\"description content has-padding-top\">\n<div class=\"description content has-padding-top\">\n<div class=\"description content has-padding-top\">\n<div class=\"description content has-padding-top\">\n<p>Ma\u017eas, smail\u0117jantis daugiafunkcis \u0161epet\u0117lis, skirtas aki\u0173 pudros priemon\u0117ms bei skystoms ir kremin\u0117ms veido odos priemon\u0117ms tepti.<\/p>\n<\/div>\n<\/div>\n<\/div>\n<\/div>\n<\/div>","protected":false},"featured_media":93139,"comment_status":"open","ping_status":"closed","template":"","meta":{"_jf_limit_responses":""},"product_brand":[],"product_cat":[1067],"product_tag":[1116,1437],"class_list":{"0":"post-82566","1":"product","2":"type-product","3":"status-publish","4":"has-post-thumbnail","6":"product_cat-tools_accessories","7":"product_tag-blending-brush","8":"product_tag-eye-shadow-brush","9":"product_shipping_class-standard","10":"pa_brand-jane-iredale","12":"first","13":"instock","14":"taxable","15":"shipping-taxable","16":"purchasable","17":"product-type-simple"},"_links":{"self":[{"href":"https:\/\/www.dammos.com\/lt\/wp-json\/wp\/v2\/product\/82566","targetHints":{"allow":["GET"]}}],"collection":[{"href":"https:\/\/www.dammos.com\/lt\/wp-json\/wp\/v2\/product"}],"about":[{"href":"https:\/\/www.dammos.com\/lt\/wp-json\/wp\/v2\/types\/product"}],"replies":[{"embeddable":true,"href":"https:\/\/www.dammos.com\/lt\/wp-json\/wp\/v2\/comments?post=82566"}],"version-history":[{"count":4,"href":"https:\/\/www.dammos.com\/lt\/wp-json\/wp\/v2\/product\/82566\/revisions"}],"predecessor-version":[{"id":93140,"href":"https:\/\/www.dammos.com\/lt\/wp-json\/wp\/v2\/product\/82566\/revisions\/93140"}],"wp:featuredmedia":[{"embeddable":true,"href":"https:\/\/www.dammos.com\/lt\/wp-json\/wp\/v2\/media\/93139"}],"wp:attachment":[{"href":"https:\/\/www.dammos.com\/lt\/wp-json\/wp\/v2\/media?parent=82566"}],"wp:term":[{"taxonomy":"product_brand","embeddable":true,"href":"https:\/\/www.dammos.com\/lt\/wp-json\/wp\/v2\/product_brand?post=82566"},{"taxonomy":"product_cat","embeddable":true,"href":"https:\/\/www.dammos.com\/lt\/wp-json\/wp\/v2\/product_cat?post=82566"},{"taxonomy":"product_tag","embeddable":true,"href":"https:\/\/www.dammos.com\/lt\/wp-json\/wp\/v2\/product_tag?post=82566"}],"curies":[{"name":"wp","href":"https:\/\/api.w.org\/{rel}","templated":true}]}}